{"id":1167,"date":"2020-04-23T15:28:42","date_gmt":"2020-04-23T15:28:42","guid":{"rendered":"http:\/\/buceogalatea.com\/buceo\/?page_id=1167"},"modified":"2020-11-12T21:35:45","modified_gmt":"2020-11-12T19:35:45","slug":"inmersiones-al-norte","status":"publish","type":"page","link":"https:\/\/buceogalatea.com\/buceo\/inmersiones-al-norte\/","title":{"rendered":"INMERSIONES AL NORTE"},"content":{"rendered":"\n<div class=\"wp-block-image\"><figure class=\"aligncenter size-large is-resized\"><img loading=\"lazy\" decoding=\"async\" src=\"http:\/\/buceogalatea.com\/buceo\/wp-content\/uploads\/2020\/04\/AL-NORTE.jpg\" alt=\"\" class=\"wp-image-1168\" width=\"960\" height=\"466\" srcset=\"https:\/\/buceogalatea.com\/buceo\/wp-content\/uploads\/2020\/04\/AL-NORTE.jpg 1280w, https:\/\/buceogalatea.com\/buceo\/wp-content\/uploads\/2020\/04\/AL-NORTE-300x146.jpg 300w, https:\/\/buceogalatea.com\/buceo\/wp-content\/uploads\/2020\/04\/AL-NORTE-768x373.jpg 768w\" sizes=\"(max-width: 960px) 100vw, 960px\" \/><\/figure><\/div>\n\n\n\n<h2 class=\"wp-block-heading\">Zona de m\u00faltiples inmersiones denominadas as\u00ed , porque todas ellas est\u00e1n fuera de la linea de costa de Suances. Zona de gran extension que abarca toda la longitud de costa de Suances y Miengo.<\/h2>\n\n\n\n<h2 class=\"wp-block-heading\">Diferentes inmersiones , con distinta variedad de vida animal y vegetal , distinta orograf\u00cda que van desde los 15 metros de profundidad hasta los 50 metros de profundidad . <\/h2>\n\n\n\n<h2 class=\"wp-block-heading\">Entre otros podemos encontrar Langostas , Congrios , Morenas , Cent\u00f3llos &#8230;<\/h2>\n\n\n\n<h2 class=\"wp-block-heading\">Zona habitual de corrientes . <\/h2>\n\n\n\n<h2 class=\"wp-block-heading\">Con una visibilidad muy variable dependiendo de las condiciones . Puede tener desde una visibilidad perfecta de 40m y ver el fondo ,  hasta tener que atravesar durante el descenso varias capas de agua con distinta visibilidad hasta llegar a la capa de agua del fondo encontrando total visibilidad pero con total oscuridad en mitad del medio dia a pleno sol. Se recomienda llevar iluminaci\u00f3n , suele hacer falta en la mayor\u00eda de las ocasiones.<\/h2>\n\n\n\n<h2 class=\"wp-block-heading\">Inmersiones con cabo guia desde el ancla , al igual que en las inmersiones en la zona de entre puntas.<\/h2>\n\n\n\n<h2 class=\"wp-block-heading\">Inmersiones para buceadores de nivel avanzado<\/h2>\n\n\n\n<div style=\"height:100px\" aria-hidden=\"true\" class=\"wp-block-spacer\"><\/div>\n\n\n\n<div class=\"wp-block-image\"><figure class=\"aligncenter size-large is-resized\"><a href=\"http:\/\/buceogalatea.com\/buceo\/galeria-de-fotos-al-norte\/\"><img loading=\"lazy\" decoding=\"async\" src=\"http:\/\/buceogalatea.com\/buceo\/wp-content\/uploads\/2020\/04\/BOTON-GALERIA-MULTIMEDIA-1.jpg\" alt=\"\" class=\"wp-image-1664\" width=\"600\" height=\"225\" srcset=\"https:\/\/buceogalatea.com\/buceo\/wp-content\/uploads\/2020\/04\/BOTON-GALERIA-MULTIMEDIA-1.jpg 800w, https:\/\/buceogalatea.com\/buceo\/wp-content\/uploads\/2020\/04\/BOTON-GALERIA-MULTIMEDIA-1-300x113.jpg 300w, https:\/\/buceogalatea.com\/buceo\/wp-content\/uploads\/2020\/04\/BOTON-GALERIA-MULTIMEDIA-1-768x288.jpg 768w\" sizes=\"(max-width: 600px) 100vw, 600px\" \/><\/a><\/figure><\/div>\n\n\n\n<div style=\"height:100px\" aria-hidden=\"true\" class=\"wp-block-spacer\"><\/div>\n\n\n\n<h1 class=\"has-text-align-center wp-block-heading\">NIVEL:<\/h1>\n\n\n\n<h1 class=\"has-text-align-center wp-block-heading\">Titulaci\u00f3n Advanced<\/h1>\n\n\n\n<h1 class=\"has-text-align-center wp-block-heading\">Buceador 2 Estrellas Fedas-CMAS<\/h1>\n\n\n\n<h1 class=\"has-text-align-center wp-block-heading\">Dem\u00e1s titulaciones con su correspondiente seguro.<\/h1>\n\n\n\n<div style=\"height:100px\" aria-hidden=\"true\" class=\"wp-block-spacer\"><\/div>\n\n\n\n<figure class=\"wp-block-embed-youtube aligncenter wp-block-embed is-type-video is-provider-youtube wp-embed-aspect-16-9 wp-has-aspect-ratio\"><div class=\"wp-block-embed__wrapper\">\n<iframe loading=\"lazy\" title=\"INMERSION AL NORTE (22-4-2019) - CLUB BUCEO GALATEA (SUANCES)\" width=\"750\" height=\"422\" src=\"https:\/\/www.youtube.com\/embed\/M-yX2YHi6zk?feature=oembed\" frameborder=\"0\" allow=\"accelerometer; autoplay; clipboard-write; encrypted-media; gyroscope; picture-in-picture\" allowfullscreen><\/iframe>\n<\/div><\/figure>\n\n\n\n<div style=\"height:100px\" aria-hidden=\"true\" class=\"wp-block-spacer\"><\/div>\n\n\n\n<div class=\"wp-block-image\"><figure class=\"aligncenter size-large is-resized\"><a href=\"http:\/\/buceogalatea.com\/buceo\/contacto\/\"><img loading=\"lazy\" decoding=\"async\" src=\"http:\/\/buceogalatea.com\/buceo\/wp-content\/uploads\/2020\/04\/BOTON-CONTACTO.jpg\" alt=\"\" class=\"wp-image-1565\" width=\"600\" height=\"225\" srcset=\"https:\/\/buceogalatea.com\/buceo\/wp-content\/uploads\/2020\/04\/BOTON-CONTACTO.jpg 800w, https:\/\/buceogalatea.com\/buceo\/wp-content\/uploads\/2020\/04\/BOTON-CONTACTO-300x113.jpg 300w, https:\/\/buceogalatea.com\/buceo\/wp-content\/uploads\/2020\/04\/BOTON-CONTACTO-768x288.jpg 768w\" sizes=\"(max-width: 600px) 100vw, 600px\" \/><\/a><\/figure><\/div>\n\n\n\n<div style=\"height:100px\" aria-hidden=\"true\" class=\"wp-block-spacer\"><\/div>\n\n\n\n<figure class=\"wp-block-gallery aligncenter columns-2 is-cropped wp-block-gallery-1 is-layout-flex wp-block-gallery-is-layout-flex\"><ul class=\"blocks-gallery-grid\"><li class=\"blocks-gallery-item\"><figure><a href=\"http:\/\/buceogalatea.com\/buceo\/wp-content\/uploads\/2020\/04\/1-9.jpg\"><img loading=\"lazy\" decoding=\"async\" width=\"1000\" height=\"750\" src=\"http:\/\/buceogalatea.com\/buceo\/wp-content\/uploads\/2020\/04\/1-9.jpg\" alt=\"\" data-id=\"1171\" data-full-url=\"http:\/\/buceogalatea.com\/buceo\/wp-content\/uploads\/2020\/04\/1-9.jpg\" data-link=\"http:\/\/buceogalatea.com\/buceo\/?attachment_id=1171\" class=\"wp-image-1171\" srcset=\"https:\/\/buceogalatea.com\/buceo\/wp-content\/uploads\/2020\/04\/1-9.jpg 1000w, https:\/\/buceogalatea.com\/buceo\/wp-content\/uploads\/2020\/04\/1-9-300x225.jpg 300w, https:\/\/buceogalatea.com\/buceo\/wp-content\/uploads\/2020\/04\/1-9-768x576.jpg 768w\" sizes=\"(max-width: 1000px) 100vw, 1000px\" \/><\/a><\/figure><\/li><li class=\"blocks-gallery-item\"><figure><a href=\"http:\/\/buceogalatea.com\/buceo\/wp-content\/uploads\/2020\/04\/3-9.jpg\"><img loading=\"lazy\" decoding=\"async\" width=\"1000\" height=\"750\" src=\"http:\/\/buceogalatea.com\/buceo\/wp-content\/uploads\/2020\/04\/3-9.jpg\" alt=\"\" data-id=\"1173\" data-full-url=\"http:\/\/buceogalatea.com\/buceo\/wp-content\/uploads\/2020\/04\/3-9.jpg\" data-link=\"http:\/\/buceogalatea.com\/buceo\/?attachment_id=1173\" class=\"wp-image-1173\" srcset=\"https:\/\/buceogalatea.com\/buceo\/wp-content\/uploads\/2020\/04\/3-9.jpg 1000w, https:\/\/buceogalatea.com\/buceo\/wp-content\/uploads\/2020\/04\/3-9-300x225.jpg 300w, https:\/\/buceogalatea.com\/buceo\/wp-content\/uploads\/2020\/04\/3-9-768x576.jpg 768w\" sizes=\"(max-width: 1000px) 100vw, 1000px\" \/><\/a><\/figure><\/li><li class=\"blocks-gallery-item\"><figure><a href=\"http:\/\/buceogalatea.com\/buceo\/wp-content\/uploads\/2020\/04\/4-9.jpg\"><img loading=\"lazy\" decoding=\"async\" width=\"1268\" height=\"713\" src=\"http:\/\/buceogalatea.com\/buceo\/wp-content\/uploads\/2020\/04\/4-9.jpg\" alt=\"\" data-id=\"1174\" data-full-url=\"http:\/\/buceogalatea.com\/buceo\/wp-content\/uploads\/2020\/04\/4-9.jpg\" data-link=\"http:\/\/buceogalatea.com\/buceo\/?attachment_id=1174\" class=\"wp-image-1174\" srcset=\"https:\/\/buceogalatea.com\/buceo\/wp-content\/uploads\/2020\/04\/4-9.jpg 1268w, https:\/\/buceogalatea.com\/buceo\/wp-content\/uploads\/2020\/04\/4-9-300x169.jpg 300w, https:\/\/buceogalatea.com\/buceo\/wp-content\/uploads\/2020\/04\/4-9-768x432.jpg 768w\" sizes=\"(max-width: 1268px) 100vw, 1268px\" \/><\/a><\/figure><\/li><li class=\"blocks-gallery-item\"><figure><a href=\"http:\/\/buceogalatea.com\/buceo\/wp-content\/uploads\/2020\/04\/5-9.jpg\"><img loading=\"lazy\" decoding=\"async\" width=\"1268\" height=\"713\" src=\"http:\/\/buceogalatea.com\/buceo\/wp-content\/uploads\/2020\/04\/5-9.jpg\" alt=\"\" data-id=\"1175\" data-full-url=\"http:\/\/buceogalatea.com\/buceo\/wp-content\/uploads\/2020\/04\/5-9.jpg\" data-link=\"http:\/\/buceogalatea.com\/buceo\/?attachment_id=1175\" class=\"wp-image-1175\" srcset=\"https:\/\/buceogalatea.com\/buceo\/wp-content\/uploads\/2020\/04\/5-9.jpg 1268w, https:\/\/buceogalatea.com\/buceo\/wp-content\/uploads\/2020\/04\/5-9-300x169.jpg 300w, https:\/\/buceogalatea.com\/buceo\/wp-content\/uploads\/2020\/04\/5-9-768x432.jpg 768w\" sizes=\"(max-width: 1268px) 100vw, 1268px\" \/><\/a><\/figure><\/li><li class=\"blocks-gallery-item\"><figure><a href=\"http:\/\/buceogalatea.com\/buceo\/wp-content\/uploads\/2020\/04\/7-9.jpg\"><img loading=\"lazy\" decoding=\"async\" width=\"848\" height=\"480\" src=\"http:\/\/buceogalatea.com\/buceo\/wp-content\/uploads\/2020\/04\/7-9.jpg\" alt=\"\" data-id=\"1177\" data-full-url=\"http:\/\/buceogalatea.com\/buceo\/wp-content\/uploads\/2020\/04\/7-9.jpg\" data-link=\"http:\/\/buceogalatea.com\/buceo\/?attachment_id=1177\" class=\"wp-image-1177\" srcset=\"https:\/\/buceogalatea.com\/buceo\/wp-content\/uploads\/2020\/04\/7-9.jpg 848w, https:\/\/buceogalatea.com\/buceo\/wp-content\/uploads\/2020\/04\/7-9-300x170.jpg 300w, https:\/\/buceogalatea.com\/buceo\/wp-content\/uploads\/2020\/04\/7-9-768x435.jpg 768w\" sizes=\"(max-width: 848px) 100vw, 848px\" \/><\/a><\/figure><\/li><li class=\"blocks-gallery-item\"><figure><a href=\"http:\/\/buceogalatea.com\/buceo\/wp-content\/uploads\/2020\/04\/8-7.jpg\"><img loading=\"lazy\" decoding=\"async\" width=\"848\" height=\"480\" src=\"http:\/\/buceogalatea.com\/buceo\/wp-content\/uploads\/2020\/04\/8-7.jpg\" alt=\"\" data-id=\"1178\" data-full-url=\"http:\/\/buceogalatea.com\/buceo\/wp-content\/uploads\/2020\/04\/8-7.jpg\" data-link=\"http:\/\/buceogalatea.com\/buceo\/?attachment_id=1178\" class=\"wp-image-1178\" srcset=\"https:\/\/buceogalatea.com\/buceo\/wp-content\/uploads\/2020\/04\/8-7.jpg 848w, https:\/\/buceogalatea.com\/buceo\/wp-content\/uploads\/2020\/04\/8-7-300x170.jpg 300w, https:\/\/buceogalatea.com\/buceo\/wp-content\/uploads\/2020\/04\/8-7-768x435.jpg 768w\" sizes=\"(max-width: 848px) 100vw, 848px\" \/><\/a><\/figure><\/li><li class=\"blocks-gallery-item\"><figure><a href=\"http:\/\/buceogalatea.com\/buceo\/wp-content\/uploads\/2020\/04\/9-7.jpg\"><img loading=\"lazy\" decoding=\"async\" width=\"1268\" height=\"713\" src=\"http:\/\/buceogalatea.com\/buceo\/wp-content\/uploads\/2020\/04\/9-7.jpg\" alt=\"\" data-id=\"1179\" data-full-url=\"http:\/\/buceogalatea.com\/buceo\/wp-content\/uploads\/2020\/04\/9-7.jpg\" data-link=\"http:\/\/buceogalatea.com\/buceo\/?attachment_id=1179\" class=\"wp-image-1179\" srcset=\"https:\/\/buceogalatea.com\/buceo\/wp-content\/uploads\/2020\/04\/9-7.jpg 1268w, https:\/\/buceogalatea.com\/buceo\/wp-content\/uploads\/2020\/04\/9-7-300x169.jpg 300w, https:\/\/buceogalatea.com\/buceo\/wp-content\/uploads\/2020\/04\/9-7-768x432.jpg 768w\" sizes=\"(max-width: 1268px) 100vw, 1268px\" \/><\/a><\/figure><\/li><\/ul><\/figure>\n","protected":false},"excerpt":{"rendered":"<p>Zona de m\u00faltiples inmersiones denominadas as\u00ed , porque todas ellas est\u00e1n fuera de la linea de costa de Suances. Zona de gran extension que abarca toda la longitud de costa de Suances y Miengo. Diferentes inmersiones , con distinta variedad<\/p>\n","protected":false},"author":1,"featured_media":0,"parent":0,"menu_order":0,"comment_status":"closed","ping_status":"closed","template":"","meta":{"footnotes":""},"_links":{"self":[{"href":"https:\/\/buceogalatea.com\/buceo\/wp-json\/wp\/v2\/pages\/1167"}],"collection":[{"href":"https:\/\/buceogalatea.com\/buceo\/wp-json\/wp\/v2\/pages"}],"about":[{"href":"https:\/\/buceogalatea.com\/buceo\/wp-json\/wp\/v2\/types\/page"}],"author":[{"embeddable":true,"href":"https:\/\/buceogalatea.com\/buceo\/wp-json\/wp\/v2\/users\/1"}],"replies":[{"embeddable":true,"href":"https:\/\/buceogalatea.com\/buceo\/wp-json\/wp\/v2\/comments?post=1167"}],"version-history":[{"count":6,"href":"https:\/\/buceogalatea.com\/buceo\/wp-json\/wp\/v2\/pages\/1167\/revisions"}],"predecessor-version":[{"id":1875,"href":"https:\/\/buceogalatea.com\/buceo\/wp-json\/wp\/v2\/pages\/1167\/revisions\/1875"}],"wp:attachment":[{"href":"https:\/\/buceogalatea.com\/buceo\/wp-json\/wp\/v2\/media?parent=1167"}],"curies":[{"name":"wp","href":"https:\/\/api.w.org\/{rel}","templated":true}]}}