{"id":1435,"date":"2020-04-25T14:13:48","date_gmt":"2020-04-25T14:13:48","guid":{"rendered":"http:\/\/buceogalatea.com\/buceo\/?page_id=1435"},"modified":"2020-04-25T14:13:50","modified_gmt":"2020-04-25T14:13:50","slug":"bautismos-solidarios-navidad-2018-galatea","status":"publish","type":"page","link":"https:\/\/buceogalatea.com\/buceo\/bautismos-solidarios-navidad-2018-galatea\/","title":{"rendered":"BAUTISMOS SOLIDARIOS NAVIDAD 2018 GALATEA"},"content":{"rendered":"\n<h2 class=\"wp-block-heading\">Como en a\u00f1os anteriores , el club de buceo Galatea por navidades , realiza bautismos de buceo abiertos a todo el mundo . Se realizan en las piscinas municipales de suances.<\/h2>\n\n\n\n<div class=\"wp-block-image\"><figure class=\"aligncenter size-large is-resized\"><img loading=\"lazy\" decoding=\"async\" src=\"http:\/\/buceogalatea.com\/buceo\/wp-content\/uploads\/2020\/04\/48388704_2213752055551603_4546081140305297408_o-1026x1450.jpg\" alt=\"\" class=\"wp-image-1279\" width=\"513\" height=\"725\" srcset=\"https:\/\/buceogalatea.com\/buceo\/wp-content\/uploads\/2020\/04\/48388704_2213752055551603_4546081140305297408_o-1026x1450.jpg 1026w, https:\/\/buceogalatea.com\/buceo\/wp-content\/uploads\/2020\/04\/48388704_2213752055551603_4546081140305297408_o-212x300.jpg 212w, https:\/\/buceogalatea.com\/buceo\/wp-content\/uploads\/2020\/04\/48388704_2213752055551603_4546081140305297408_o-768x1085.jpg 768w, https:\/\/buceogalatea.com\/buceo\/wp-content\/uploads\/2020\/04\/48388704_2213752055551603_4546081140305297408_o-1087x1536.jpg 1087w, https:\/\/buceogalatea.com\/buceo\/wp-content\/uploads\/2020\/04\/48388704_2213752055551603_4546081140305297408_o.jpg 1241w\" sizes=\"(max-width: 513px) 100vw, 513px\" \/><\/figure><\/div>\n\n\n\n<h2 class=\"wp-block-heading\">Como cada a\u00f1o , los bautizos tienen fines solidarios . Y este a\u00f1o a cambio del bautismo de buceo , solicitamos 1kg de alimento o un juguete. El evento tubo muy buena acogido y todo lo recogido se entrego a las entidades sociales de Suances para su correcta distribuci\u00f3n.<\/h2>\n\n\n\n<h2 class=\"wp-block-heading\">Ni\u00f1os y ni\u00f1as de todas las edades , j\u00f3venes y mayores , disfrutaron mucho de la ocasi\u00f3n de poder experimentar por primera vez el buceo y la respiraci\u00f3n bajo el agua.<\/h2>\n\n\n\n<figure class=\"wp-block-embed-youtube aligncenter wp-block-embed is-type-video is-provider-youtube wp-embed-aspect-16-9 wp-has-aspect-ratio\"><div class=\"wp-block-embed__wrapper\">\n<iframe loading=\"lazy\" title=\"BAUTIZOS BUCEO NAVIDAD 2018 GALATEA\" width=\"750\" height=\"422\" src=\"https:\/\/www.youtube.com\/embed\/_aYyeyP15kU?feature=oembed\" frameborder=\"0\" allow=\"accelerometer; autoplay; encrypted-media; gyroscope; picture-in-picture\" allowfullscreen><\/iframe>\n<\/div><\/figure>\n\n\n\n<figure class=\"wp-block-gallery aligncenter columns-2 is-cropped wp-block-gallery-1 is-layout-flex wp-block-gallery-is-layout-flex\"><ul class=\"blocks-gallery-grid\"><li class=\"blocks-gallery-item\"><figure><a href=\"http:\/\/buceogalatea.com\/buceo\/wp-content\/uploads\/2020\/04\/8-9.jpg\"><img loading=\"lazy\" decoding=\"async\" width=\"1268\" height=\"713\" src=\"http:\/\/buceogalatea.com\/buceo\/wp-content\/uploads\/2020\/04\/8-9.jpg\" alt=\"\" data-id=\"1243\" data-full-url=\"http:\/\/buceogalatea.com\/buceo\/wp-content\/uploads\/2020\/04\/8-9.jpg\" data-link=\"http:\/\/buceogalatea.com\/buceo\/galeria-de-fotos-bautismos-de-buceo-en-piscina-y-mar\/8-9\/\" class=\"wp-image-1243\" srcset=\"https:\/\/buceogalatea.com\/buceo\/wp-content\/uploads\/2020\/04\/8-9.jpg 1268w, https:\/\/buceogalatea.com\/buceo\/wp-content\/uploads\/2020\/04\/8-9-300x169.jpg 300w, https:\/\/buceogalatea.com\/buceo\/wp-content\/uploads\/2020\/04\/8-9-768x432.jpg 768w\" sizes=\"(max-width: 1268px) 100vw, 1268px\" \/><\/a><\/figure><\/li><li class=\"blocks-gallery-item\"><figure><a href=\"http:\/\/buceogalatea.com\/buceo\/wp-content\/uploads\/2020\/04\/10-8.jpg\"><img loading=\"lazy\" decoding=\"async\" width=\"1268\" height=\"713\" src=\"http:\/\/buceogalatea.com\/buceo\/wp-content\/uploads\/2020\/04\/10-8.jpg\" alt=\"\" data-id=\"1245\" data-full-url=\"http:\/\/buceogalatea.com\/buceo\/wp-content\/uploads\/2020\/04\/10-8.jpg\" data-link=\"http:\/\/buceogalatea.com\/buceo\/galeria-de-fotos-bautismos-de-buceo-en-piscina-y-mar\/10-8\/\" class=\"wp-image-1245\" srcset=\"https:\/\/buceogalatea.com\/buceo\/wp-content\/uploads\/2020\/04\/10-8.jpg 1268w, https:\/\/buceogalatea.com\/buceo\/wp-content\/uploads\/2020\/04\/10-8-300x169.jpg 300w, https:\/\/buceogalatea.com\/buceo\/wp-content\/uploads\/2020\/04\/10-8-768x432.jpg 768w\" sizes=\"(max-width: 1268px) 100vw, 1268px\" \/><\/a><\/figure><\/li><li class=\"blocks-gallery-item\"><figure><a href=\"http:\/\/buceogalatea.com\/buceo\/wp-content\/uploads\/2020\/04\/9-9.jpg\"><img loading=\"lazy\" decoding=\"async\" width=\"1268\" height=\"713\" src=\"http:\/\/buceogalatea.com\/buceo\/wp-content\/uploads\/2020\/04\/9-9.jpg\" alt=\"\" data-id=\"1244\" data-full-url=\"http:\/\/buceogalatea.com\/buceo\/wp-content\/uploads\/2020\/04\/9-9.jpg\" data-link=\"http:\/\/buceogalatea.com\/buceo\/galeria-de-fotos-bautismos-de-buceo-en-piscina-y-mar\/9-9\/\" class=\"wp-image-1244\" srcset=\"https:\/\/buceogalatea.com\/buceo\/wp-content\/uploads\/2020\/04\/9-9.jpg 1268w, https:\/\/buceogalatea.com\/buceo\/wp-content\/uploads\/2020\/04\/9-9-300x169.jpg 300w, https:\/\/buceogalatea.com\/buceo\/wp-content\/uploads\/2020\/04\/9-9-768x432.jpg 768w\" sizes=\"(max-width: 1268px) 100vw, 1268px\" \/><\/a><\/figure><\/li><li class=\"blocks-gallery-item\"><figure><a href=\"http:\/\/buceogalatea.com\/buceo\/wp-content\/uploads\/2020\/04\/13-8.jpg\"><img loading=\"lazy\" decoding=\"async\" width=\"1268\" height=\"713\" src=\"http:\/\/buceogalatea.com\/buceo\/wp-content\/uploads\/2020\/04\/13-8.jpg\" alt=\"\" data-id=\"1248\" data-full-url=\"http:\/\/buceogalatea.com\/buceo\/wp-content\/uploads\/2020\/04\/13-8.jpg\" data-link=\"http:\/\/buceogalatea.com\/buceo\/galeria-de-fotos-bautismos-de-buceo-en-piscina-y-mar\/13-8\/\" class=\"wp-image-1248\" srcset=\"https:\/\/buceogalatea.com\/buceo\/wp-content\/uploads\/2020\/04\/13-8.jpg 1268w, https:\/\/buceogalatea.com\/buceo\/wp-content\/uploads\/2020\/04\/13-8-300x169.jpg 300w, https:\/\/buceogalatea.com\/buceo\/wp-content\/uploads\/2020\/04\/13-8-768x432.jpg 768w\" sizes=\"(max-width: 1268px) 100vw, 1268px\" \/><\/a><\/figure><\/li><li class=\"blocks-gallery-item\"><figure><a href=\"http:\/\/buceogalatea.com\/buceo\/wp-content\/uploads\/2020\/04\/11-8.jpg\"><img loading=\"lazy\" decoding=\"async\" width=\"1268\" height=\"713\" src=\"http:\/\/buceogalatea.com\/buceo\/wp-content\/uploads\/2020\/04\/11-8.jpg\" alt=\"\" data-id=\"1246\" data-full-url=\"http:\/\/buceogalatea.com\/buceo\/wp-content\/uploads\/2020\/04\/11-8.jpg\" data-link=\"http:\/\/buceogalatea.com\/buceo\/galeria-de-fotos-bautismos-de-buceo-en-piscina-y-mar\/11-8\/\" class=\"wp-image-1246\" srcset=\"https:\/\/buceogalatea.com\/buceo\/wp-content\/uploads\/2020\/04\/11-8.jpg 1268w, https:\/\/buceogalatea.com\/buceo\/wp-content\/uploads\/2020\/04\/11-8-300x169.jpg 300w, https:\/\/buceogalatea.com\/buceo\/wp-content\/uploads\/2020\/04\/11-8-768x432.jpg 768w\" sizes=\"(max-width: 1268px) 100vw, 1268px\" \/><\/a><\/figure><\/li><li class=\"blocks-gallery-item\"><figure><a href=\"http:\/\/buceogalatea.com\/buceo\/wp-content\/uploads\/2020\/04\/7-11.jpg\"><img loading=\"lazy\" decoding=\"async\" width=\"1268\" height=\"713\" src=\"http:\/\/buceogalatea.com\/buceo\/wp-content\/uploads\/2020\/04\/7-11.jpg\" alt=\"\" data-id=\"1242\" data-full-url=\"http:\/\/buceogalatea.com\/buceo\/wp-content\/uploads\/2020\/04\/7-11.jpg\" data-link=\"http:\/\/buceogalatea.com\/buceo\/galeria-de-fotos-bautismos-de-buceo-en-piscina-y-mar\/7-11\/\" class=\"wp-image-1242\" srcset=\"https:\/\/buceogalatea.com\/buceo\/wp-content\/uploads\/2020\/04\/7-11.jpg 1268w, https:\/\/buceogalatea.com\/buceo\/wp-content\/uploads\/2020\/04\/7-11-300x169.jpg 300w, https:\/\/buceogalatea.com\/buceo\/wp-content\/uploads\/2020\/04\/7-11-768x432.jpg 768w\" sizes=\"(max-width: 1268px) 100vw, 1268px\" \/><\/a><\/figure><\/li><\/ul><\/figure>\n","protected":false},"excerpt":{"rendered":"<p>Como en a\u00f1os anteriores , el club de buceo Galatea por navidades , realiza bautismos de buceo abiertos a todo el mundo . Se realizan en las piscinas municipales de suances. Como cada a\u00f1o , los bautizos tienen fines solidarios<\/p>\n","protected":false},"author":1,"featured_media":0,"parent":0,"menu_order":0,"comment_status":"closed","ping_status":"closed","template":"","meta":{"footnotes":""},"_links":{"self":[{"href":"https:\/\/buceogalatea.com\/buceo\/wp-json\/wp\/v2\/pages\/1435"}],"collection":[{"href":"https:\/\/buceogalatea.com\/buceo\/wp-json\/wp\/v2\/pages"}],"about":[{"href":"https:\/\/buceogalatea.com\/buceo\/wp-json\/wp\/v2\/types\/page"}],"author":[{"embeddable":true,"href":"https:\/\/buceogalatea.com\/buceo\/wp-json\/wp\/v2\/users\/1"}],"replies":[{"embeddable":true,"href":"https:\/\/buceogalatea.com\/buceo\/wp-json\/wp\/v2\/comments?post=1435"}],"version-history":[{"count":2,"href":"https:\/\/buceogalatea.com\/buceo\/wp-json\/wp\/v2\/pages\/1435\/revisions"}],"predecessor-version":[{"id":1440,"href":"https:\/\/buceogalatea.com\/buceo\/wp-json\/wp\/v2\/pages\/1435\/revisions\/1440"}],"wp:attachment":[{"href":"https:\/\/buceogalatea.com\/buceo\/wp-json\/wp\/v2\/media?parent=1435"}],"curies":[{"name":"wp","href":"https:\/\/api.w.org\/{rel}","templated":true}]}}