{"id":166,"date":"2020-02-04T23:29:32","date_gmt":"2020-02-04T23:29:32","guid":{"rendered":"http:\/\/buceogalatea.com\/buceo\/?page_id=166"},"modified":"2020-04-25T16:03:41","modified_gmt":"2020-04-25T16:03:41","slug":"informacion-fedas","status":"publish","type":"page","link":"https:\/\/buceogalatea.com\/buceo\/informacion-fedas\/","title":{"rendered":"INFORMACION FEDAS"},"content":{"rendered":"\n<h2 class=\"has-text-align-center wp-block-heading\">En esta secci\u00f3n podr\u00e1 encontrar toda la informaci\u00f3n relacionada con la federaci\u00f3n cantabra y espa\u00f1ola de actividades subacu\u00e1ticas . Documentaci\u00f3n tecnica , tablas de buceo , seguros y licencia federativa , etc.<\/h2>\n\n\n\n<div style=\"height:100px\" aria-hidden=\"true\" class=\"wp-block-spacer\"><\/div>\n\n\n\n<div class=\"wp-block-image\"><figure class=\"aligncenter size-large is-resized\"><a href=\"http:\/\/buceogalatea.com\/buceo\/licencia-federativa-fedas-2020\/\"><img loading=\"lazy\" decoding=\"async\" src=\"http:\/\/buceogalatea.com\/buceo\/wp-content\/uploads\/2020\/02\/LOGO-LICENCIA.jpg\" alt=\"\" class=\"wp-image-568\" width=\"800\" height=\"300\" srcset=\"https:\/\/buceogalatea.com\/buceo\/wp-content\/uploads\/2020\/02\/LOGO-LICENCIA.jpg 800w, https:\/\/buceogalatea.com\/buceo\/wp-content\/uploads\/2020\/02\/LOGO-LICENCIA-300x113.jpg 300w, https:\/\/buceogalatea.com\/buceo\/wp-content\/uploads\/2020\/02\/LOGO-LICENCIA-768x288.jpg 768w\" sizes=\"(max-width: 800px) 100vw, 800px\" \/><\/a><\/figure><\/div>\n\n\n\n<div class=\"wp-block-image\"><figure class=\"aligncenter size-large is-resized\"><a href=\"http:\/\/buceogalatea.com\/buceo\/tablas-fedas\/\"><img loading=\"lazy\" decoding=\"async\" src=\"http:\/\/buceogalatea.com\/buceo\/wp-content\/uploads\/2020\/02\/LOGO-TABLAS-DE-BUCEO.jpg\" alt=\"\" class=\"wp-image-567\" width=\"800\" height=\"300\" srcset=\"https:\/\/buceogalatea.com\/buceo\/wp-content\/uploads\/2020\/02\/LOGO-TABLAS-DE-BUCEO.jpg 800w, https:\/\/buceogalatea.com\/buceo\/wp-content\/uploads\/2020\/02\/LOGO-TABLAS-DE-BUCEO-300x113.jpg 300w, https:\/\/buceogalatea.com\/buceo\/wp-content\/uploads\/2020\/02\/LOGO-TABLAS-DE-BUCEO-768x288.jpg 768w\" sizes=\"(max-width: 800px) 100vw, 800px\" \/><\/a><\/figure><\/div>\n\n\n\n<div class=\"wp-block-image\"><figure class=\"aligncenter size-large is-resized\"><a href=\"http:\/\/buceogalatea.com\/buceo\/seguros-y-partes-de-accidentes\/\"><img loading=\"lazy\" decoding=\"async\" src=\"http:\/\/buceogalatea.com\/buceo\/wp-content\/uploads\/2020\/02\/LOGO-SEGUROS-Y-PARTES.jpg\" alt=\"\" class=\"wp-image-571\" width=\"800\" height=\"300\" srcset=\"https:\/\/buceogalatea.com\/buceo\/wp-content\/uploads\/2020\/02\/LOGO-SEGUROS-Y-PARTES.jpg 800w, https:\/\/buceogalatea.com\/buceo\/wp-content\/uploads\/2020\/02\/LOGO-SEGUROS-Y-PARTES-300x113.jpg 300w, https:\/\/buceogalatea.com\/buceo\/wp-content\/uploads\/2020\/02\/LOGO-SEGUROS-Y-PARTES-768x288.jpg 768w\" sizes=\"(max-width: 800px) 100vw, 800px\" \/><\/a><\/figure><\/div>\n\n\n\n<div class=\"wp-block-image\"><figure class=\"aligncenter size-large is-resized\"><a href=\"http:\/\/buceogalatea.com\/buceo\/salidas-al-extrangero\/\"><img loading=\"lazy\" decoding=\"async\" src=\"http:\/\/buceogalatea.com\/buceo\/wp-content\/uploads\/2020\/02\/LOGO-SALIDAS-EXTRANGERO.jpg\" alt=\"\" class=\"wp-image-570\" width=\"800\" height=\"300\" srcset=\"https:\/\/buceogalatea.com\/buceo\/wp-content\/uploads\/2020\/02\/LOGO-SALIDAS-EXTRANGERO.jpg 800w, https:\/\/buceogalatea.com\/buceo\/wp-content\/uploads\/2020\/02\/LOGO-SALIDAS-EXTRANGERO-300x113.jpg 300w, https:\/\/buceogalatea.com\/buceo\/wp-content\/uploads\/2020\/02\/LOGO-SALIDAS-EXTRANGERO-768x288.jpg 768w\" sizes=\"(max-width: 800px) 100vw, 800px\" \/><\/a><\/figure><\/div>\n\n\n\n<div class=\"wp-block-image\"><figure class=\"aligncenter size-large is-resized\"><a href=\"http:\/\/buceogalatea.com\/buceo\/consejos-cmas-para-el-buceo-responsable\/\"><img loading=\"lazy\" decoding=\"async\" src=\"http:\/\/buceogalatea.com\/buceo\/wp-content\/uploads\/2020\/02\/LOGO-CONSEJOS-CMAS.jpg\" alt=\"\" class=\"wp-image-569\" width=\"800\" height=\"300\" srcset=\"https:\/\/buceogalatea.com\/buceo\/wp-content\/uploads\/2020\/02\/LOGO-CONSEJOS-CMAS.jpg 800w, https:\/\/buceogalatea.com\/buceo\/wp-content\/uploads\/2020\/02\/LOGO-CONSEJOS-CMAS-300x113.jpg 300w, https:\/\/buceogalatea.com\/buceo\/wp-content\/uploads\/2020\/02\/LOGO-CONSEJOS-CMAS-768x288.jpg 768w\" sizes=\"(max-width: 800px) 100vw, 800px\" \/><\/a><\/figure><\/div>\n\n\n\n<div class=\"wp-block-image\"><figure class=\"aligncenter size-large is-resized\"><a href=\"http:\/\/buceogalatea.com\/buceo\/convalidaciones-a-fedas\/\"><img loading=\"lazy\" decoding=\"async\" src=\"http:\/\/buceogalatea.com\/buceo\/wp-content\/uploads\/2020\/04\/BOTON-CONVALIDACION-A-FEDAS.jpg\" alt=\"\" class=\"wp-image-1553\" width=\"800\" height=\"300\" srcset=\"https:\/\/buceogalatea.com\/buceo\/wp-content\/uploads\/2020\/04\/BOTON-CONVALIDACION-A-FEDAS.jpg 800w, https:\/\/buceogalatea.com\/buceo\/wp-content\/uploads\/2020\/04\/BOTON-CONVALIDACION-A-FEDAS-300x113.jpg 300w, https:\/\/buceogalatea.com\/buceo\/wp-content\/uploads\/2020\/04\/BOTON-CONVALIDACION-A-FEDAS-768x288.jpg 768w\" sizes=\"(max-width: 800px) 100vw, 800px\" \/><\/a><\/figure><\/div>\n\n\n\n<div style=\"height:100px\" aria-hidden=\"true\" class=\"wp-block-spacer\"><\/div>\n","protected":false},"excerpt":{"rendered":"<p>En esta secci\u00f3n podr\u00e1 encontrar toda la informaci\u00f3n relacionada con la federaci\u00f3n cantabra y espa\u00f1ola de actividades subacu\u00e1ticas . Documentaci\u00f3n tecnica , tablas de buceo , seguros y licencia federativa , etc.<\/p>\n","protected":false},"author":1,"featured_media":0,"parent":0,"menu_order":0,"comment_status":"closed","ping_status":"closed","template":"","meta":{"footnotes":""},"_links":{"self":[{"href":"https:\/\/buceogalatea.com\/buceo\/wp-json\/wp\/v2\/pages\/166"}],"collection":[{"href":"https:\/\/buceogalatea.com\/buceo\/wp-json\/wp\/v2\/pages"}],"about":[{"href":"https:\/\/buceogalatea.com\/buceo\/wp-json\/wp\/v2\/types\/page"}],"author":[{"embeddable":true,"href":"https:\/\/buceogalatea.com\/buceo\/wp-json\/wp\/v2\/users\/1"}],"replies":[{"embeddable":true,"href":"https:\/\/buceogalatea.com\/buceo\/wp-json\/wp\/v2\/comments?post=166"}],"version-history":[{"count":8,"href":"https:\/\/buceogalatea.com\/buceo\/wp-json\/wp\/v2\/pages\/166\/revisions"}],"predecessor-version":[{"id":1554,"href":"https:\/\/buceogalatea.com\/buceo\/wp-json\/wp\/v2\/pages\/166\/revisions\/1554"}],"wp:attachment":[{"href":"https:\/\/buceogalatea.com\/buceo\/wp-json\/wp\/v2\/media?parent=166"}],"curies":[{"name":"wp","href":"https:\/\/api.w.org\/{rel}","templated":true}]}}