{"id":1760,"date":"2020-04-27T20:29:59","date_gmt":"2020-04-27T18:29:59","guid":{"rendered":"http:\/\/buceogalatea.com\/buceo\/?page_id=1760"},"modified":"2024-05-19T18:12:42","modified_gmt":"2024-05-19T16:12:42","slug":"bautismos","status":"publish","type":"page","link":"https:\/\/buceogalatea.com\/buceo\/bautismos\/","title":{"rendered":"BAUTISMOS"},"content":{"rendered":"\n<div class=\"wp-block-image\"><figure class=\"aligncenter size-large is-resized\"><img loading=\"lazy\" decoding=\"async\" src=\"http:\/\/buceogalatea.com\/buceo\/wp-content\/uploads\/2020\/02\/carrusel-bautismos-1024x219.jpg\" alt=\"\" class=\"wp-image-216\" width=\"1024\" height=\"219\" srcset=\"https:\/\/buceogalatea.com\/buceo\/wp-content\/uploads\/2020\/02\/carrusel-bautismos-1024x219.jpg 1024w, https:\/\/buceogalatea.com\/buceo\/wp-content\/uploads\/2020\/02\/carrusel-bautismos-300x64.jpg 300w, https:\/\/buceogalatea.com\/buceo\/wp-content\/uploads\/2020\/02\/carrusel-bautismos-768x165.jpg 768w, https:\/\/buceogalatea.com\/buceo\/wp-content\/uploads\/2020\/02\/carrusel-bautismos.jpg 1400w\" sizes=\"(max-width: 1024px) 100vw, 1024px\" \/><\/figure><\/div>\n\n\n\n<h3 class=\"has-text-align-left wp-block-heading\">QUIERES PROBAR LA SENSACION DE RESPIRAR BAJO EL AGUA ?<\/h3>\n\n\n\n<h4 class=\"wp-block-heading\">En el club de buceo Galatea realizamos Bautismos de buceo en piscina y en el mar . <\/h4>\n\n\n\n<div class=\"wp-block-image\"><figure class=\"aligncenter size-large is-resized\"><img loading=\"lazy\" decoding=\"async\" src=\"http:\/\/buceogalatea.com\/buceo\/wp-content\/uploads\/2020\/04\/7-10.jpg\" alt=\"\" class=\"wp-image-1229\" width=\"763\" height=\"430\" srcset=\"https:\/\/buceogalatea.com\/buceo\/wp-content\/uploads\/2020\/04\/7-10.jpg 1268w, https:\/\/buceogalatea.com\/buceo\/wp-content\/uploads\/2020\/04\/7-10-300x169.jpg 300w, https:\/\/buceogalatea.com\/buceo\/wp-content\/uploads\/2020\/04\/7-10-768x432.jpg 768w\" sizes=\"(max-width: 763px) 100vw, 763px\" \/><\/figure><\/div>\n\n\n\n<h4 class=\"wp-block-heading\">El bautizo de buceo o bautismo de mar es una experiencia para averiguar en qu\u00e9 consiste esto del buceo. Se trata de&nbsp;<strong>la primera inmersi\u00f3n<\/strong>&nbsp;que una persona hace en el mar &nbsp;y con la que puede decidir si adentrarse o no en este mundo tan especial.<\/h4>\n\n\n\n<div class=\"wp-block-image\"><figure class=\"aligncenter size-large is-resized\"><img loading=\"lazy\" decoding=\"async\" src=\"http:\/\/buceogalatea.com\/buceo\/wp-content\/uploads\/2020\/04\/2-12.jpg\" alt=\"\" class=\"wp-image-1309\" width=\"756\" height=\"567\" srcset=\"https:\/\/buceogalatea.com\/buceo\/wp-content\/uploads\/2020\/04\/2-12.jpg 1008w, https:\/\/buceogalatea.com\/buceo\/wp-content\/uploads\/2020\/04\/2-12-300x225.jpg 300w, https:\/\/buceogalatea.com\/buceo\/wp-content\/uploads\/2020\/04\/2-12-768x576.jpg 768w\" sizes=\"(max-width: 756px) 100vw, 756px\" \/><\/figure><\/div>\n\n\n\n<h4 class=\"wp-block-heading\">Bien es cierto que muchas personas no necesitan pasar por esta experiencia y se lanzan directamente a hacer&nbsp;un curso que les certifique como buzos&nbsp;oficiales . Pero para quienes no tienen las ideas muy claras, lo mejor es llevar a cabo un bautismo de buceo. Puede que&nbsp;<strong>descubras que te apasiona<\/strong>&nbsp;o puede que te des cuenta de que, en realidad, esto no es para ti. Eso s\u00ed, si no lo pruebas no podr\u00e1s saberlo.<\/h4>\n\n\n\n<div class=\"wp-block-image\"><figure class=\"aligncenter size-large is-resized\"><img loading=\"lazy\" decoding=\"async\" src=\"http:\/\/buceogalatea.com\/buceo\/wp-content\/uploads\/2020\/04\/34-1-1450x1089.jpg\" alt=\"\" class=\"wp-image-1761\" width=\"759\" height=\"571\" srcset=\"https:\/\/buceogalatea.com\/buceo\/wp-content\/uploads\/2020\/04\/34-1-1450x1089.jpg 1450w, https:\/\/buceogalatea.com\/buceo\/wp-content\/uploads\/2020\/04\/34-1-300x225.jpg 300w, https:\/\/buceogalatea.com\/buceo\/wp-content\/uploads\/2020\/04\/34-1-768x577.jpg 768w, https:\/\/buceogalatea.com\/buceo\/wp-content\/uploads\/2020\/04\/34-1.jpg 1512w\" sizes=\"(max-width: 759px) 100vw, 759px\" \/><\/figure><\/div>\n\n\n\n<h4 class=\"wp-block-heading\">El bautismo de buceo es una actividad que puede realizar\u00a0<strong>cualquier\u00a0persona<\/strong>, a partir de los 12 a\u00f1os de edad. Consiste en una\u00a0<strong>clase te\u00f3rica<\/strong>\u00a0donde se explican los fundamentos b\u00e1sicos del buceo y una\u00a0<strong>pr\u00e1ctica en piscina<\/strong>\u00a0o una\u00a0<strong>inmersi\u00f3n en el mar<\/strong>\u00a0a poca profundidad (entre 3 Y 5 metros).<\/h4>\n\n\n\n<h4 class=\"wp-block-heading\">Los bautizos de mar se llevan a cabo bajo las explicaciones de un\u00a0<strong>instructor cualificado<\/strong>\u00a0o guia de grupo cualificado que supervisa en todo momento la actividad.<\/h4>\n\n\n\n<div class=\"wp-block-image\"><figure class=\"aligncenter size-large is-resized\"><img loading=\"lazy\" decoding=\"async\" src=\"http:\/\/buceogalatea.com\/buceo\/wp-content\/uploads\/2020\/04\/30-2.jpg\" alt=\"\" class=\"wp-image-1762\" width=\"567\" height=\"756\" srcset=\"https:\/\/buceogalatea.com\/buceo\/wp-content\/uploads\/2020\/04\/30-2.jpg 756w, https:\/\/buceogalatea.com\/buceo\/wp-content\/uploads\/2020\/04\/30-2-225x300.jpg 225w\" sizes=\"(max-width: 567px) 100vw, 567px\" \/><\/figure><\/div>\n\n\n\n<h4 class=\"wp-block-heading\">Es una actividad que&nbsp;<strong>no otorga una certificaci\u00f3n real<\/strong>&nbsp;pero s\u00ed que, en la mayor\u00eda de los casos, cuenta como un primer paso si se decide iniciar posteriormente un curso.<\/h4>\n\n\n\n<h4 class=\"wp-block-heading\">La actividad empieza con la explicaci\u00f3n te\u00f3rica sobre los&nbsp;<strong>fundamentos b\u00e1sicos del buceo<\/strong>, manejo del equipo, c\u00f3mo moverse y respirar debajo del agua y las&nbsp;<strong>normas de seguridad<\/strong>&nbsp;que hay que seguir. Una clase en la que se aprende el&nbsp;<strong>uso y manejo b\u00e1sico de las &#8216;herramientas&#8217; de un buceador<\/strong>: m\u00e1scara, tubo, aletas, chaleco de flotabilidad, traje, botella de aire, regulador para respirar a trav\u00e9s de \u00e9l y los instrumentos para controlar la profundidad y el suministro de aire.<\/h4>\n\n\n\n<div class=\"wp-block-image\"><figure class=\"aligncenter size-large is-resized\"><img loading=\"lazy\" decoding=\"async\" src=\"http:\/\/buceogalatea.com\/buceo\/wp-content\/uploads\/2020\/04\/27-2.jpg\" alt=\"\" class=\"wp-image-1763\" width=\"759\" height=\"569\" srcset=\"https:\/\/buceogalatea.com\/buceo\/wp-content\/uploads\/2020\/04\/27-2.jpg 1008w, https:\/\/buceogalatea.com\/buceo\/wp-content\/uploads\/2020\/04\/27-2-300x225.jpg 300w, https:\/\/buceogalatea.com\/buceo\/wp-content\/uploads\/2020\/04\/27-2-768x576.jpg 768w\" sizes=\"(max-width: 759px) 100vw, 759px\" \/><\/figure><\/div>\n\n\n\n<h4 class=\"wp-block-heading\">Cumplida esta fase, llega el esperado momento de sumergirse en el mar en un paseo subacu\u00e1tico de\u00a0<strong>unos 50 minutos<\/strong>\u00a0dif\u00edcil de olvidar. No hay nada como respirar bajo el agua por primera vez. Tras unos primeros minutos de adaptaci\u00f3n, la mayor\u00eda de los participantes en estos bautismos se dan cuenta de lo realmente\u00a0<strong>sencillo<\/strong>\u00a0y asombroso que es el buceo.<\/h4>\n\n\n\n<h4 class=\"wp-block-heading\">Lo habitual es que quien realiza un bautismo de buceo se aficione a este deportes. As\u00ed que ya sabes, si te quedas con ganas de m\u00e1s&nbsp;<strong>es el momento de empezar un curso<\/strong>&nbsp;que te convierta en buceador titulado. <\/h4>\n\n\n\n<div class=\"wp-block-image\"><figure class=\"aligncenter size-large is-resized\"><img loading=\"lazy\" decoding=\"async\" src=\"http:\/\/buceogalatea.com\/buceo\/wp-content\/uploads\/2020\/04\/18-5.jpg\" alt=\"\" class=\"wp-image-1764\" width=\"768\" height=\"576\" srcset=\"https:\/\/buceogalatea.com\/buceo\/wp-content\/uploads\/2020\/04\/18-5.jpg 1024w, https:\/\/buceogalatea.com\/buceo\/wp-content\/uploads\/2020\/04\/18-5-300x225.jpg 300w, https:\/\/buceogalatea.com\/buceo\/wp-content\/uploads\/2020\/04\/18-5-768x576.jpg 768w\" sizes=\"(max-width: 768px) 100vw, 768px\" \/><\/figure><\/div>\n\n\n\n<div style=\"height:100px\" aria-hidden=\"true\" class=\"wp-block-spacer\"><\/div>\n\n\n\n<div class=\"wp-block-image\"><figure class=\"aligncenter size-large is-resized\"><img loading=\"lazy\" decoding=\"async\" src=\"http:\/\/buceogalatea.com\/buceo\/wp-content\/uploads\/2020\/02\/carrusel-bautismos-1024x219.jpg\" alt=\"\" class=\"wp-image-216\" width=\"1024\" height=\"219\" srcset=\"https:\/\/buceogalatea.com\/buceo\/wp-content\/uploads\/2020\/02\/carrusel-bautismos-1024x219.jpg 1024w, https:\/\/buceogalatea.com\/buceo\/wp-content\/uploads\/2020\/02\/carrusel-bautismos-300x64.jpg 300w, https:\/\/buceogalatea.com\/buceo\/wp-content\/uploads\/2020\/02\/carrusel-bautismos-768x165.jpg 768w, https:\/\/buceogalatea.com\/buceo\/wp-content\/uploads\/2020\/02\/carrusel-bautismos.jpg 1400w\" sizes=\"(max-width: 1024px) 100vw, 1024px\" \/><\/figure><\/div>\n","protected":false},"excerpt":{"rendered":"<p>QUIERES PROBAR LA SENSACION DE RESPIRAR BAJO EL AGUA ? En el club de buceo Galatea realizamos Bautismos de buceo en piscina y en el mar . El bautizo de buceo o bautismo de mar es una experiencia para averiguar<\/p>\n","protected":false},"author":1,"featured_media":0,"parent":0,"menu_order":0,"comment_status":"closed","ping_status":"closed","template":"","meta":{"footnotes":""},"_links":{"self":[{"href":"https:\/\/buceogalatea.com\/buceo\/wp-json\/wp\/v2\/pages\/1760"}],"collection":[{"href":"https:\/\/buceogalatea.com\/buceo\/wp-json\/wp\/v2\/pages"}],"about":[{"href":"https:\/\/buceogalatea.com\/buceo\/wp-json\/wp\/v2\/types\/page"}],"author":[{"embeddable":true,"href":"https:\/\/buceogalatea.com\/buceo\/wp-json\/wp\/v2\/users\/1"}],"replies":[{"embeddable":true,"href":"https:\/\/buceogalatea.com\/buceo\/wp-json\/wp\/v2\/comments?post=1760"}],"version-history":[{"count":6,"href":"https:\/\/buceogalatea.com\/buceo\/wp-json\/wp\/v2\/pages\/1760\/revisions"}],"predecessor-version":[{"id":1795,"href":"https:\/\/buceogalatea.com\/buceo\/wp-json\/wp\/v2\/pages\/1760\/revisions\/1795"}],"wp:attachment":[{"href":"https:\/\/buceogalatea.com\/buceo\/wp-json\/wp\/v2\/media?parent=1760"}],"curies":[{"name":"wp","href":"https:\/\/api.w.org\/{rel}","templated":true}]}}