{"id":1977,"date":"2021-05-01T17:05:48","date_gmt":"2021-05-01T15:05:48","guid":{"rendered":"http:\/\/buceogalatea.com\/buceo\/?page_id=1977"},"modified":"2021-05-01T17:05:49","modified_gmt":"2021-05-01T15:05:49","slug":"campeonato-de-cantabria-de-apnea-indoor-suances-2021","status":"publish","type":"page","link":"https:\/\/buceogalatea.com\/buceo\/campeonato-de-cantabria-de-apnea-indoor-suances-2021\/","title":{"rendered":"CAMPEONATO DE CANTABRIA DE APNEA INDOOR SUANCES 2021"},"content":{"rendered":"\n<div class=\"wp-block-image\"><figure class=\"aligncenter size-large\"><img loading=\"lazy\" decoding=\"async\" width=\"1450\" height=\"1450\" src=\"http:\/\/buceogalatea.com\/buceo\/wp-content\/uploads\/2021\/03\/CARTEL-3o-CAMPEONATO-APNEA-CANTABRIA-FACEBOOK-1450x1450.jpg\" alt=\"\" class=\"wp-image-1947\" srcset=\"https:\/\/buceogalatea.com\/buceo\/wp-content\/uploads\/2021\/03\/CARTEL-3o-CAMPEONATO-APNEA-CANTABRIA-FACEBOOK-1450x1450.jpg 1450w, https:\/\/buceogalatea.com\/buceo\/wp-content\/uploads\/2021\/03\/CARTEL-3o-CAMPEONATO-APNEA-CANTABRIA-FACEBOOK-300x300.jpg 300w, https:\/\/buceogalatea.com\/buceo\/wp-content\/uploads\/2021\/03\/CARTEL-3o-CAMPEONATO-APNEA-CANTABRIA-FACEBOOK-150x150.jpg 150w, https:\/\/buceogalatea.com\/buceo\/wp-content\/uploads\/2021\/03\/CARTEL-3o-CAMPEONATO-APNEA-CANTABRIA-FACEBOOK-768x768.jpg 768w, https:\/\/buceogalatea.com\/buceo\/wp-content\/uploads\/2021\/03\/CARTEL-3o-CAMPEONATO-APNEA-CANTABRIA-FACEBOOK-1536x1536.jpg 1536w, https:\/\/buceogalatea.com\/buceo\/wp-content\/uploads\/2021\/03\/CARTEL-3o-CAMPEONATO-APNEA-CANTABRIA-FACEBOOK-270x270.jpg 270w, https:\/\/buceogalatea.com\/buceo\/wp-content\/uploads\/2021\/03\/CARTEL-3o-CAMPEONATO-APNEA-CANTABRIA-FACEBOOK-230x230.jpg 230w, https:\/\/buceogalatea.com\/buceo\/wp-content\/uploads\/2021\/03\/CARTEL-3o-CAMPEONATO-APNEA-CANTABRIA-FACEBOOK.jpg 1688w\" sizes=\"(max-width: 1450px) 100vw, 1450px\" \/><\/figure><\/div>\n\n\n\n<p>El dia 10 de Abril de 2021 se celebro en la piscina municipal de Suances el campeonato de Cantabria de apnea indoor . Organizado este a\u00f1o por nosotros , el club de buceo Galatea junto a la federaci\u00f3n cantabra de actividades subacu\u00e1ticas.<\/p>\n\n\n\n<p>Ademas aprovechando el evento , se realizo un curso de comisarios\/jueces de apnea indoor.<\/p>\n\n\n\n<p>En la competici\u00f3n pudimos ver a los deportistas participar en las 4 modalidades deportivas :<\/p>\n\n\n\n<ul><li>Apnea Estatica STA<\/li><li>Apnea Dinamica DNF (Sin aletas)<\/li><li>Apnea con Bi aleta DYN BI<\/li><li>Apnea con mono aleta DYN<\/li><\/ul>\n\n\n\n<div class=\"wp-block-image\"><figure class=\"aligncenter size-large is-resized\"><img loading=\"lazy\" decoding=\"async\" src=\"http:\/\/buceogalatea.com\/buceo\/wp-content\/uploads\/2021\/05\/173037848_4227742270626400_4750799280632068507_n-1450x966.jpg\" alt=\"\" class=\"wp-image-1978\" width=\"725\" height=\"483\" srcset=\"https:\/\/buceogalatea.com\/buceo\/wp-content\/uploads\/2021\/05\/173037848_4227742270626400_4750799280632068507_n-1450x966.jpg 1450w, https:\/\/buceogalatea.com\/buceo\/wp-content\/uploads\/2021\/05\/173037848_4227742270626400_4750799280632068507_n-300x200.jpg 300w, https:\/\/buceogalatea.com\/buceo\/wp-content\/uploads\/2021\/05\/173037848_4227742270626400_4750799280632068507_n-768x512.jpg 768w, https:\/\/buceogalatea.com\/buceo\/wp-content\/uploads\/2021\/05\/173037848_4227742270626400_4750799280632068507_n-1536x1024.jpg 1536w, https:\/\/buceogalatea.com\/buceo\/wp-content\/uploads\/2021\/05\/173037848_4227742270626400_4750799280632068507_n.jpg 2048w\" sizes=\"(max-width: 725px) 100vw, 725px\" \/><figcaption>MEDALLAS DE LA COMPETICION<\/figcaption><\/figure><\/div>\n\n\n\n<div class=\"wp-block-image\"><figure class=\"aligncenter size-large is-resized\"><img loading=\"lazy\" decoding=\"async\" src=\"http:\/\/buceogalatea.com\/buceo\/wp-content\/uploads\/2021\/05\/DISEN\u0303O-MEDALLAS-APNEA-2.jpg\" alt=\"\" class=\"wp-image-1979\" width=\"676\" height=\"475\" srcset=\"https:\/\/buceogalatea.com\/buceo\/wp-content\/uploads\/2021\/05\/DISEN\u0303O-MEDALLAS-APNEA-2.jpg 1351w, https:\/\/buceogalatea.com\/buceo\/wp-content\/uploads\/2021\/05\/DISEN\u0303O-MEDALLAS-APNEA-2-300x211.jpg 300w, https:\/\/buceogalatea.com\/buceo\/wp-content\/uploads\/2021\/05\/DISEN\u0303O-MEDALLAS-APNEA-2-768x539.jpg 768w\" sizes=\"(max-width: 676px) 100vw, 676px\" \/><\/figure><\/div>\n\n\n\n<p>Damos las gracias a los competidores que asistieron , a los jueces que participaron , asistentes , colaboradores , patrocinadores , Ayuntamiento de Suances , Piscina municipal de Suances , etc. Muchas gracias a todos.<\/p>\n\n\n\n<figure class=\"wp-block-gallery aligncenter columns-3 is-cropped wp-block-gallery-1 is-layout-flex wp-block-gallery-is-layout-flex\"><ul class=\"blocks-gallery-grid\"><li class=\"blocks-gallery-item\"><figure><img loading=\"lazy\" decoding=\"async\" width=\"1450\" height=\"966\" src=\"http:\/\/buceogalatea.com\/buceo\/wp-content\/uploads\/2021\/05\/171939266_4227790593954901_57014322202609112_n-1450x966.jpg\" alt=\"\" data-id=\"1980\" data-full-url=\"http:\/\/buceogalatea.com\/buceo\/wp-content\/uploads\/2021\/05\/171939266_4227790593954901_57014322202609112_n.jpg\" data-link=\"http:\/\/buceogalatea.com\/buceo\/?attachment_id=1980\" class=\"wp-image-1980\" srcset=\"https:\/\/buceogalatea.com\/buceo\/wp-content\/uploads\/2021\/05\/171939266_4227790593954901_57014322202609112_n-1450x966.jpg 1450w, https:\/\/buceogalatea.com\/buceo\/wp-content\/uploads\/2021\/05\/171939266_4227790593954901_57014322202609112_n-300x200.jpg 300w, https:\/\/buceogalatea.com\/buceo\/wp-content\/uploads\/2021\/05\/171939266_4227790593954901_57014322202609112_n-768x512.jpg 768w, https:\/\/buceogalatea.com\/buceo\/wp-content\/uploads\/2021\/05\/171939266_4227790593954901_57014322202609112_n-1536x1024.jpg 1536w, https:\/\/buceogalatea.com\/buceo\/wp-content\/uploads\/2021\/05\/171939266_4227790593954901_57014322202609112_n.jpg 2048w\" sizes=\"(max-width: 1450px) 100vw, 1450px\" \/><\/figure><\/li><li class=\"blocks-gallery-item\"><figure><img loading=\"lazy\" decoding=\"async\" width=\"1450\" height=\"966\" src=\"http:\/\/buceogalatea.com\/buceo\/wp-content\/uploads\/2021\/05\/172646449_4227748107292483_819254551232853163_n-1450x966.jpg\" alt=\"\" data-id=\"1981\" data-full-url=\"http:\/\/buceogalatea.com\/buceo\/wp-content\/uploads\/2021\/05\/172646449_4227748107292483_819254551232853163_n.jpg\" data-link=\"http:\/\/buceogalatea.com\/buceo\/?attachment_id=1981\" class=\"wp-image-1981\" srcset=\"https:\/\/buceogalatea.com\/buceo\/wp-content\/uploads\/2021\/05\/172646449_4227748107292483_819254551232853163_n-1450x966.jpg 1450w, https:\/\/buceogalatea.com\/buceo\/wp-content\/uploads\/2021\/05\/172646449_4227748107292483_819254551232853163_n-300x200.jpg 300w, https:\/\/buceogalatea.com\/buceo\/wp-content\/uploads\/2021\/05\/172646449_4227748107292483_819254551232853163_n-768x512.jpg 768w, https:\/\/buceogalatea.com\/buceo\/wp-content\/uploads\/2021\/05\/172646449_4227748107292483_819254551232853163_n-1536x1024.jpg 1536w, https:\/\/buceogalatea.com\/buceo\/wp-content\/uploads\/2021\/05\/172646449_4227748107292483_819254551232853163_n.jpg 2048w\" sizes=\"(max-width: 1450px) 100vw, 1450px\" \/><\/figure><\/li><li class=\"blocks-gallery-item\"><figure><img loading=\"lazy\" decoding=\"async\" width=\"1450\" height=\"966\" src=\"http:\/\/buceogalatea.com\/buceo\/wp-content\/uploads\/2021\/05\/172674238_4227823697284924_455387946704930577_n-1450x966.jpg\" alt=\"\" data-id=\"1982\" data-full-url=\"http:\/\/buceogalatea.com\/buceo\/wp-content\/uploads\/2021\/05\/172674238_4227823697284924_455387946704930577_n.jpg\" data-link=\"http:\/\/buceogalatea.com\/buceo\/?attachment_id=1982\" class=\"wp-image-1982\" srcset=\"https:\/\/buceogalatea.com\/buceo\/wp-content\/uploads\/2021\/05\/172674238_4227823697284924_455387946704930577_n-1450x966.jpg 1450w, https:\/\/buceogalatea.com\/buceo\/wp-content\/uploads\/2021\/05\/172674238_4227823697284924_455387946704930577_n-300x200.jpg 300w, https:\/\/buceogalatea.com\/buceo\/wp-content\/uploads\/2021\/05\/172674238_4227823697284924_455387946704930577_n-768x512.jpg 768w, https:\/\/buceogalatea.com\/buceo\/wp-content\/uploads\/2021\/05\/172674238_4227823697284924_455387946704930577_n-1536x1024.jpg 1536w, https:\/\/buceogalatea.com\/buceo\/wp-content\/uploads\/2021\/05\/172674238_4227823697284924_455387946704930577_n.jpg 2048w\" sizes=\"(max-width: 1450px) 100vw, 1450px\" \/><\/figure><\/li><li class=\"blocks-gallery-item\"><figure><img loading=\"lazy\" decoding=\"async\" width=\"1450\" height=\"966\" src=\"http:\/\/buceogalatea.com\/buceo\/wp-content\/uploads\/2021\/05\/172743796_4227831977284096_3307150267062719595_n-1450x966.jpg\" alt=\"\" data-id=\"1983\" data-full-url=\"http:\/\/buceogalatea.com\/buceo\/wp-content\/uploads\/2021\/05\/172743796_4227831977284096_3307150267062719595_n.jpg\" data-link=\"http:\/\/buceogalatea.com\/buceo\/?attachment_id=1983\" class=\"wp-image-1983\" srcset=\"https:\/\/buceogalatea.com\/buceo\/wp-content\/uploads\/2021\/05\/172743796_4227831977284096_3307150267062719595_n-1450x966.jpg 1450w, https:\/\/buceogalatea.com\/buceo\/wp-content\/uploads\/2021\/05\/172743796_4227831977284096_3307150267062719595_n-300x200.jpg 300w, https:\/\/buceogalatea.com\/buceo\/wp-content\/uploads\/2021\/05\/172743796_4227831977284096_3307150267062719595_n-768x512.jpg 768w, https:\/\/buceogalatea.com\/buceo\/wp-content\/uploads\/2021\/05\/172743796_4227831977284096_3307150267062719595_n-1536x1024.jpg 1536w, https:\/\/buceogalatea.com\/buceo\/wp-content\/uploads\/2021\/05\/172743796_4227831977284096_3307150267062719595_n.jpg 2048w\" sizes=\"(max-width: 1450px) 100vw, 1450px\" \/><\/figure><\/li><li class=\"blocks-gallery-item\"><figure><img loading=\"lazy\" decoding=\"async\" width=\"1450\" height=\"966\" src=\"http:\/\/buceogalatea.com\/buceo\/wp-content\/uploads\/2021\/05\/172755555_4227825393951421_7171675620683550389_n-1450x966.jpg\" alt=\"\" data-id=\"1984\" data-full-url=\"http:\/\/buceogalatea.com\/buceo\/wp-content\/uploads\/2021\/05\/172755555_4227825393951421_7171675620683550389_n.jpg\" data-link=\"http:\/\/buceogalatea.com\/buceo\/?attachment_id=1984\" class=\"wp-image-1984\" srcset=\"https:\/\/buceogalatea.com\/buceo\/wp-content\/uploads\/2021\/05\/172755555_4227825393951421_7171675620683550389_n-1450x966.jpg 1450w, https:\/\/buceogalatea.com\/buceo\/wp-content\/uploads\/2021\/05\/172755555_4227825393951421_7171675620683550389_n-300x200.jpg 300w, https:\/\/buceogalatea.com\/buceo\/wp-content\/uploads\/2021\/05\/172755555_4227825393951421_7171675620683550389_n-768x512.jpg 768w, https:\/\/buceogalatea.com\/buceo\/wp-content\/uploads\/2021\/05\/172755555_4227825393951421_7171675620683550389_n-1536x1024.jpg 1536w, https:\/\/buceogalatea.com\/buceo\/wp-content\/uploads\/2021\/05\/172755555_4227825393951421_7171675620683550389_n.jpg 2048w\" sizes=\"(max-width: 1450px) 100vw, 1450px\" \/><\/figure><\/li><li class=\"blocks-gallery-item\"><figure><img loading=\"lazy\" decoding=\"async\" width=\"1450\" height=\"966\" src=\"http:\/\/buceogalatea.com\/buceo\/wp-content\/uploads\/2021\/05\/172850232_4227829537284340_6027477281083660019_n-1450x966.jpg\" alt=\"\" data-id=\"1985\" data-full-url=\"http:\/\/buceogalatea.com\/buceo\/wp-content\/uploads\/2021\/05\/172850232_4227829537284340_6027477281083660019_n.jpg\" data-link=\"http:\/\/buceogalatea.com\/buceo\/?attachment_id=1985\" class=\"wp-image-1985\" srcset=\"https:\/\/buceogalatea.com\/buceo\/wp-content\/uploads\/2021\/05\/172850232_4227829537284340_6027477281083660019_n-1450x966.jpg 1450w, https:\/\/buceogalatea.com\/buceo\/wp-content\/uploads\/2021\/05\/172850232_4227829537284340_6027477281083660019_n-300x200.jpg 300w, https:\/\/buceogalatea.com\/buceo\/wp-content\/uploads\/2021\/05\/172850232_4227829537284340_6027477281083660019_n-768x512.jpg 768w, https:\/\/buceogalatea.com\/buceo\/wp-content\/uploads\/2021\/05\/172850232_4227829537284340_6027477281083660019_n-1536x1024.jpg 1536w, https:\/\/buceogalatea.com\/buceo\/wp-content\/uploads\/2021\/05\/172850232_4227829537284340_6027477281083660019_n.jpg 2048w\" sizes=\"(max-width: 1450px) 100vw, 1450px\" \/><\/figure><\/li><li class=\"blocks-gallery-item\"><figure><img loading=\"lazy\" decoding=\"async\" width=\"1450\" height=\"966\" src=\"http:\/\/buceogalatea.com\/buceo\/wp-content\/uploads\/2021\/05\/172899626_4227790040621623_2746985491463506946_n-1450x966.jpg\" alt=\"\" data-id=\"1986\" data-full-url=\"http:\/\/buceogalatea.com\/buceo\/wp-content\/uploads\/2021\/05\/172899626_4227790040621623_2746985491463506946_n.jpg\" data-link=\"http:\/\/buceogalatea.com\/buceo\/?attachment_id=1986\" class=\"wp-image-1986\" srcset=\"https:\/\/buceogalatea.com\/buceo\/wp-content\/uploads\/2021\/05\/172899626_4227790040621623_2746985491463506946_n-1450x966.jpg 1450w, https:\/\/buceogalatea.com\/buceo\/wp-content\/uploads\/2021\/05\/172899626_4227790040621623_2746985491463506946_n-300x200.jpg 300w, https:\/\/buceogalatea.com\/buceo\/wp-content\/uploads\/2021\/05\/172899626_4227790040621623_2746985491463506946_n-768x512.jpg 768w, https:\/\/buceogalatea.com\/buceo\/wp-content\/uploads\/2021\/05\/172899626_4227790040621623_2746985491463506946_n-1536x1024.jpg 1536w, https:\/\/buceogalatea.com\/buceo\/wp-content\/uploads\/2021\/05\/172899626_4227790040621623_2746985491463506946_n.jpg 2048w\" sizes=\"(max-width: 1450px) 100vw, 1450px\" \/><\/figure><\/li><li class=\"blocks-gallery-item\"><figure><img loading=\"lazy\" decoding=\"async\" width=\"1450\" height=\"966\" src=\"http:\/\/buceogalatea.com\/buceo\/wp-content\/uploads\/2021\/05\/172958304_4227830463950914_600194530892754733_n-1450x966.jpg\" alt=\"\" data-id=\"1987\" data-full-url=\"http:\/\/buceogalatea.com\/buceo\/wp-content\/uploads\/2021\/05\/172958304_4227830463950914_600194530892754733_n.jpg\" data-link=\"http:\/\/buceogalatea.com\/buceo\/?attachment_id=1987\" class=\"wp-image-1987\" srcset=\"https:\/\/buceogalatea.com\/buceo\/wp-content\/uploads\/2021\/05\/172958304_4227830463950914_600194530892754733_n-1450x966.jpg 1450w, https:\/\/buceogalatea.com\/buceo\/wp-content\/uploads\/2021\/05\/172958304_4227830463950914_600194530892754733_n-300x200.jpg 300w, https:\/\/buceogalatea.com\/buceo\/wp-content\/uploads\/2021\/05\/172958304_4227830463950914_600194530892754733_n-768x512.jpg 768w, https:\/\/buceogalatea.com\/buceo\/wp-content\/uploads\/2021\/05\/172958304_4227830463950914_600194530892754733_n-1536x1024.jpg 1536w, https:\/\/buceogalatea.com\/buceo\/wp-content\/uploads\/2021\/05\/172958304_4227830463950914_600194530892754733_n.jpg 2048w\" sizes=\"(max-width: 1450px) 100vw, 1450px\" \/><\/figure><\/li><li class=\"blocks-gallery-item\"><figure><img loading=\"lazy\" decoding=\"async\" width=\"1450\" height=\"966\" src=\"http:\/\/buceogalatea.com\/buceo\/wp-content\/uploads\/2021\/05\/173023997_4227825880618039_4580829659368213046_n-1450x966.jpg\" alt=\"\" data-id=\"1988\" data-full-url=\"http:\/\/buceogalatea.com\/buceo\/wp-content\/uploads\/2021\/05\/173023997_4227825880618039_4580829659368213046_n.jpg\" data-link=\"http:\/\/buceogalatea.com\/buceo\/?attachment_id=1988\" class=\"wp-image-1988\" srcset=\"https:\/\/buceogalatea.com\/buceo\/wp-content\/uploads\/2021\/05\/173023997_4227825880618039_4580829659368213046_n-1450x966.jpg 1450w, https:\/\/buceogalatea.com\/buceo\/wp-content\/uploads\/2021\/05\/173023997_4227825880618039_4580829659368213046_n-300x200.jpg 300w, https:\/\/buceogalatea.com\/buceo\/wp-content\/uploads\/2021\/05\/173023997_4227825880618039_4580829659368213046_n-768x512.jpg 768w, https:\/\/buceogalatea.com\/buceo\/wp-content\/uploads\/2021\/05\/173023997_4227825880618039_4580829659368213046_n-1536x1024.jpg 1536w, https:\/\/buceogalatea.com\/buceo\/wp-content\/uploads\/2021\/05\/173023997_4227825880618039_4580829659368213046_n.jpg 2048w\" sizes=\"(max-width: 1450px) 100vw, 1450px\" \/><\/figure><\/li><li class=\"blocks-gallery-item\"><figure><img loading=\"lazy\" decoding=\"async\" width=\"1450\" height=\"966\" src=\"http:\/\/buceogalatea.com\/buceo\/wp-content\/uploads\/2021\/05\/173058469_4227824710618156_8529619946904975528_n-1450x966.jpg\" alt=\"\" data-id=\"1989\" data-full-url=\"http:\/\/buceogalatea.com\/buceo\/wp-content\/uploads\/2021\/05\/173058469_4227824710618156_8529619946904975528_n.jpg\" data-link=\"http:\/\/buceogalatea.com\/buceo\/?attachment_id=1989\" class=\"wp-image-1989\" srcset=\"https:\/\/buceogalatea.com\/buceo\/wp-content\/uploads\/2021\/05\/173058469_4227824710618156_8529619946904975528_n-1450x966.jpg 1450w, https:\/\/buceogalatea.com\/buceo\/wp-content\/uploads\/2021\/05\/173058469_4227824710618156_8529619946904975528_n-300x200.jpg 300w, https:\/\/buceogalatea.com\/buceo\/wp-content\/uploads\/2021\/05\/173058469_4227824710618156_8529619946904975528_n-768x512.jpg 768w, https:\/\/buceogalatea.com\/buceo\/wp-content\/uploads\/2021\/05\/173058469_4227824710618156_8529619946904975528_n-1536x1024.jpg 1536w, https:\/\/buceogalatea.com\/buceo\/wp-content\/uploads\/2021\/05\/173058469_4227824710618156_8529619946904975528_n.jpg 2048w\" sizes=\"(max-width: 1450px) 100vw, 1450px\" \/><\/figure><\/li><li class=\"blocks-gallery-item\"><figure><img loading=\"lazy\" decoding=\"async\" width=\"1450\" height=\"966\" src=\"http:\/\/buceogalatea.com\/buceo\/wp-content\/uploads\/2021\/05\/173060046_4227831067284187_881598360849219185_n-1450x966.jpg\" alt=\"\" data-id=\"1990\" data-full-url=\"http:\/\/buceogalatea.com\/buceo\/wp-content\/uploads\/2021\/05\/173060046_4227831067284187_881598360849219185_n.jpg\" data-link=\"http:\/\/buceogalatea.com\/buceo\/?attachment_id=1990\" class=\"wp-image-1990\" srcset=\"https:\/\/buceogalatea.com\/buceo\/wp-content\/uploads\/2021\/05\/173060046_4227831067284187_881598360849219185_n-1450x966.jpg 1450w, https:\/\/buceogalatea.com\/buceo\/wp-content\/uploads\/2021\/05\/173060046_4227831067284187_881598360849219185_n-300x200.jpg 300w, https:\/\/buceogalatea.com\/buceo\/wp-content\/uploads\/2021\/05\/173060046_4227831067284187_881598360849219185_n-768x512.jpg 768w, https:\/\/buceogalatea.com\/buceo\/wp-content\/uploads\/2021\/05\/173060046_4227831067284187_881598360849219185_n-1536x1024.jpg 1536w, https:\/\/buceogalatea.com\/buceo\/wp-content\/uploads\/2021\/05\/173060046_4227831067284187_881598360849219185_n.jpg 2048w\" sizes=\"(max-width: 1450px) 100vw, 1450px\" \/><\/figure><\/li><li class=\"blocks-gallery-item\"><figure><img loading=\"lazy\" decoding=\"async\" width=\"1450\" height=\"966\" src=\"http:\/\/buceogalatea.com\/buceo\/wp-content\/uploads\/2021\/05\/173067843_4227827053951255_7372458731723689771_n-1450x966.jpg\" alt=\"\" data-id=\"1991\" data-full-url=\"http:\/\/buceogalatea.com\/buceo\/wp-content\/uploads\/2021\/05\/173067843_4227827053951255_7372458731723689771_n.jpg\" data-link=\"http:\/\/buceogalatea.com\/buceo\/?attachment_id=1991\" class=\"wp-image-1991\" srcset=\"https:\/\/buceogalatea.com\/buceo\/wp-content\/uploads\/2021\/05\/173067843_4227827053951255_7372458731723689771_n-1450x966.jpg 1450w, https:\/\/buceogalatea.com\/buceo\/wp-content\/uploads\/2021\/05\/173067843_4227827053951255_7372458731723689771_n-300x200.jpg 300w, https:\/\/buceogalatea.com\/buceo\/wp-content\/uploads\/2021\/05\/173067843_4227827053951255_7372458731723689771_n-768x512.jpg 768w, https:\/\/buceogalatea.com\/buceo\/wp-content\/uploads\/2021\/05\/173067843_4227827053951255_7372458731723689771_n-1536x1024.jpg 1536w, https:\/\/buceogalatea.com\/buceo\/wp-content\/uploads\/2021\/05\/173067843_4227827053951255_7372458731723689771_n.jpg 2048w\" sizes=\"(max-width: 1450px) 100vw, 1450px\" \/><\/figure><\/li><\/ul><\/figure>\n\n\n\n<figure class=\"wp-block-embed aligncenter is-type-video is-provider-youtube wp-block-embed-youtube wp-embed-aspect-16-9 wp-has-aspect-ratio\"><div class=\"wp-block-embed__wrapper\">\n<iframe loading=\"lazy\" title=\"CAMPEONATO AUTONOMICO DE APNEA INDOOR - BUCEO GALATEA - SUANCES 10 ABRIL 2021\" width=\"750\" height=\"422\" src=\"https:\/\/www.youtube.com\/embed\/R2VB_RHTMek?feature=oembed\" frameborder=\"0\" allow=\"accelerometer; autoplay; clipboard-write; encrypted-media; gyroscope; picture-in-picture\" allowfullscreen><\/iframe>\n<\/div><\/figure>\n","protected":false},"excerpt":{"rendered":"<p>El dia 10 de Abril de 2021 se celebro en la piscina municipal de Suances el campeonato de Cantabria de apnea indoor . Organizado este a\u00f1o por nosotros , el club de buceo Galatea junto a la federaci\u00f3n cantabra de<\/p>\n","protected":false},"author":1,"featured_media":0,"parent":0,"menu_order":0,"comment_status":"closed","ping_status":"closed","template":"","meta":{"footnotes":""},"_links":{"self":[{"href":"https:\/\/buceogalatea.com\/buceo\/wp-json\/wp\/v2\/pages\/1977"}],"collection":[{"href":"https:\/\/buceogalatea.com\/buceo\/wp-json\/wp\/v2\/pages"}],"about":[{"href":"https:\/\/buceogalatea.com\/buceo\/wp-json\/wp\/v2\/types\/page"}],"author":[{"embeddable":true,"href":"https:\/\/buceogalatea.com\/buceo\/wp-json\/wp\/v2\/users\/1"}],"replies":[{"embeddable":true,"href":"https:\/\/buceogalatea.com\/buceo\/wp-json\/wp\/v2\/comments?post=1977"}],"version-history":[{"count":1,"href":"https:\/\/buceogalatea.com\/buceo\/wp-json\/wp\/v2\/pages\/1977\/revisions"}],"predecessor-version":[{"id":1992,"href":"https:\/\/buceogalatea.com\/buceo\/wp-json\/wp\/v2\/pages\/1977\/revisions\/1992"}],"wp:attachment":[{"href":"https:\/\/buceogalatea.com\/buceo\/wp-json\/wp\/v2\/media?parent=1977"}],"curies":[{"name":"wp","href":"https:\/\/api.w.org\/{rel}","templated":true}]}}