{"id":280,"date":"2020-02-09T11:19:52","date_gmt":"2020-02-09T09:19:52","guid":{"rendered":"http:\/\/buceogalatea.com\/buceo\/?page_id=280"},"modified":"2020-04-26T15:03:24","modified_gmt":"2020-04-26T13:03:24","slug":"fedas-buceador-de-1-estrella","status":"publish","type":"page","link":"https:\/\/buceogalatea.com\/buceo\/fedas-buceador-de-1-estrella\/","title":{"rendered":"FEDAS BUCEADOR 1 ESTRELLA"},"content":{"rendered":"\n<div class=\"wp-block-image\"><figure class=\"aligncenter size-large is-resized\"><img loading=\"lazy\" decoding=\"async\" src=\"http:\/\/buceogalatea.com\/buceo\/wp-content\/uploads\/2020\/02\/BANNER-CURSOS.jpg\" alt=\"\" class=\"wp-image-246\" width=\"1050\" height=\"225\" srcset=\"https:\/\/buceogalatea.com\/buceo\/wp-content\/uploads\/2020\/02\/BANNER-CURSOS.jpg 1400w, https:\/\/buceogalatea.com\/buceo\/wp-content\/uploads\/2020\/02\/BANNER-CURSOS-300x64.jpg 300w, https:\/\/buceogalatea.com\/buceo\/wp-content\/uploads\/2020\/02\/BANNER-CURSOS-768x165.jpg 768w\" sizes=\"(max-width: 1050px) 100vw, 1050px\" \/><\/figure><\/div>\n\n\n\n<h2 class=\"has-text-align-center wp-block-heading\"><strong>BUCEADOR UNA ESTRELLA<\/strong><\/h2>\n\n\n\n<p class=\"has-text-align-center\">(C\u00f3digo: B1E)<\/p>\n\n\n\n<div class=\"wp-block-image\"><figure class=\"aligncenter is-resized\"><img loading=\"lazy\" decoding=\"async\" src=\"https:\/\/thumbs.gfycat.com\/OblongShockedCow-size_restricted.gif\" alt=\"Resultado de imagen de ESTRELLA GIF\" width=\"100\" height=\"91\"\/><\/figure><\/div>\n\n\n\n<p><strong>REQUISITOS:<\/strong><\/p>\n\n\n\n<ul><li><strong>Edad M\u00ednima: 14 a\u00f1os.<\/strong><\/li><li><strong>Certificado M\u00e9dico.<\/strong><\/li><li><strong>Licencia Federativa en vigor.<\/strong><\/li><\/ul>\n\n\n\n<div class=\"wp-block-image\"><figure class=\"aligncenter size-large\"><img loading=\"lazy\" decoding=\"async\" width=\"323\" height=\"200\" src=\"http:\/\/buceogalatea.com\/buceo\/wp-content\/uploads\/2020\/02\/CMAS-1E.jpg\" alt=\"\" class=\"wp-image-312\" srcset=\"https:\/\/buceogalatea.com\/buceo\/wp-content\/uploads\/2020\/02\/CMAS-1E.jpg 323w, https:\/\/buceogalatea.com\/buceo\/wp-content\/uploads\/2020\/02\/CMAS-1E-300x186.jpg 300w\" sizes=\"(max-width: 323px) 100vw, 323px\" \/><\/figure><\/div>\n\n\n\n<p><strong>ATRIBUCIONES:<a href=\"http:\/\/www.fcdas.com\/FCDAS_Web\/wp-content\/uploads\/2012\/07\/carnet_cmas2.gif\"><\/a><\/strong><\/p>\n\n\n\n<ul><li><strong>Realizar inmersiones hasta 25 m. de profundidad, sin entrar en descompresi\u00f3n (una vez terminado el periodo de pr\u00e1cticas de 20 inmersiones registradas).<\/strong><\/li><\/ul>\n\n\n\n<p><strong>MANUAL:<\/strong><\/p>\n\n\n\n<div class=\"wp-block-image\"><figure class=\"aligncenter size-large\"><img loading=\"lazy\" decoding=\"async\" width=\"595\" height=\"842\" src=\"http:\/\/buceogalatea.com\/buceo\/wp-content\/uploads\/2020\/02\/vnd5k98kmglx.jpg\" alt=\"\" class=\"wp-image-298\" srcset=\"https:\/\/buceogalatea.com\/buceo\/wp-content\/uploads\/2020\/02\/vnd5k98kmglx.jpg 595w, https:\/\/buceogalatea.com\/buceo\/wp-content\/uploads\/2020\/02\/vnd5k98kmglx-212x300.jpg 212w\" sizes=\"(max-width: 595px) 100vw, 595px\" \/><\/figure><\/div>\n\n\n\n<p><strong>(Estas atribuciones son dentro del territorio nacional. En otros pa\u00edses deber\u00e1n ajustarse a la legislaci\u00f3n vigente)<\/strong><\/p>\n\n\n\n<div class=\"wp-block-image\"><figure class=\"aligncenter size-large is-resized\"><img loading=\"lazy\" decoding=\"async\" src=\"http:\/\/buceogalatea.com\/buceo\/wp-content\/uploads\/2020\/02\/BANNER-ESPECIALIDADES-FEDAS.jpg\" alt=\"\" class=\"wp-image-247\" width=\"1050\" height=\"225\" srcset=\"https:\/\/buceogalatea.com\/buceo\/wp-content\/uploads\/2020\/02\/BANNER-ESPECIALIDADES-FEDAS.jpg 1400w, https:\/\/buceogalatea.com\/buceo\/wp-content\/uploads\/2020\/02\/BANNER-ESPECIALIDADES-FEDAS-300x64.jpg 300w, https:\/\/buceogalatea.com\/buceo\/wp-content\/uploads\/2020\/02\/BANNER-ESPECIALIDADES-FEDAS-768x165.jpg 768w\" sizes=\"(max-width: 1050px) 100vw, 1050px\" \/><\/figure><\/div>\n","protected":false},"excerpt":{"rendered":"<p>BUCEADOR UNA ESTRELLA (C\u00f3digo: B1E) REQUISITOS: Edad M\u00ednima: 14 a\u00f1os. Certificado M\u00e9dico. Licencia Federativa en vigor. ATRIBUCIONES: Realizar inmersiones hasta 25 m. de profundidad, sin entrar en descompresi\u00f3n (una vez terminado el periodo de pr\u00e1cticas de 20 inmersiones registradas). MANUAL:<\/p>\n","protected":false},"author":1,"featured_media":0,"parent":0,"menu_order":0,"comment_status":"closed","ping_status":"closed","template":"","meta":{"footnotes":""},"_links":{"self":[{"href":"https:\/\/buceogalatea.com\/buceo\/wp-json\/wp\/v2\/pages\/280"}],"collection":[{"href":"https:\/\/buceogalatea.com\/buceo\/wp-json\/wp\/v2\/pages"}],"about":[{"href":"https:\/\/buceogalatea.com\/buceo\/wp-json\/wp\/v2\/types\/page"}],"author":[{"embeddable":true,"href":"https:\/\/buceogalatea.com\/buceo\/wp-json\/wp\/v2\/users\/1"}],"replies":[{"embeddable":true,"href":"https:\/\/buceogalatea.com\/buceo\/wp-json\/wp\/v2\/comments?post=280"}],"version-history":[{"count":9,"href":"https:\/\/buceogalatea.com\/buceo\/wp-json\/wp\/v2\/pages\/280\/revisions"}],"predecessor-version":[{"id":1599,"href":"https:\/\/buceogalatea.com\/buceo\/wp-json\/wp\/v2\/pages\/280\/revisions\/1599"}],"wp:attachment":[{"href":"https:\/\/buceogalatea.com\/buceo\/wp-json\/wp\/v2\/media?parent=280"}],"curies":[{"name":"wp","href":"https:\/\/api.w.org\/{rel}","templated":true}]}}