{"id":289,"date":"2020-02-09T11:26:17","date_gmt":"2020-02-09T09:26:17","guid":{"rendered":"http:\/\/buceogalatea.com\/buceo\/?page_id=289"},"modified":"2020-04-26T15:03:40","modified_gmt":"2020-04-26T13:03:40","slug":"fedas-buceador-2-estrellas","status":"publish","type":"page","link":"https:\/\/buceogalatea.com\/buceo\/fedas-buceador-2-estrellas\/","title":{"rendered":"FEDAS BUCEADOR 2 ESTRELLAS"},"content":{"rendered":"\n<div class=\"wp-block-image\"><figure class=\"aligncenter size-large is-resized\"><img loading=\"lazy\" decoding=\"async\" src=\"http:\/\/buceogalatea.com\/buceo\/wp-content\/uploads\/2020\/02\/BANNER-CURSOS.jpg\" alt=\"\" class=\"wp-image-246\" width=\"1050\" height=\"225\" srcset=\"https:\/\/buceogalatea.com\/buceo\/wp-content\/uploads\/2020\/02\/BANNER-CURSOS.jpg 1400w, https:\/\/buceogalatea.com\/buceo\/wp-content\/uploads\/2020\/02\/BANNER-CURSOS-300x64.jpg 300w, https:\/\/buceogalatea.com\/buceo\/wp-content\/uploads\/2020\/02\/BANNER-CURSOS-768x165.jpg 768w\" sizes=\"(max-width: 1050px) 100vw, 1050px\" \/><\/figure><\/div>\n\n\n\n<h2 class=\"has-text-align-center wp-block-heading\"><strong>BUCEADOR DOS ESTRELLAS<\/strong><\/h2>\n\n\n\n<p class=\"has-text-align-center\">(C\u00f3digo B2E)<\/p>\n\n\n\n<div class=\"wp-block-image\"><figure class=\"aligncenter is-resized\"><img loading=\"lazy\" decoding=\"async\" src=\"https:\/\/thumbs.gfycat.com\/OblongShockedCow-size_restricted.gif\" alt=\"Resultado de imagen de ESTRELLA GIF\" width=\"100\" height=\"91\"\/><\/figure><\/div>\n\n\n\n<div class=\"wp-block-image\"><figure class=\"aligncenter is-resized\"><img loading=\"lazy\" decoding=\"async\" src=\"https:\/\/thumbs.gfycat.com\/OblongShockedCow-size_restricted.gif\" alt=\"Resultado de imagen de ESTRELLA GIF\" width=\"100\" height=\"91\"\/><\/figure><\/div>\n\n\n\n<p><strong>REQUISITOS:<\/strong><\/p>\n\n\n\n<ul><li><strong>Edad Minima: 15 a\u00f1os.<\/strong><\/li><li><strong>Certificado M\u00e9dico.<\/strong><\/li><li><strong>Licencia Federativa en vigor.<\/strong><\/li><li><strong>Estar en posesi\u00f3n del titulo de B1E de FEDAS o equivalente.<\/strong><\/li><li><strong>Estar en posesi\u00f3n de la especialidad de Soporte Vital B\u00e1sico de FEDAS.<\/strong><\/li><li><strong>Tener&nbsp;en el Libro de Inmersiones un m\u00ednimo de 20 inmersiones o 10 con Instructor.<\/strong><\/li><\/ul>\n\n\n\n<div class=\"wp-block-image\"><figure class=\"aligncenter size-large\"><img loading=\"lazy\" decoding=\"async\" width=\"323\" height=\"200\" src=\"http:\/\/buceogalatea.com\/buceo\/wp-content\/uploads\/2020\/02\/CMAS-2E.jpg\" alt=\"\" class=\"wp-image-309\" srcset=\"https:\/\/buceogalatea.com\/buceo\/wp-content\/uploads\/2020\/02\/CMAS-2E.jpg 323w, https:\/\/buceogalatea.com\/buceo\/wp-content\/uploads\/2020\/02\/CMAS-2E-300x186.jpg 300w\" sizes=\"(max-width: 323px) 100vw, 323px\" \/><\/figure><\/div>\n\n\n\n<p><strong>ATRIBUCIONES:<\/strong><\/p>\n\n\n\n<ul><li><strong>Realizar inmersiones hasta 40 m. de&nbsp;profundidad, pudiendo entrar en descompresi\u00f3n.<\/strong><\/li><\/ul>\n\n\n\n<div class=\"wp-block-image\"><figure class=\"aligncenter size-large is-resized\"><img loading=\"lazy\" decoding=\"async\" src=\"http:\/\/buceogalatea.com\/buceo\/wp-content\/uploads\/2020\/02\/MANUAL-B2E.jpeg\" alt=\"\" class=\"wp-image-302\" width=\"448\" height=\"578\" srcset=\"https:\/\/buceogalatea.com\/buceo\/wp-content\/uploads\/2020\/02\/MANUAL-B2E.jpeg 597w, https:\/\/buceogalatea.com\/buceo\/wp-content\/uploads\/2020\/02\/MANUAL-B2E-233x300.jpeg 233w\" sizes=\"(max-width: 448px) 100vw, 448px\" \/><\/figure><\/div>\n\n\n\n<p><strong>(Estas atribuciones son dentro del territorio nacional. En otros pa\u00edses deber\u00e1n ajustarse a la legislaci\u00f3n vigente).<\/strong><\/p>\n\n\n\n<div class=\"wp-block-image\"><figure class=\"aligncenter size-large is-resized\"><img loading=\"lazy\" decoding=\"async\" src=\"http:\/\/buceogalatea.com\/buceo\/wp-content\/uploads\/2020\/02\/BANNER-ESPECIALIDADES-FEDAS.jpg\" alt=\"\" class=\"wp-image-247\" width=\"1050\" height=\"225\" srcset=\"https:\/\/buceogalatea.com\/buceo\/wp-content\/uploads\/2020\/02\/BANNER-ESPECIALIDADES-FEDAS.jpg 1400w, https:\/\/buceogalatea.com\/buceo\/wp-content\/uploads\/2020\/02\/BANNER-ESPECIALIDADES-FEDAS-300x64.jpg 300w, https:\/\/buceogalatea.com\/buceo\/wp-content\/uploads\/2020\/02\/BANNER-ESPECIALIDADES-FEDAS-768x165.jpg 768w\" sizes=\"(max-width: 1050px) 100vw, 1050px\" \/><\/figure><\/div>\n","protected":false},"excerpt":{"rendered":"<p>BUCEADOR DOS ESTRELLAS (C\u00f3digo B2E) REQUISITOS: Edad Minima: 15 a\u00f1os. Certificado M\u00e9dico. Licencia Federativa en vigor. Estar en posesi\u00f3n del titulo de B1E de FEDAS o equivalente. Estar en posesi\u00f3n de la especialidad de Soporte Vital B\u00e1sico de FEDAS. Tener&nbsp;en<\/p>\n","protected":false},"author":1,"featured_media":0,"parent":0,"menu_order":0,"comment_status":"closed","ping_status":"closed","template":"","meta":{"footnotes":""},"_links":{"self":[{"href":"https:\/\/buceogalatea.com\/buceo\/wp-json\/wp\/v2\/pages\/289"}],"collection":[{"href":"https:\/\/buceogalatea.com\/buceo\/wp-json\/wp\/v2\/pages"}],"about":[{"href":"https:\/\/buceogalatea.com\/buceo\/wp-json\/wp\/v2\/types\/page"}],"author":[{"embeddable":true,"href":"https:\/\/buceogalatea.com\/buceo\/wp-json\/wp\/v2\/users\/1"}],"replies":[{"embeddable":true,"href":"https:\/\/buceogalatea.com\/buceo\/wp-json\/wp\/v2\/comments?post=289"}],"version-history":[{"count":7,"href":"https:\/\/buceogalatea.com\/buceo\/wp-json\/wp\/v2\/pages\/289\/revisions"}],"predecessor-version":[{"id":1601,"href":"https:\/\/buceogalatea.com\/buceo\/wp-json\/wp\/v2\/pages\/289\/revisions\/1601"}],"wp:attachment":[{"href":"https:\/\/buceogalatea.com\/buceo\/wp-json\/wp\/v2\/media?parent=289"}],"curies":[{"name":"wp","href":"https:\/\/api.w.org\/{rel}","templated":true}]}}