{"id":317,"date":"2020-02-09T12:09:48","date_gmt":"2020-02-09T10:09:48","guid":{"rendered":"http:\/\/buceogalatea.com\/buceo\/?page_id=317"},"modified":"2020-04-26T15:04:25","modified_gmt":"2020-04-26T13:04:25","slug":"fedas-buceador-condicionado","status":"publish","type":"page","link":"https:\/\/buceogalatea.com\/buceo\/fedas-buceador-condicionado\/","title":{"rendered":"FEDAS BUCEADOR CONDICIONADO"},"content":{"rendered":"\n<div class=\"wp-block-image\"><figure class=\"aligncenter size-large is-resized\"><img loading=\"lazy\" decoding=\"async\" src=\"http:\/\/buceogalatea.com\/buceo\/wp-content\/uploads\/2020\/02\/BANNER-CURSOS.jpg\" alt=\"\" class=\"wp-image-246\" width=\"1050\" height=\"225\" srcset=\"https:\/\/buceogalatea.com\/buceo\/wp-content\/uploads\/2020\/02\/BANNER-CURSOS.jpg 1400w, https:\/\/buceogalatea.com\/buceo\/wp-content\/uploads\/2020\/02\/BANNER-CURSOS-300x64.jpg 300w, https:\/\/buceogalatea.com\/buceo\/wp-content\/uploads\/2020\/02\/BANNER-CURSOS-768x165.jpg 768w\" sizes=\"(max-width: 1050px) 100vw, 1050px\" \/><\/figure><\/div>\n\n\n\n<h1 class=\"has-text-align-center wp-block-heading\"><strong>BUCEADOR CONDICIONADO<\/strong><\/h1>\n\n\n\n<p class=\"has-text-align-center\">(C\u00f3digo:&nbsp;BCA \/ BCB)<\/p>\n\n\n\n<p><strong>REQUISITOS:<\/strong><\/p>\n\n\n\n<ul><li>Edad m\u00ednima: 14 a\u00f1os.<\/li><li>Licencia Federativa en vigor.<\/li><\/ul>\n\n\n\n<p><strong>ATRIBUCIONES:<\/strong><\/p>\n\n\n\n<p>Realizar inmersiones hasta 25 m. de profundidad sin entrar en descompresi\u00f3n. (Al&nbsp; terminar el periodo de practicas).<\/p>\n\n\n\n<p>Tipo A.- Buceador que por tener una discapacidad f\u00edsica, sensorial o intelectual no puede auxiliar a su compa\u00f1ero de buceo y requiere la presencia de un tercer buceador (con la titulaci\u00f3n m\u00ednima de B2E). Adem\u00e1s su compa\u00f1ero de buceo conoce las limitaciones que tiene en su autonom\u00eda y sabe como ayudarle a superarlas.<\/p>\n\n\n\n<p>Tipo B.- Buceador que si puede auxiliar a su compa\u00f1ero de buceo. Su compa\u00f1ero de buceo conoce las limitaciones que tiene en su autonom\u00eda y sabe como ayudarle a superarlas.<\/p>\n\n\n\n<div class=\"wp-block-image\"><figure class=\"aligncenter size-large is-resized\"><img loading=\"lazy\" decoding=\"async\" src=\"http:\/\/buceogalatea.com\/buceo\/wp-content\/uploads\/2020\/02\/Curso_FEDAS_buceo_adaptado_1200x628.jpg\" alt=\"\" class=\"wp-image-319\" width=\"900\" height=\"471\" srcset=\"https:\/\/buceogalatea.com\/buceo\/wp-content\/uploads\/2020\/02\/Curso_FEDAS_buceo_adaptado_1200x628.jpg 1200w, https:\/\/buceogalatea.com\/buceo\/wp-content\/uploads\/2020\/02\/Curso_FEDAS_buceo_adaptado_1200x628-300x157.jpg 300w, https:\/\/buceogalatea.com\/buceo\/wp-content\/uploads\/2020\/02\/Curso_FEDAS_buceo_adaptado_1200x628-768x402.jpg 768w\" sizes=\"(max-width: 900px) 100vw, 900px\" \/><\/figure><\/div>\n\n\n\n<div class=\"wp-block-image\"><figure class=\"aligncenter size-large is-resized\"><img loading=\"lazy\" decoding=\"async\" src=\"http:\/\/buceogalatea.com\/buceo\/wp-content\/uploads\/2020\/02\/BANNER-ESPECIALIDADES-FEDAS.jpg\" alt=\"\" class=\"wp-image-247\" width=\"1050\" height=\"225\" srcset=\"https:\/\/buceogalatea.com\/buceo\/wp-content\/uploads\/2020\/02\/BANNER-ESPECIALIDADES-FEDAS.jpg 1400w, https:\/\/buceogalatea.com\/buceo\/wp-content\/uploads\/2020\/02\/BANNER-ESPECIALIDADES-FEDAS-300x64.jpg 300w, https:\/\/buceogalatea.com\/buceo\/wp-content\/uploads\/2020\/02\/BANNER-ESPECIALIDADES-FEDAS-768x165.jpg 768w\" sizes=\"(max-width: 1050px) 100vw, 1050px\" \/><\/figure><\/div>\n","protected":false},"excerpt":{"rendered":"<p>BUCEADOR CONDICIONADO (C\u00f3digo:&nbsp;BCA \/ BCB) REQUISITOS: Edad m\u00ednima: 14 a\u00f1os. Licencia Federativa en vigor. ATRIBUCIONES: Realizar inmersiones hasta 25 m. de profundidad sin entrar en descompresi\u00f3n. (Al&nbsp; terminar el periodo de practicas). Tipo A.- Buceador que por tener una discapacidad<\/p>\n","protected":false},"author":1,"featured_media":0,"parent":0,"menu_order":0,"comment_status":"closed","ping_status":"closed","template":"","meta":{"footnotes":""},"_links":{"self":[{"href":"https:\/\/buceogalatea.com\/buceo\/wp-json\/wp\/v2\/pages\/317"}],"collection":[{"href":"https:\/\/buceogalatea.com\/buceo\/wp-json\/wp\/v2\/pages"}],"about":[{"href":"https:\/\/buceogalatea.com\/buceo\/wp-json\/wp\/v2\/types\/page"}],"author":[{"embeddable":true,"href":"https:\/\/buceogalatea.com\/buceo\/wp-json\/wp\/v2\/users\/1"}],"replies":[{"embeddable":true,"href":"https:\/\/buceogalatea.com\/buceo\/wp-json\/wp\/v2\/comments?post=317"}],"version-history":[{"count":4,"href":"https:\/\/buceogalatea.com\/buceo\/wp-json\/wp\/v2\/pages\/317\/revisions"}],"predecessor-version":[{"id":1604,"href":"https:\/\/buceogalatea.com\/buceo\/wp-json\/wp\/v2\/pages\/317\/revisions\/1604"}],"wp:attachment":[{"href":"https:\/\/buceogalatea.com\/buceo\/wp-json\/wp\/v2\/media?parent=317"}],"curies":[{"name":"wp","href":"https:\/\/api.w.org\/{rel}","templated":true}]}}