{"id":322,"date":"2020-02-09T12:27:17","date_gmt":"2020-02-09T10:27:17","guid":{"rendered":"http:\/\/buceogalatea.com\/buceo\/?page_id=322"},"modified":"2020-04-26T15:04:05","modified_gmt":"2020-04-26T13:04:05","slug":"fedas-buceador-4-estrellas","status":"publish","type":"page","link":"https:\/\/buceogalatea.com\/buceo\/fedas-buceador-4-estrellas\/","title":{"rendered":"FEDAS BUCEADOR 4 ESTRELLAS"},"content":{"rendered":"\n<div class=\"wp-block-image\"><figure class=\"aligncenter size-large is-resized\"><img loading=\"lazy\" decoding=\"async\" src=\"http:\/\/buceogalatea.com\/buceo\/wp-content\/uploads\/2020\/02\/BANNER-CURSOS.jpg\" alt=\"\" class=\"wp-image-246\" width=\"1050\" height=\"225\" srcset=\"https:\/\/buceogalatea.com\/buceo\/wp-content\/uploads\/2020\/02\/BANNER-CURSOS.jpg 1400w, https:\/\/buceogalatea.com\/buceo\/wp-content\/uploads\/2020\/02\/BANNER-CURSOS-300x64.jpg 300w, https:\/\/buceogalatea.com\/buceo\/wp-content\/uploads\/2020\/02\/BANNER-CURSOS-768x165.jpg 768w\" sizes=\"(max-width: 1050px) 100vw, 1050px\" \/><\/figure><\/div>\n\n\n\n<h2 class=\"has-text-align-center wp-block-heading\"><strong>BUCEADOR CUATRO ESTRELLAS<a href=\"http:\/\/www.fcdas.com\/FCDAS_Web\/wp-content\/uploads\/2012\/07\/GIF-estrella.gif\"><\/a><a href=\"http:\/\/www.fcdas.com\/FCDAS_Web\/wp-content\/uploads\/2012\/07\/GIF-estrella.gif\"><\/a><a href=\"http:\/\/www.fcdas.com\/FCDAS_Web\/wp-content\/uploads\/2012\/07\/GIF-estrella.gif\"><\/a><a href=\"http:\/\/www.fcdas.com\/FCDAS_Web\/wp-content\/uploads\/2012\/07\/GIF-estrella.gif\"><\/a><\/strong><\/h2>\n\n\n\n<p class=\"has-text-align-center\"><strong>(C\u00f3digo:&nbsp; B4E)<\/strong><\/p>\n\n\n\n<div class=\"wp-block-image\"><figure class=\"aligncenter is-resized\"><img loading=\"lazy\" decoding=\"async\" src=\"https:\/\/thumbs.gfycat.com\/OblongShockedCow-size_restricted.gif\" alt=\"Resultado de imagen de ESTRELLA GIF\" width=\"100\" height=\"91\"\/><\/figure><\/div>\n\n\n\n<div class=\"wp-block-image\"><figure class=\"aligncenter is-resized\"><img loading=\"lazy\" decoding=\"async\" src=\"https:\/\/thumbs.gfycat.com\/OblongShockedCow-size_restricted.gif\" alt=\"Resultado de imagen de ESTRELLA GIF\" width=\"100\" height=\"91\"\/><\/figure><\/div>\n\n\n\n<div class=\"wp-block-image\"><figure class=\"aligncenter is-resized\"><img loading=\"lazy\" decoding=\"async\" src=\"https:\/\/thumbs.gfycat.com\/OblongShockedCow-size_restricted.gif\" alt=\"Resultado de imagen de ESTRELLA GIF\" width=\"100\" height=\"91\"\/><\/figure><\/div>\n\n\n\n<div class=\"wp-block-image\"><figure class=\"aligncenter is-resized\"><img loading=\"lazy\" decoding=\"async\" src=\"https:\/\/thumbs.gfycat.com\/OblongShockedCow-size_restricted.gif\" alt=\"Resultado de imagen de ESTRELLA GIF\" width=\"100\" height=\"91\"\/><\/figure><\/div>\n\n\n\n<p><strong>REQUISITOS:<\/strong><\/p>\n\n\n\n<ul><li><strong>Edad minima: 16 a\u00f1os.<\/strong><\/li><li><strong>Certificado M\u00e9dico.<\/strong><\/li><li><strong>Licencia Federativa vigente.<\/strong><\/li><li><strong>Estar en posesi\u00f3n del titulo de Buceador 3 Estrellas.<\/strong><\/li><li><strong>Tener registradas en el Libro de Inmersiones un m\u00ednimo de 100 inmersiones como B3E.<\/strong><\/li><\/ul>\n\n\n\n<p><strong>ATRIBUCIONES:<\/strong><\/p>\n\n\n\n<ul><li><strong>Las mismas que tiene por su condici\u00f3n de buceador de 3 estrellas.<\/strong><\/li><\/ul>\n\n\n\n<div class=\"wp-block-image\"><figure class=\"aligncenter size-large is-resized\"><img loading=\"lazy\" decoding=\"async\" src=\"http:\/\/buceogalatea.com\/buceo\/wp-content\/uploads\/2020\/02\/BANNER-ESPECIALIDADES-FEDAS.jpg\" alt=\"\" class=\"wp-image-247\" width=\"1050\" height=\"225\" srcset=\"https:\/\/buceogalatea.com\/buceo\/wp-content\/uploads\/2020\/02\/BANNER-ESPECIALIDADES-FEDAS.jpg 1400w, https:\/\/buceogalatea.com\/buceo\/wp-content\/uploads\/2020\/02\/BANNER-ESPECIALIDADES-FEDAS-300x64.jpg 300w, https:\/\/buceogalatea.com\/buceo\/wp-content\/uploads\/2020\/02\/BANNER-ESPECIALIDADES-FEDAS-768x165.jpg 768w\" sizes=\"(max-width: 1050px) 100vw, 1050px\" \/><\/figure><\/div>\n","protected":false},"excerpt":{"rendered":"<p>BUCEADOR CUATRO ESTRELLAS (C\u00f3digo:&nbsp; B4E) REQUISITOS: Edad minima: 16 a\u00f1os. Certificado M\u00e9dico. Licencia Federativa vigente. Estar en posesi\u00f3n del titulo de Buceador 3 Estrellas. Tener registradas en el Libro de Inmersiones un m\u00ednimo de 100 inmersiones como B3E. ATRIBUCIONES: Las<\/p>\n","protected":false},"author":1,"featured_media":0,"parent":0,"menu_order":0,"comment_status":"closed","ping_status":"closed","template":"","meta":{"footnotes":""},"_links":{"self":[{"href":"https:\/\/buceogalatea.com\/buceo\/wp-json\/wp\/v2\/pages\/322"}],"collection":[{"href":"https:\/\/buceogalatea.com\/buceo\/wp-json\/wp\/v2\/pages"}],"about":[{"href":"https:\/\/buceogalatea.com\/buceo\/wp-json\/wp\/v2\/types\/page"}],"author":[{"embeddable":true,"href":"https:\/\/buceogalatea.com\/buceo\/wp-json\/wp\/v2\/users\/1"}],"replies":[{"embeddable":true,"href":"https:\/\/buceogalatea.com\/buceo\/wp-json\/wp\/v2\/comments?post=322"}],"version-history":[{"count":3,"href":"https:\/\/buceogalatea.com\/buceo\/wp-json\/wp\/v2\/pages\/322\/revisions"}],"predecessor-version":[{"id":1603,"href":"https:\/\/buceogalatea.com\/buceo\/wp-json\/wp\/v2\/pages\/322\/revisions\/1603"}],"wp:attachment":[{"href":"https:\/\/buceogalatea.com\/buceo\/wp-json\/wp\/v2\/media?parent=322"}],"curies":[{"name":"wp","href":"https:\/\/api.w.org\/{rel}","templated":true}]}}