{"id":324,"date":"2020-02-09T12:31:32","date_gmt":"2020-02-09T10:31:32","guid":{"rendered":"http:\/\/buceogalatea.com\/buceo\/?page_id=324"},"modified":"2020-04-26T15:08:06","modified_gmt":"2020-04-26T13:08:06","slug":"fedas-guia-de-grupo","status":"publish","type":"page","link":"https:\/\/buceogalatea.com\/buceo\/fedas-guia-de-grupo\/","title":{"rendered":"FEDAS GUIA DE GRUPO"},"content":{"rendered":"\n<div class=\"wp-block-image\"><figure class=\"aligncenter size-large is-resized\"><img loading=\"lazy\" decoding=\"async\" src=\"http:\/\/buceogalatea.com\/buceo\/wp-content\/uploads\/2020\/02\/BANNER-CURSOS.jpg\" alt=\"\" class=\"wp-image-246\" width=\"1050\" height=\"225\" srcset=\"https:\/\/buceogalatea.com\/buceo\/wp-content\/uploads\/2020\/02\/BANNER-CURSOS.jpg 1400w, https:\/\/buceogalatea.com\/buceo\/wp-content\/uploads\/2020\/02\/BANNER-CURSOS-300x64.jpg 300w, https:\/\/buceogalatea.com\/buceo\/wp-content\/uploads\/2020\/02\/BANNER-CURSOS-768x165.jpg 768w\" sizes=\"(max-width: 1050px) 100vw, 1050px\" \/><\/figure><\/div>\n\n\n\n<h2 class=\"has-text-align-center wp-block-heading\"><strong>GUIA DE GRUPO<\/strong><\/h2>\n\n\n\n<h4 class=\"has-text-align-center wp-block-heading\"><strong>(C\u00f3digo: GG)<\/strong><\/h4>\n\n\n\n<p><strong>REQUISITOS:<\/strong><\/p>\n\n\n\n<ul><li>Edad minima: 16 a\u00f1os.<\/li><li>Certificado M\u00e9dico.<\/li><li>Licencia Federativa vigente.<\/li><li>Estar en posesi\u00f3n del titulo de B3E FEDAS o equivalente<\/li><li>Estar en posesi\u00f3n de la especialidad de: Navegaci\u00f3n Subacu\u00e1tica, Salvamento y Rescate, Buceo con Nitrox y Buceo Nocturno.<\/li><li>Tener registradas en el Libro de inmersiones un m\u00ednimo de 80.<\/li><\/ul>\n\n\n\n<p><strong>ATRIBUCIONES:<\/strong><\/p>\n\n\n\n<ul><li>Guiar grupos de buceadores independientemente de su nivel, realizar bautizos de buceo y colaborar en los cursos de buceador como buceador ayudante.<\/li><\/ul>\n\n\n\n<p><strong>RESUMEN:<\/strong><\/p>\n\n\n\n<p>Cuando un buceador va adquiriendo experiencia con su historial de inmersiones en diferentes lugares y circunstancias, obtiene la suficiente confianza para mostrar y dar a conocer las maravillas del mundo submarino a los dem\u00e1s y a guiar a otros grupos de buceadores a trav\u00e9s de aquellos fondos que conoce.<\/p>\n\n\n\n<p>Con el curso de Gu\u00eda de Grupo, aprender\u00e1s a organizar inmersiones para grupos de buceadores con m\u00e1s o menos experiencia, adem\u00e1s de poder realizar bautizos de buceo, y as\u00ed dar a conocer el mundo submarino a otras personas.<\/p>\n\n\n\n<div class=\"wp-block-image\"><figure class=\"aligncenter size-large is-resized\"><img loading=\"lazy\" decoding=\"async\" src=\"http:\/\/buceogalatea.com\/buceo\/wp-content\/uploads\/2020\/02\/BANNER-ESPECIALIDADES-FEDAS.jpg\" alt=\"\" class=\"wp-image-247\" width=\"1050\" height=\"225\" srcset=\"https:\/\/buceogalatea.com\/buceo\/wp-content\/uploads\/2020\/02\/BANNER-ESPECIALIDADES-FEDAS.jpg 1400w, https:\/\/buceogalatea.com\/buceo\/wp-content\/uploads\/2020\/02\/BANNER-ESPECIALIDADES-FEDAS-300x64.jpg 300w, https:\/\/buceogalatea.com\/buceo\/wp-content\/uploads\/2020\/02\/BANNER-ESPECIALIDADES-FEDAS-768x165.jpg 768w\" sizes=\"(max-width: 1050px) 100vw, 1050px\" \/><\/figure><\/div>\n","protected":false},"excerpt":{"rendered":"<p>GUIA DE GRUPO (C\u00f3digo: GG) REQUISITOS: Edad minima: 16 a\u00f1os. Certificado M\u00e9dico. Licencia Federativa vigente. Estar en posesi\u00f3n del titulo de B3E FEDAS o equivalente Estar en posesi\u00f3n de la especialidad de: Navegaci\u00f3n Subacu\u00e1tica, Salvamento y Rescate, Buceo con Nitrox<\/p>\n","protected":false},"author":1,"featured_media":0,"parent":0,"menu_order":0,"comment_status":"closed","ping_status":"closed","template":"","meta":{"footnotes":""},"_links":{"self":[{"href":"https:\/\/buceogalatea.com\/buceo\/wp-json\/wp\/v2\/pages\/324"}],"collection":[{"href":"https:\/\/buceogalatea.com\/buceo\/wp-json\/wp\/v2\/pages"}],"about":[{"href":"https:\/\/buceogalatea.com\/buceo\/wp-json\/wp\/v2\/types\/page"}],"author":[{"embeddable":true,"href":"https:\/\/buceogalatea.com\/buceo\/wp-json\/wp\/v2\/users\/1"}],"replies":[{"embeddable":true,"href":"https:\/\/buceogalatea.com\/buceo\/wp-json\/wp\/v2\/comments?post=324"}],"version-history":[{"count":3,"href":"https:\/\/buceogalatea.com\/buceo\/wp-json\/wp\/v2\/pages\/324\/revisions"}],"predecessor-version":[{"id":1614,"href":"https:\/\/buceogalatea.com\/buceo\/wp-json\/wp\/v2\/pages\/324\/revisions\/1614"}],"wp:attachment":[{"href":"https:\/\/buceogalatea.com\/buceo\/wp-json\/wp\/v2\/media?parent=324"}],"curies":[{"name":"wp","href":"https:\/\/api.w.org\/{rel}","templated":true}]}}