{"id":359,"date":"2020-02-09T14:42:30","date_gmt":"2020-02-09T12:42:30","guid":{"rendered":"http:\/\/buceogalatea.com\/buceo\/?page_id=359"},"modified":"2020-04-26T15:08:31","modified_gmt":"2020-04-26T13:08:31","slug":"fedas-instructor-1-estrella","status":"publish","type":"page","link":"https:\/\/buceogalatea.com\/buceo\/fedas-instructor-1-estrella\/","title":{"rendered":"FEDAS INSTRUCTOR 1 ESTRELLA"},"content":{"rendered":"\n<div class=\"wp-block-image\"><figure class=\"aligncenter size-large is-resized\"><img loading=\"lazy\" decoding=\"async\" src=\"http:\/\/buceogalatea.com\/buceo\/wp-content\/uploads\/2020\/02\/BANNER-CURSOS.jpg\" alt=\"\" class=\"wp-image-246\" width=\"1050\" height=\"225\" srcset=\"https:\/\/buceogalatea.com\/buceo\/wp-content\/uploads\/2020\/02\/BANNER-CURSOS.jpg 1400w, https:\/\/buceogalatea.com\/buceo\/wp-content\/uploads\/2020\/02\/BANNER-CURSOS-300x64.jpg 300w, https:\/\/buceogalatea.com\/buceo\/wp-content\/uploads\/2020\/02\/BANNER-CURSOS-768x165.jpg 768w\" sizes=\"(max-width: 1050px) 100vw, 1050px\" \/><\/figure><\/div>\n\n\n\n<h2 class=\"has-text-align-center wp-block-heading\"><strong>INSTRUCTOR NACIONAL de BUCEO<\/strong><\/h2>\n\n\n\n<h2 class=\"has-text-align-center wp-block-heading\">1<strong> ESTRELLA<\/strong><\/h2>\n\n\n\n<h4 class=\"has-text-align-center wp-block-heading\">(Codigo:&nbsp;<strong>IN1E)<\/strong><\/h4>\n\n\n\n<div class=\"wp-block-image\"><figure class=\"aligncenter size-large is-resized\"><img loading=\"lazy\" decoding=\"async\" src=\"http:\/\/buceogalatea.com\/buceo\/wp-content\/uploads\/2020\/02\/OblongShockedCow-size_restricted.gif\" alt=\"\" class=\"wp-image-340\" width=\"100\" height=\"91\"\/><\/figure><\/div>\n\n\n\n<p><strong>REQUISITOS:<\/strong><\/p>\n\n\n\n<ul><li>Edad minima: 18 a\u00f1os.<\/li><li>Certificado M\u00e9dico.<\/li><li>Licencia Federativa vigente.<\/li><li>Estar en posesi\u00f3n del titulo de: Buceador Tres Estrellas.<\/li><li>Tener registradas en el Libro de Inmersiones un m\u00ednimo de 120 inmersiones.<\/li><\/ul>\n\n\n\n<div class=\"wp-block-image\"><figure class=\"aligncenter size-large is-resized\"><img loading=\"lazy\" decoding=\"async\" src=\"http:\/\/buceogalatea.com\/buceo\/wp-content\/uploads\/2020\/02\/CMAS-I1E.jpg\" alt=\"\" class=\"wp-image-360\" width=\"380\" height=\"240\" srcset=\"https:\/\/buceogalatea.com\/buceo\/wp-content\/uploads\/2020\/02\/CMAS-I1E.jpg 506w, https:\/\/buceogalatea.com\/buceo\/wp-content\/uploads\/2020\/02\/CMAS-I1E-300x190.jpg 300w\" sizes=\"(max-width: 380px) 100vw, 380px\" \/><\/figure><\/div>\n\n\n\n<p>&nbsp;<strong>ATRIBUCIONES:<\/strong><\/p>\n\n\n\n<ul><li>Organizar, impartir y dirigir cursos de Buceador Una Estrella.<\/li><li>Organizar, impartir y dirigir cursos de las especialidades buceador de nivel 1 que posea.<\/li><li>Organizar actividades de descubrimiento de buceo deportivo (Bautismos de buceo).<\/li><li>Participar en la formaci\u00f3n practica de los cursos B2E y B3E y de las especialidades de buceador de nivel 2 que posea.<\/li><\/ul>\n\n\n\n<div class=\"wp-block-image\"><figure class=\"aligncenter size-large is-resized\"><img loading=\"lazy\" decoding=\"async\" src=\"http:\/\/buceogalatea.com\/buceo\/wp-content\/uploads\/2020\/02\/Curso-de-buceo-con-instructor.jpg\" alt=\"\" class=\"wp-image-365\" width=\"975\" height=\"300\" srcset=\"https:\/\/buceogalatea.com\/buceo\/wp-content\/uploads\/2020\/02\/Curso-de-buceo-con-instructor.jpg 1300w, https:\/\/buceogalatea.com\/buceo\/wp-content\/uploads\/2020\/02\/Curso-de-buceo-con-instructor-300x92.jpg 300w, https:\/\/buceogalatea.com\/buceo\/wp-content\/uploads\/2020\/02\/Curso-de-buceo-con-instructor-768x236.jpg 768w\" sizes=\"(max-width: 975px) 100vw, 975px\" \/><\/figure><\/div>\n\n\n\n<div class=\"wp-block-image\"><figure class=\"aligncenter size-large is-resized\"><img loading=\"lazy\" decoding=\"async\" src=\"http:\/\/buceogalatea.com\/buceo\/wp-content\/uploads\/2020\/02\/BANNER-ESPECIALIDADES-FEDAS.jpg\" alt=\"\" class=\"wp-image-247\" width=\"1050\" height=\"225\" srcset=\"https:\/\/buceogalatea.com\/buceo\/wp-content\/uploads\/2020\/02\/BANNER-ESPECIALIDADES-FEDAS.jpg 1400w, https:\/\/buceogalatea.com\/buceo\/wp-content\/uploads\/2020\/02\/BANNER-ESPECIALIDADES-FEDAS-300x64.jpg 300w, https:\/\/buceogalatea.com\/buceo\/wp-content\/uploads\/2020\/02\/BANNER-ESPECIALIDADES-FEDAS-768x165.jpg 768w\" sizes=\"(max-width: 1050px) 100vw, 1050px\" \/><\/figure><\/div>\n","protected":false},"excerpt":{"rendered":"<p>INSTRUCTOR NACIONAL de BUCEO 1 ESTRELLA (Codigo:&nbsp;IN1E) REQUISITOS: Edad minima: 18 a\u00f1os. Certificado M\u00e9dico. Licencia Federativa vigente. Estar en posesi\u00f3n del titulo de: Buceador Tres Estrellas. Tener registradas en el Libro de Inmersiones un m\u00ednimo de 120 inmersiones. &nbsp;ATRIBUCIONES: Organizar,<\/p>\n","protected":false},"author":1,"featured_media":0,"parent":0,"menu_order":0,"comment_status":"closed","ping_status":"closed","template":"","meta":{"footnotes":""},"_links":{"self":[{"href":"https:\/\/buceogalatea.com\/buceo\/wp-json\/wp\/v2\/pages\/359"}],"collection":[{"href":"https:\/\/buceogalatea.com\/buceo\/wp-json\/wp\/v2\/pages"}],"about":[{"href":"https:\/\/buceogalatea.com\/buceo\/wp-json\/wp\/v2\/types\/page"}],"author":[{"embeddable":true,"href":"https:\/\/buceogalatea.com\/buceo\/wp-json\/wp\/v2\/users\/1"}],"replies":[{"embeddable":true,"href":"https:\/\/buceogalatea.com\/buceo\/wp-json\/wp\/v2\/comments?post=359"}],"version-history":[{"count":4,"href":"https:\/\/buceogalatea.com\/buceo\/wp-json\/wp\/v2\/pages\/359\/revisions"}],"predecessor-version":[{"id":1615,"href":"https:\/\/buceogalatea.com\/buceo\/wp-json\/wp\/v2\/pages\/359\/revisions\/1615"}],"wp:attachment":[{"href":"https:\/\/buceogalatea.com\/buceo\/wp-json\/wp\/v2\/media?parent=359"}],"curies":[{"name":"wp","href":"https:\/\/api.w.org\/{rel}","templated":true}]}}