{"id":372,"date":"2020-02-09T14:59:16","date_gmt":"2020-02-09T12:59:16","guid":{"rendered":"http:\/\/buceogalatea.com\/buceo\/?page_id=372"},"modified":"2020-04-26T15:08:56","modified_gmt":"2020-04-26T13:08:56","slug":"fedas-instructor-3-estrellas","status":"publish","type":"page","link":"https:\/\/buceogalatea.com\/buceo\/fedas-instructor-3-estrellas\/","title":{"rendered":"FEDAS INSTRUCTOR 3 ESTRELLAS"},"content":{"rendered":"\n<div class=\"wp-block-image\"><figure class=\"aligncenter size-large is-resized\"><img loading=\"lazy\" decoding=\"async\" src=\"http:\/\/buceogalatea.com\/buceo\/wp-content\/uploads\/2020\/02\/BANNER-CURSOS.jpg\" alt=\"\" class=\"wp-image-246\" width=\"1050\" height=\"225\" srcset=\"https:\/\/buceogalatea.com\/buceo\/wp-content\/uploads\/2020\/02\/BANNER-CURSOS.jpg 1400w, https:\/\/buceogalatea.com\/buceo\/wp-content\/uploads\/2020\/02\/BANNER-CURSOS-300x64.jpg 300w, https:\/\/buceogalatea.com\/buceo\/wp-content\/uploads\/2020\/02\/BANNER-CURSOS-768x165.jpg 768w\" sizes=\"(max-width: 1050px) 100vw, 1050px\" \/><\/figure><\/div>\n\n\n\n<h2 class=\"has-text-align-center wp-block-heading\"><strong>INSTRUCTOR NACIONAL de BUCEO<\/strong><\/h2>\n\n\n\n<h2 class=\"has-text-align-center wp-block-heading\"><strong>3 ESTRELLAS<\/strong><\/h2>\n\n\n\n<h4 class=\"has-text-align-center wp-block-heading\">(Codigo: IN3E)<\/h4>\n\n\n\n<div class=\"wp-block-image\"><figure class=\"aligncenter size-large is-resized\"><img loading=\"lazy\" decoding=\"async\" src=\"http:\/\/buceogalatea.com\/buceo\/wp-content\/uploads\/2020\/02\/OblongShockedCow-size_restricted.gif\" alt=\"\" class=\"wp-image-340\" width=\"100\" height=\"91\"\/><\/figure><\/div>\n\n\n\n<div class=\"wp-block-image\"><figure class=\"aligncenter size-large is-resized\"><img loading=\"lazy\" decoding=\"async\" src=\"http:\/\/buceogalatea.com\/buceo\/wp-content\/uploads\/2020\/02\/OblongShockedCow-size_restricted.gif\" alt=\"\" class=\"wp-image-340\" width=\"100\" height=\"91\"\/><\/figure><\/div>\n\n\n\n<div class=\"wp-block-image\"><figure class=\"aligncenter size-large is-resized\"><img loading=\"lazy\" decoding=\"async\" src=\"http:\/\/buceogalatea.com\/buceo\/wp-content\/uploads\/2020\/02\/OblongShockedCow-size_restricted.gif\" alt=\"\" class=\"wp-image-340\" width=\"100\" height=\"91\"\/><\/figure><\/div>\n\n\n\n<p><strong>REQUISITOS:<\/strong><\/p>\n\n\n\n<ul><li>Edad m\u00ednima: 18 a\u00f1os.<\/li><li>Certificado M\u00e9dico.<\/li><li>Licencia Federativa vigente.<\/li><li>Estar en posesi\u00f3n del titulo de: Instructor Nacional de Buceo Dos Estrella.<\/li><li>Estar en&nbsp;posesi\u00f3n del titulo de la Especialidad de Instructor en:<ul><li>Soporte Vital B\u00e1sico.<\/li><li>Administraci\u00f3n Oxigeno.<\/li><li>Salvamento y Rescate.<\/li><li>Navegaci\u00f3n Subacu\u00e1tica.<\/li><li>Buceo con Nitrox.<\/li><li>Buceo Nocturno.<\/li><\/ul><\/li><li>Tener una experiencia docente que establece la Circular n\u00ba 5\/2019 de la ENBAD).<\/li><\/ul>\n\n\n\n<div class=\"wp-block-image\"><figure class=\"aligncenter size-large is-resized\"><img loading=\"lazy\" decoding=\"async\" src=\"http:\/\/buceogalatea.com\/buceo\/wp-content\/uploads\/2020\/02\/CMAS-I3E.jpg\" alt=\"\" class=\"wp-image-362\" width=\"380\" height=\"240\" srcset=\"https:\/\/buceogalatea.com\/buceo\/wp-content\/uploads\/2020\/02\/CMAS-I3E.jpg 506w, https:\/\/buceogalatea.com\/buceo\/wp-content\/uploads\/2020\/02\/CMAS-I3E-300x190.jpg 300w\" sizes=\"(max-width: 380px) 100vw, 380px\" \/><\/figure><\/div>\n\n\n\n<p><strong>ATRIBUCIONES:<\/strong><\/p>\n\n\n\n<ul><li>Organizar, impartir y dirigir cursos de Buceador una, dos y tres estrellas.<\/li><li>Organizar, impartir y dirigir cursos de las especialidades que posea.<\/li><li>Organizar, impartir y dirigir cursos de Instructor una, dos y tres estrellas.<\/li><li>Organizar, impartir y dirigir cursos de Instructor de las especialidades que posea.<\/li><\/ul>\n\n\n\n<div class=\"wp-block-image\"><figure class=\"aligncenter size-large is-resized\"><img loading=\"lazy\" decoding=\"async\" src=\"http:\/\/buceogalatea.com\/buceo\/wp-content\/uploads\/2020\/02\/e4.jpg\" alt=\"\" class=\"wp-image-374\" width=\"540\" height=\"360\" srcset=\"https:\/\/buceogalatea.com\/buceo\/wp-content\/uploads\/2020\/02\/e4.jpg 540w, https:\/\/buceogalatea.com\/buceo\/wp-content\/uploads\/2020\/02\/e4-300x200.jpg 300w\" sizes=\"(max-width: 540px) 100vw, 540px\" \/><\/figure><\/div>\n\n\n\n<div class=\"wp-block-image\"><figure class=\"aligncenter size-large is-resized\"><img loading=\"lazy\" decoding=\"async\" src=\"http:\/\/buceogalatea.com\/buceo\/wp-content\/uploads\/2020\/02\/BANNER-ESPECIALIDADES-FEDAS.jpg\" alt=\"\" class=\"wp-image-247\" width=\"1050\" height=\"225\" srcset=\"https:\/\/buceogalatea.com\/buceo\/wp-content\/uploads\/2020\/02\/BANNER-ESPECIALIDADES-FEDAS.jpg 1400w, https:\/\/buceogalatea.com\/buceo\/wp-content\/uploads\/2020\/02\/BANNER-ESPECIALIDADES-FEDAS-300x64.jpg 300w, https:\/\/buceogalatea.com\/buceo\/wp-content\/uploads\/2020\/02\/BANNER-ESPECIALIDADES-FEDAS-768x165.jpg 768w\" sizes=\"(max-width: 1050px) 100vw, 1050px\" \/><\/figure><\/div>\n","protected":false},"excerpt":{"rendered":"<p>INSTRUCTOR NACIONAL de BUCEO 3 ESTRELLAS (Codigo: IN3E) REQUISITOS: Edad m\u00ednima: 18 a\u00f1os. Certificado M\u00e9dico. Licencia Federativa vigente. Estar en posesi\u00f3n del titulo de: Instructor Nacional de Buceo Dos Estrella. Estar en&nbsp;posesi\u00f3n del titulo de la Especialidad de Instructor en:<\/p>\n","protected":false},"author":1,"featured_media":0,"parent":0,"menu_order":0,"comment_status":"closed","ping_status":"closed","template":"","meta":{"footnotes":""},"_links":{"self":[{"href":"https:\/\/buceogalatea.com\/buceo\/wp-json\/wp\/v2\/pages\/372"}],"collection":[{"href":"https:\/\/buceogalatea.com\/buceo\/wp-json\/wp\/v2\/pages"}],"about":[{"href":"https:\/\/buceogalatea.com\/buceo\/wp-json\/wp\/v2\/types\/page"}],"author":[{"embeddable":true,"href":"https:\/\/buceogalatea.com\/buceo\/wp-json\/wp\/v2\/users\/1"}],"replies":[{"embeddable":true,"href":"https:\/\/buceogalatea.com\/buceo\/wp-json\/wp\/v2\/comments?post=372"}],"version-history":[{"count":2,"href":"https:\/\/buceogalatea.com\/buceo\/wp-json\/wp\/v2\/pages\/372\/revisions"}],"predecessor-version":[{"id":1617,"href":"https:\/\/buceogalatea.com\/buceo\/wp-json\/wp\/v2\/pages\/372\/revisions\/1617"}],"wp:attachment":[{"href":"https:\/\/buceogalatea.com\/buceo\/wp-json\/wp\/v2\/media?parent=372"}],"curies":[{"name":"wp","href":"https:\/\/api.w.org\/{rel}","templated":true}]}}