{"id":400,"date":"2020-02-09T15:26:23","date_gmt":"2020-02-09T13:26:23","guid":{"rendered":"http:\/\/buceogalatea.com\/buceo\/?page_id=400"},"modified":"2020-04-26T15:06:28","modified_gmt":"2020-04-26T13:06:28","slug":"fedas-buceo-nocturno","status":"publish","type":"page","link":"https:\/\/buceogalatea.com\/buceo\/fedas-buceo-nocturno\/","title":{"rendered":"FEDAS BUCEO NOCTURNO"},"content":{"rendered":"\n<div class=\"wp-block-image\"><figure class=\"aligncenter size-large is-resized\"><img loading=\"lazy\" decoding=\"async\" src=\"http:\/\/buceogalatea.com\/buceo\/wp-content\/uploads\/2020\/02\/BANNER-ESPECIALIDADES-FEDAS.jpg\" alt=\"\" class=\"wp-image-247\" width=\"1050\" height=\"225\" srcset=\"https:\/\/buceogalatea.com\/buceo\/wp-content\/uploads\/2020\/02\/BANNER-ESPECIALIDADES-FEDAS.jpg 1400w, https:\/\/buceogalatea.com\/buceo\/wp-content\/uploads\/2020\/02\/BANNER-ESPECIALIDADES-FEDAS-300x64.jpg 300w, https:\/\/buceogalatea.com\/buceo\/wp-content\/uploads\/2020\/02\/BANNER-ESPECIALIDADES-FEDAS-768x165.jpg 768w\" sizes=\"(max-width: 1050px) 100vw, 1050px\" \/><\/figure><\/div>\n\n\n\n<h2 class=\"has-text-align-center wp-block-heading\"><strong>BUCEO NOCTURNO<\/strong><\/h2>\n\n\n\n<h4 class=\"has-text-align-center wp-block-heading\">(C\u00f3digo: BN)<\/h4>\n\n\n\n<p><strong>REQUISITOS:<\/strong><\/p>\n\n\n\n<ul><li>Edad minima: 14 a\u00f1os.<\/li><li>Certificado M\u00e9dico.<\/li><li>Licencia Federativa vigente.<\/li><li>Estar en posesi\u00f3n del titulo de Buceador Una Estrella o equivalente.<\/li><li>Tener registradas en el Libro de Inmersiones un m\u00ednimo de 10 inmersiones.<\/li><\/ul>\n\n\n\n<p>(estos requisitos estar\u00e1n sujetos a la legislaci\u00f3n nacional o auton\u00f3mica)<\/p>\n\n\n\n<p><strong>ATRIBUCIONES:<\/strong><\/p>\n\n\n\n<ul><li>Aplicar las t\u00e9cnicas de buceo de noche o en zonas de muy poca visibilidad con los medios necesarios para tal fin.<\/li><\/ul>\n\n\n\n<p>(Estas atribuciones son dentro del territorio nacional. En otros pa\u00edses deber\u00e1n ajustarse a la legislaci\u00f3n vigente)<\/p>\n\n\n\n<p><strong>RESUMEN<\/strong><\/p>\n\n\n\n<p>Bucear de noche es como entrar en un nuevo mundo sumergido, completamente diferente al del buceo con la luz diurna. Las formas, las sombras, la fauna que podemos contemplar una vez se pone el sol, hacen de esta modalidad una de las m\u00e1s atractivas dentro del buceo deportivo-recreativo.<\/p>\n\n\n\n<p>Con el curso de Buceo Nocturno FEDAS conocer\u00e1s las t\u00e9c-nicas para bucear y orientarte en este tipo de inmersiones. Tambi\u00e9n a saber identificar y elegir cuales son los mejores sistemas de iluminaci\u00f3n y seguridad. Y por \u00faltimo a conocer las peculiaridades de las criaturas que durante la noche salen&nbsp;a desarrollar su actividad en el fondo de nuestros mares.<\/p>\n\n\n\n<div class=\"wp-block-image\"><figure class=\"aligncenter is-resized\"><a href=\"http:\/\/www.fcdas.com\/FCDAS_Web\/wp-content\/uploads\/2012\/07\/manual_bn_portada.jpg\"><img loading=\"lazy\" decoding=\"async\" src=\"http:\/\/www.fcdas.com\/FCDAS_Web\/wp-content\/uploads\/2012\/07\/manual_bn_portada.jpg\" alt=\"\" class=\"wp-image-921\" width=\"292\" height=\"413\"\/><\/a><\/figure><\/div>\n\n\n\n<div class=\"wp-block-image\"><figure class=\"aligncenter size-large is-resized\"><img loading=\"lazy\" decoding=\"async\" src=\"http:\/\/buceogalatea.com\/buceo\/wp-content\/uploads\/2020\/02\/BANNER-ESPECIALIDADES-FEDAS.jpg\" alt=\"\" class=\"wp-image-247\" width=\"1050\" height=\"225\" srcset=\"https:\/\/buceogalatea.com\/buceo\/wp-content\/uploads\/2020\/02\/BANNER-ESPECIALIDADES-FEDAS.jpg 1400w, https:\/\/buceogalatea.com\/buceo\/wp-content\/uploads\/2020\/02\/BANNER-ESPECIALIDADES-FEDAS-300x64.jpg 300w, https:\/\/buceogalatea.com\/buceo\/wp-content\/uploads\/2020\/02\/BANNER-ESPECIALIDADES-FEDAS-768x165.jpg 768w\" sizes=\"(max-width: 1050px) 100vw, 1050px\" \/><\/figure><\/div>\n","protected":false},"excerpt":{"rendered":"<p>BUCEO NOCTURNO (C\u00f3digo: BN) REQUISITOS: Edad minima: 14 a\u00f1os. Certificado M\u00e9dico. Licencia Federativa vigente. Estar en posesi\u00f3n del titulo de Buceador Una Estrella o equivalente. Tener registradas en el Libro de Inmersiones un m\u00ednimo de 10 inmersiones. (estos requisitos estar\u00e1n<\/p>\n","protected":false},"author":1,"featured_media":0,"parent":0,"menu_order":0,"comment_status":"closed","ping_status":"closed","template":"","meta":{"footnotes":""},"_links":{"self":[{"href":"https:\/\/buceogalatea.com\/buceo\/wp-json\/wp\/v2\/pages\/400"}],"collection":[{"href":"https:\/\/buceogalatea.com\/buceo\/wp-json\/wp\/v2\/pages"}],"about":[{"href":"https:\/\/buceogalatea.com\/buceo\/wp-json\/wp\/v2\/types\/page"}],"author":[{"embeddable":true,"href":"https:\/\/buceogalatea.com\/buceo\/wp-json\/wp\/v2\/users\/1"}],"replies":[{"embeddable":true,"href":"https:\/\/buceogalatea.com\/buceo\/wp-json\/wp\/v2\/comments?post=400"}],"version-history":[{"count":2,"href":"https:\/\/buceogalatea.com\/buceo\/wp-json\/wp\/v2\/pages\/400\/revisions"}],"predecessor-version":[{"id":1611,"href":"https:\/\/buceogalatea.com\/buceo\/wp-json\/wp\/v2\/pages\/400\/revisions\/1611"}],"wp:attachment":[{"href":"https:\/\/buceogalatea.com\/buceo\/wp-json\/wp\/v2\/media?parent=400"}],"curies":[{"name":"wp","href":"https:\/\/api.w.org\/{rel}","templated":true}]}}