{"id":418,"date":"2020-02-09T15:53:09","date_gmt":"2020-02-09T13:53:09","guid":{"rendered":"http:\/\/buceogalatea.com\/buceo\/?page_id=418"},"modified":"2020-04-26T15:06:07","modified_gmt":"2020-04-26T13:06:07","slug":"fedas-buceo-en-cuevas","status":"publish","type":"page","link":"https:\/\/buceogalatea.com\/buceo\/fedas-buceo-en-cuevas\/","title":{"rendered":"FEDAS BUCEO EN CUEVAS"},"content":{"rendered":"\n<div class=\"wp-block-image\"><figure class=\"aligncenter size-large is-resized\"><img loading=\"lazy\" decoding=\"async\" src=\"http:\/\/buceogalatea.com\/buceo\/wp-content\/uploads\/2020\/02\/BANNER-ESPECIALIDADES-FEDAS.jpg\" alt=\"\" class=\"wp-image-247\" width=\"1050\" height=\"225\" srcset=\"https:\/\/buceogalatea.com\/buceo\/wp-content\/uploads\/2020\/02\/BANNER-ESPECIALIDADES-FEDAS.jpg 1400w, https:\/\/buceogalatea.com\/buceo\/wp-content\/uploads\/2020\/02\/BANNER-ESPECIALIDADES-FEDAS-300x64.jpg 300w, https:\/\/buceogalatea.com\/buceo\/wp-content\/uploads\/2020\/02\/BANNER-ESPECIALIDADES-FEDAS-768x165.jpg 768w\" sizes=\"(max-width: 1050px) 100vw, 1050px\" \/><\/figure><\/div>\n\n\n\n<h2 class=\"has-text-align-center wp-block-heading\"><strong>BUCEO EN CUEVAS 1<\/strong><\/h2>\n\n\n\n<h4 class=\"has-text-align-center wp-block-heading\">(C\u00f3digo: C1)<\/h4>\n\n\n\n<p><strong>REQUISITOS<\/strong><\/p>\n\n\n\n<ul><li>Edad minima: 16 a\u00f1os.<\/li><li>Certificado M\u00e9dico.<\/li><li>Licencia Federativa vigente.<\/li><li>Estar en posesi\u00f3n del titulo de Buceador Dos Estrellas o equivalente.<\/li><\/ul>\n\n\n\n<p>(estos requisitos estar\u00e1n sujetos a la legislaci\u00f3n nacional o auton\u00f3mica)<\/p>\n\n\n\n<p><strong>ATRIBUCIONES<\/strong><\/p>\n\n\n\n<ul><li>Aplicar las t\u00e9cnicas de buceo y protocolos de seguridad en inmersiones realizadas en grutas sin dificultad en las que nunca perdemos de vista la entrada de las mismas.<\/li><\/ul>\n\n\n\n<p>(Estas atribuciones son dentro del territorio nacional. En otros pa\u00edses deber\u00e1n ajustarse a la legislaci\u00f3n vigente)<\/p>\n\n\n\n<p><strong>TEMARIO<\/strong><\/p>\n\n\n\n<ul><li>Definici\u00f3n, limitaciones y zonas de exposici\u00f3n.<\/li><li>El buceo en grutas submarinas.<\/li><li>La seguridad en el buceo en grutas.<\/li><\/ul>\n\n\n\n<div class=\"wp-block-image\"><figure class=\"aligncenter size-large is-resized\"><img loading=\"lazy\" decoding=\"async\" src=\"http:\/\/buceogalatea.com\/buceo\/wp-content\/uploads\/2020\/02\/70505935_404502843559206_7468230089120290041_n.jpg\" alt=\"\" class=\"wp-image-420\" width=\"642\" height=\"642\" srcset=\"https:\/\/buceogalatea.com\/buceo\/wp-content\/uploads\/2020\/02\/70505935_404502843559206_7468230089120290041_n.jpg 1080w, https:\/\/buceogalatea.com\/buceo\/wp-content\/uploads\/2020\/02\/70505935_404502843559206_7468230089120290041_n-300x300.jpg 300w, https:\/\/buceogalatea.com\/buceo\/wp-content\/uploads\/2020\/02\/70505935_404502843559206_7468230089120290041_n-150x150.jpg 150w, https:\/\/buceogalatea.com\/buceo\/wp-content\/uploads\/2020\/02\/70505935_404502843559206_7468230089120290041_n-768x768.jpg 768w, https:\/\/buceogalatea.com\/buceo\/wp-content\/uploads\/2020\/02\/70505935_404502843559206_7468230089120290041_n-270x270.jpg 270w, https:\/\/buceogalatea.com\/buceo\/wp-content\/uploads\/2020\/02\/70505935_404502843559206_7468230089120290041_n-230x230.jpg 230w\" sizes=\"(max-width: 642px) 100vw, 642px\" \/><figcaption>Pozo Azul (Covanera &#8211; Burgos)<\/figcaption><\/figure><\/div>\n\n\n\n<div class=\"wp-block-image\"><figure class=\"aligncenter size-large is-resized\"><img loading=\"lazy\" decoding=\"async\" src=\"http:\/\/buceogalatea.com\/buceo\/wp-content\/uploads\/2020\/02\/70890914_1421767771308562_8970190760186116715_n-1.jpg\" alt=\"\" class=\"wp-image-419\" width=\"640\" height=\"640\" srcset=\"https:\/\/buceogalatea.com\/buceo\/wp-content\/uploads\/2020\/02\/70890914_1421767771308562_8970190760186116715_n-1.jpg 640w, https:\/\/buceogalatea.com\/buceo\/wp-content\/uploads\/2020\/02\/70890914_1421767771308562_8970190760186116715_n-1-300x300.jpg 300w, https:\/\/buceogalatea.com\/buceo\/wp-content\/uploads\/2020\/02\/70890914_1421767771308562_8970190760186116715_n-1-150x150.jpg 150w, https:\/\/buceogalatea.com\/buceo\/wp-content\/uploads\/2020\/02\/70890914_1421767771308562_8970190760186116715_n-1-270x270.jpg 270w, https:\/\/buceogalatea.com\/buceo\/wp-content\/uploads\/2020\/02\/70890914_1421767771308562_8970190760186116715_n-1-230x230.jpg 230w\" sizes=\"(max-width: 640px) 100vw, 640px\" \/><figcaption>Galatea en el Pozo Azul<\/figcaption><\/figure><\/div>\n\n\n\n<div class=\"wp-block-image\"><figure class=\"aligncenter size-large is-resized\"><img loading=\"lazy\" decoding=\"async\" src=\"http:\/\/buceogalatea.com\/buceo\/wp-content\/uploads\/2020\/02\/BANNER-ESPECIALIDADES-FEDAS.jpg\" alt=\"\" class=\"wp-image-247\" width=\"1050\" height=\"225\" srcset=\"https:\/\/buceogalatea.com\/buceo\/wp-content\/uploads\/2020\/02\/BANNER-ESPECIALIDADES-FEDAS.jpg 1400w, https:\/\/buceogalatea.com\/buceo\/wp-content\/uploads\/2020\/02\/BANNER-ESPECIALIDADES-FEDAS-300x64.jpg 300w, https:\/\/buceogalatea.com\/buceo\/wp-content\/uploads\/2020\/02\/BANNER-ESPECIALIDADES-FEDAS-768x165.jpg 768w\" sizes=\"(max-width: 1050px) 100vw, 1050px\" \/><\/figure><\/div>\n","protected":false},"excerpt":{"rendered":"<p>BUCEO EN CUEVAS 1 (C\u00f3digo: C1) REQUISITOS Edad minima: 16 a\u00f1os. Certificado M\u00e9dico. Licencia Federativa vigente. Estar en posesi\u00f3n del titulo de Buceador Dos Estrellas o equivalente. (estos requisitos estar\u00e1n sujetos a la legislaci\u00f3n nacional o auton\u00f3mica) ATRIBUCIONES Aplicar las<\/p>\n","protected":false},"author":1,"featured_media":0,"parent":0,"menu_order":0,"comment_status":"closed","ping_status":"closed","template":"","meta":{"footnotes":""},"_links":{"self":[{"href":"https:\/\/buceogalatea.com\/buceo\/wp-json\/wp\/v2\/pages\/418"}],"collection":[{"href":"https:\/\/buceogalatea.com\/buceo\/wp-json\/wp\/v2\/pages"}],"about":[{"href":"https:\/\/buceogalatea.com\/buceo\/wp-json\/wp\/v2\/types\/page"}],"author":[{"embeddable":true,"href":"https:\/\/buceogalatea.com\/buceo\/wp-json\/wp\/v2\/users\/1"}],"replies":[{"embeddable":true,"href":"https:\/\/buceogalatea.com\/buceo\/wp-json\/wp\/v2\/comments?post=418"}],"version-history":[{"count":3,"href":"https:\/\/buceogalatea.com\/buceo\/wp-json\/wp\/v2\/pages\/418\/revisions"}],"predecessor-version":[{"id":1610,"href":"https:\/\/buceogalatea.com\/buceo\/wp-json\/wp\/v2\/pages\/418\/revisions\/1610"}],"wp:attachment":[{"href":"https:\/\/buceogalatea.com\/buceo\/wp-json\/wp\/v2\/media?parent=418"}],"curies":[{"name":"wp","href":"https:\/\/api.w.org\/{rel}","templated":true}]}}