{"id":540,"date":"2020-02-22T23:35:37","date_gmt":"2020-02-22T21:35:37","guid":{"rendered":"http:\/\/buceogalatea.com\/buceo\/?page_id=540"},"modified":"2021-02-17T16:19:22","modified_gmt":"2021-02-17T14:19:22","slug":"salidas-al-extranjero","status":"publish","type":"page","link":"https:\/\/buceogalatea.com\/buceo\/salidas-al-extranjero\/","title":{"rendered":"SALIDAS AL EXTRANJERO"},"content":{"rendered":"\n<h2 class=\"wp-block-heading\"><strong>PREVIO&nbsp;A LA SALIDA AL EXTRANJERO HAY QUE NOTIFICARLO A LA COMPA\u00d1\u00cdA DE SEGUROS, A TRAV\u00c9S DE LA FEDERACI\u00d3N CANTABRA.<\/strong><\/h2>\n\n\n\n<h2 class=\"wp-block-heading\">PARA ELLO, HAY QUE ENVIAR A LA FEDERACI\u00d3N CANTABRA LOS DATOS SIGUIENTES:<\/h2>\n\n\n\n<ul><li>DATOS:<ul><li><strong>NOMBRE Y APELLIDOS.<\/strong><\/li><li><strong>D.N.I.<\/strong><\/li><li><strong>FECHA SALIDA AL EXTRANJERO.<\/strong><\/li><li><strong>DURACI\u00d3N DEL VIAJE.<\/strong><\/li><li><strong>PAIS DE DESTINO.<\/strong><\/li><\/ul><\/li><\/ul>\n\n\n\n<h2 class=\"wp-block-heading\"><strong>TODOS ESTOS DATOS HAY QUE ENVIARLOS&nbsp;AL EMAIL:<\/strong><\/h2>\n\n\n\n<h2 class=\"wp-block-heading\"><strong>&nbsp;<a href=\"mailto:admonfederaciones@howdeniberia.com\">fcdas@fcdas.com<\/a><\/strong><\/h2>\n\n\n\n<div style=\"height:100px\" aria-hidden=\"true\" class=\"wp-block-spacer\"><\/div>\n\n\n\n<h2 class=\"wp-block-heading\"><strong>UNA VEZ NOTIFICADA LA SALIDA, SE LES ENVIARA UN \u201cCERTIFICADO ACREDITATIVO DE LA DISPONIBILIDAD DE P\u00d3LIZA DE SEGUROS\u201d QUE DEBEN LLEVAR&nbsp; LO\/S ASEGURADO\/S, EN SU DESPLAZAMIENTO AL EXTRANJERO.<\/strong><\/h2>\n\n\n\n<h2 class=\"wp-block-heading\"><strong>SE RECUERDA QUE DEBEN NOTIFICAR Y ENVIAR LOS DATOS DE LA SALIDA A LA FEDERACION CON UN&nbsp;&nbsp;M\u00cdNIMO DE 15 DIAS DE ANTELACI\u00d3N.<\/strong><\/h2>\n\n\n\n<div class=\"wp-block-image\"><figure class=\"aligncenter size-large is-resized\"><a href=\"https:\/\/www.fcdas.com\/\"><img loading=\"lazy\" decoding=\"async\" src=\"http:\/\/buceogalatea.com\/buceo\/wp-content\/uploads\/2020\/04\/logo-federacion-cantabra.jpg\" alt=\"\" class=\"wp-image-792\" width=\"487\" height=\"389\" srcset=\"https:\/\/buceogalatea.com\/buceo\/wp-content\/uploads\/2020\/04\/logo-federacion-cantabra.jpg 973w, https:\/\/buceogalatea.com\/buceo\/wp-content\/uploads\/2020\/04\/logo-federacion-cantabra-300x240.jpg 300w, https:\/\/buceogalatea.com\/buceo\/wp-content\/uploads\/2020\/04\/logo-federacion-cantabra-768x613.jpg 768w\" sizes=\"(max-width: 487px) 100vw, 487px\" \/><\/a><\/figure><\/div>\n","protected":false},"excerpt":{"rendered":"<p>PREVIO&nbsp;A LA SALIDA AL EXTRANJERO HAY QUE NOTIFICARLO A LA COMPA\u00d1\u00cdA DE SEGUROS, A TRAV\u00c9S DE LA FEDERACI\u00d3N CANTABRA. PARA ELLO, HAY QUE ENVIAR A LA FEDERACI\u00d3N CANTABRA LOS DATOS SIGUIENTES: DATOS: NOMBRE Y APELLIDOS. D.N.I. FECHA SALIDA AL EXTRANJERO.<\/p>\n","protected":false},"author":1,"featured_media":0,"parent":0,"menu_order":0,"comment_status":"closed","ping_status":"closed","template":"","meta":{"footnotes":""},"_links":{"self":[{"href":"https:\/\/buceogalatea.com\/buceo\/wp-json\/wp\/v2\/pages\/540"}],"collection":[{"href":"https:\/\/buceogalatea.com\/buceo\/wp-json\/wp\/v2\/pages"}],"about":[{"href":"https:\/\/buceogalatea.com\/buceo\/wp-json\/wp\/v2\/types\/page"}],"author":[{"embeddable":true,"href":"https:\/\/buceogalatea.com\/buceo\/wp-json\/wp\/v2\/users\/1"}],"replies":[{"embeddable":true,"href":"https:\/\/buceogalatea.com\/buceo\/wp-json\/wp\/v2\/comments?post=540"}],"version-history":[{"count":6,"href":"https:\/\/buceogalatea.com\/buceo\/wp-json\/wp\/v2\/pages\/540\/revisions"}],"predecessor-version":[{"id":1917,"href":"https:\/\/buceogalatea.com\/buceo\/wp-json\/wp\/v2\/pages\/540\/revisions\/1917"}],"wp:attachment":[{"href":"https:\/\/buceogalatea.com\/buceo\/wp-json\/wp\/v2\/media?parent=540"}],"curies":[{"name":"wp","href":"https:\/\/api.w.org\/{rel}","templated":true}]}}