{"id":599,"date":"2020-02-25T21:46:04","date_gmt":"2020-02-25T19:46:04","guid":{"rendered":"http:\/\/buceogalatea.com\/buceo\/?page_id=599"},"modified":"2020-04-27T19:23:37","modified_gmt":"2020-04-27T17:23:37","slug":"padi-open-water-diver","status":"publish","type":"page","link":"https:\/\/buceogalatea.com\/buceo\/padi-open-water-diver\/","title":{"rendered":"PADI OPEN WATER DIVER"},"content":{"rendered":"\n<div class=\"wp-block-image\"><figure class=\"aligncenter size-large is-resized\"><img loading=\"lazy\" decoding=\"async\" src=\"http:\/\/buceogalatea.com\/buceo\/wp-content\/uploads\/2020\/02\/logo-open-water.jpg\" alt=\"\" class=\"wp-image-603\" width=\"640\" height=\"331\" srcset=\"https:\/\/buceogalatea.com\/buceo\/wp-content\/uploads\/2020\/02\/logo-open-water.jpg 1279w, https:\/\/buceogalatea.com\/buceo\/wp-content\/uploads\/2020\/02\/logo-open-water-300x155.jpg 300w, https:\/\/buceogalatea.com\/buceo\/wp-content\/uploads\/2020\/02\/logo-open-water-768x397.jpg 768w\" sizes=\"(max-width: 640px) 100vw, 640px\" \/><\/figure><\/div>\n\n\n\n<h2 class=\"wp-block-heading\">La certificaci\u00f3n del buceador empieza aqu\u00ed. <\/h2>\n\n\n\n<h3 class=\"wp-block-heading\">Requisitos<\/h3>\n\n\n\n<p>Para inscribirte en un curso PADI Open Water Diver (o Junior Open Water Diver), :<br>&#8211; Debes tener 10 o m\u00e1s a\u00f1os de edad . <br>&#8211; Necesitas t\u00e9cnicas de nataci\u00f3n adecuadas .<br>&#8211; Estar en buen estado f\u00edsico de salud. <br>&#8211; No es necesaria experiencia previa en el buceo.<\/p>\n\n\n\n<div class=\"wp-block-image\"><figure class=\"aligncenter size-large is-resized\"><img loading=\"lazy\" decoding=\"async\" src=\"http:\/\/buceogalatea.com\/buceo\/wp-content\/uploads\/2020\/04\/PADI-Open-Water-Diver-Card.png\" alt=\"\" class=\"wp-image-1729\" width=\"300\" height=\"205\"\/><\/figure><\/div>\n\n\n\n<h3 class=\"wp-block-heading\">Acad\u00e9mico<\/h3>\n\n\n\n<p>El curso PADI Open Water Diver consta de tres fases principales:<\/p>\n\n\n\n<ul><li>Desarrollo de Conocimientos para comprender los fundamentos b\u00e1sicos del buceo aut\u00f3nomo<\/li><li>Inmersiones en Aguas Confinadas para aprender las destrezas b\u00e1sicas de buceo<\/li><li>\u00a1Inmersiones en Aguas Abiertas \u00a1para usar tus destrezas y explorar!<\/li><\/ul>\n\n\n\n<div class=\"wp-block-image\"><figure class=\"aligncenter size-large is-resized\"><img loading=\"lazy\" decoding=\"async\" src=\"http:\/\/buceogalatea.com\/buceo\/wp-content\/uploads\/2020\/04\/31139.jpg\" alt=\"\" class=\"wp-image-1728\" width=\"264\" height=\"300\"\/><\/figure><\/div>\n\n\n\n<div class=\"wp-block-image\"><figure class=\"aligncenter size-large is-resized\"><img loading=\"lazy\" decoding=\"async\" src=\"http:\/\/buceogalatea.com\/buceo\/wp-content\/uploads\/2020\/02\/BANNER-CURSOS-PADI.jpg\" alt=\"\" class=\"wp-image-251\" width=\"1050\" height=\"225\" srcset=\"https:\/\/buceogalatea.com\/buceo\/wp-content\/uploads\/2020\/02\/BANNER-CURSOS-PADI.jpg 1400w, https:\/\/buceogalatea.com\/buceo\/wp-content\/uploads\/2020\/02\/BANNER-CURSOS-PADI-300x64.jpg 300w, https:\/\/buceogalatea.com\/buceo\/wp-content\/uploads\/2020\/02\/BANNER-CURSOS-PADI-768x165.jpg 768w\" sizes=\"(max-width: 1050px) 100vw, 1050px\" \/><\/figure><\/div>\n","protected":false},"excerpt":{"rendered":"<p>La certificaci\u00f3n del buceador empieza aqu\u00ed. Requisitos Para inscribirte en un curso PADI Open Water Diver (o Junior Open Water Diver), :&#8211; Debes tener 10 o m\u00e1s a\u00f1os de edad . &#8211; Necesitas t\u00e9cnicas de nataci\u00f3n adecuadas .&#8211; Estar en<\/p>\n","protected":false},"author":1,"featured_media":0,"parent":0,"menu_order":0,"comment_status":"closed","ping_status":"closed","template":"","meta":{"footnotes":""},"_links":{"self":[{"href":"https:\/\/buceogalatea.com\/buceo\/wp-json\/wp\/v2\/pages\/599"}],"collection":[{"href":"https:\/\/buceogalatea.com\/buceo\/wp-json\/wp\/v2\/pages"}],"about":[{"href":"https:\/\/buceogalatea.com\/buceo\/wp-json\/wp\/v2\/types\/page"}],"author":[{"embeddable":true,"href":"https:\/\/buceogalatea.com\/buceo\/wp-json\/wp\/v2\/users\/1"}],"replies":[{"embeddable":true,"href":"https:\/\/buceogalatea.com\/buceo\/wp-json\/wp\/v2\/comments?post=599"}],"version-history":[{"count":9,"href":"https:\/\/buceogalatea.com\/buceo\/wp-json\/wp\/v2\/pages\/599\/revisions"}],"predecessor-version":[{"id":1735,"href":"https:\/\/buceogalatea.com\/buceo\/wp-json\/wp\/v2\/pages\/599\/revisions\/1735"}],"wp:attachment":[{"href":"https:\/\/buceogalatea.com\/buceo\/wp-json\/wp\/v2\/media?parent=599"}],"curies":[{"name":"wp","href":"https:\/\/api.w.org\/{rel}","templated":true}]}}