{"id":605,"date":"2020-02-25T21:54:15","date_gmt":"2020-02-25T19:54:15","guid":{"rendered":"http:\/\/buceogalatea.com\/buceo\/?page_id=605"},"modified":"2020-04-27T19:46:52","modified_gmt":"2020-04-27T17:46:52","slug":"padi-advanced-open-water-diver","status":"publish","type":"page","link":"https:\/\/buceogalatea.com\/buceo\/padi-advanced-open-water-diver\/","title":{"rendered":"PADI ADVANCED OPEN WATER DIVER"},"content":{"rendered":"\n<div class=\"wp-block-image\"><figure class=\"aligncenter size-large is-resized\"><img loading=\"lazy\" decoding=\"async\" src=\"http:\/\/buceogalatea.com\/buceo\/wp-content\/uploads\/2020\/02\/AOW_Name.jpg\" alt=\"\" class=\"wp-image-606\" width=\"744\" height=\"480\" srcset=\"https:\/\/buceogalatea.com\/buceo\/wp-content\/uploads\/2020\/02\/AOW_Name.jpg 992w, https:\/\/buceogalatea.com\/buceo\/wp-content\/uploads\/2020\/02\/AOW_Name-300x194.jpg 300w, https:\/\/buceogalatea.com\/buceo\/wp-content\/uploads\/2020\/02\/AOW_Name-768x495.jpg 768w\" sizes=\"(max-width: 744px) 100vw, 744px\" \/><\/figure><\/div>\n\n\n\n<h2 class=\"wp-block-heading\">Se llama PADI Advanced Open Water Diver porque avanzas en conocimientos y habilidades de buceo.<\/h2>\n\n\n\n<h3 class=\"wp-block-heading\">Requisitos<\/h3>\n\n\n\n<ul><li> Edad m\u00ednima requerida 16 a\u00f1os.<\/li><li> Certificado m\u00e9dico oficial espec\u00edfico de aptitud para el buceo.<\/li><li> una fotograf\u00edas. <\/li><li>Titulaci\u00f3n Open Water Diver o equivalente<\/li><\/ul>\n\n\n\n<div class=\"wp-block-image\"><figure class=\"aligncenter size-large is-resized\"><img loading=\"lazy\" decoding=\"async\" src=\"http:\/\/buceogalatea.com\/buceo\/wp-content\/uploads\/2020\/04\/unnamed.jpg\" alt=\"\" class=\"wp-image-1736\" width=\"350\" height=\"263\" srcset=\"https:\/\/buceogalatea.com\/buceo\/wp-content\/uploads\/2020\/04\/unnamed.jpg 350w, https:\/\/buceogalatea.com\/buceo\/wp-content\/uploads\/2020\/04\/unnamed-300x225.jpg 300w\" sizes=\"(max-width: 350px) 100vw, 350px\" \/><\/figure><\/div>\n\n\n\n<h3 class=\"wp-block-heading\">Acad\u00e9mico<\/h3>\n\n\n\n<p>Este curso amplia los conocimientos del buceador b\u00e1sico, aumentando la t\u00e9cnica y experiencia para inmersiones en distintas condiciones. Es un curso de caracter pr\u00e1ctico, en el que el alumno participa en la organizaci\u00f3n de sus inmersiones, repasando el uso de las tablas y atendiendo a ciertas consideraciones especiales para cada una de las inmersiones que va a realizar.<\/p>\n\n\n\n<h3 class=\"wp-block-heading\">Equipo<\/h3>\n\n\n\n<p>Adem\u00e1s de utilizar el&nbsp;<a href=\"https:\/\/www.padi.com\/es\/cursos-padi\/sobre-el-equipo-de-buceo\">equipo b\u00e1sico de buceo<\/a>, necesitar\u00e1s una br\u00fajula y un&nbsp;<a href=\"https:\/\/www.padi.com\/es\/equipo\/cuchillo-de-buceo\">cuchillo de buceo<\/a>&nbsp;o herramienta de buceo. Tambi\u00e9n usar\u00e1s equipo especializado dependiendo de las Inmersiones de Aventura que elijas. Por ejemplo, obviamente utilizar\u00e1s un&nbsp;<a href=\"https:\/\/www.padi.com\/es\/equipo\/traje-humedo\">traje seco<\/a>&nbsp;para la Inmersi\u00f3n de Aventura con Traje Seco o una configuraci\u00f3n&nbsp;<a href=\"https:\/\/www.padi.com\/es\/equipo\/sidemount\">sidemount<\/a>&nbsp;durante la Inmersi\u00f3n de Aventura con Sidemount. Tu Instructor te explicar\u00e1 el equipo que necesites y puede sugerirte equipo adicional, como una&nbsp;<a href=\"https:\/\/www.padi.com\/es\/cursos-padi\/linternas-de-buceo-0\">linterna de buceo<\/a>&nbsp;para bucear de noche o una bolsa elevadora para el buceo de b\u00fasqueda y recuperaci\u00f3n.<\/p>\n\n\n\n<div class=\"wp-block-image\"><figure class=\"aligncenter size-large is-resized\"><img loading=\"lazy\" decoding=\"async\" src=\"http:\/\/buceogalatea.com\/buceo\/wp-content\/uploads\/2020\/04\/manual-adventures-in-diving-tabla-varios-idiomas.jpg\" alt=\"\" class=\"wp-image-1743\" width=\"500\" height=\"650\" srcset=\"https:\/\/buceogalatea.com\/buceo\/wp-content\/uploads\/2020\/04\/manual-adventures-in-diving-tabla-varios-idiomas.jpg 1000w, https:\/\/buceogalatea.com\/buceo\/wp-content\/uploads\/2020\/04\/manual-adventures-in-diving-tabla-varios-idiomas-231x300.jpg 231w, https:\/\/buceogalatea.com\/buceo\/wp-content\/uploads\/2020\/04\/manual-adventures-in-diving-tabla-varios-idiomas-768x998.jpg 768w\" sizes=\"(max-width: 500px) 100vw, 500px\" \/><\/figure><\/div>\n\n\n\n<div class=\"wp-block-image\"><figure class=\"aligncenter size-large is-resized\"><img loading=\"lazy\" decoding=\"async\" src=\"http:\/\/buceogalatea.com\/buceo\/wp-content\/uploads\/2020\/02\/BANNER-CURSOS-PADI.jpg\" alt=\"\" class=\"wp-image-251\" width=\"1050\" height=\"225\" srcset=\"https:\/\/buceogalatea.com\/buceo\/wp-content\/uploads\/2020\/02\/BANNER-CURSOS-PADI.jpg 1400w, https:\/\/buceogalatea.com\/buceo\/wp-content\/uploads\/2020\/02\/BANNER-CURSOS-PADI-300x64.jpg 300w, https:\/\/buceogalatea.com\/buceo\/wp-content\/uploads\/2020\/02\/BANNER-CURSOS-PADI-768x165.jpg 768w\" sizes=\"(max-width: 1050px) 100vw, 1050px\" \/><\/figure><\/div>\n","protected":false},"excerpt":{"rendered":"<p>Se llama PADI Advanced Open Water Diver porque avanzas en conocimientos y habilidades de buceo. Requisitos Edad m\u00ednima requerida 16 a\u00f1os. Certificado m\u00e9dico oficial espec\u00edfico de aptitud para el buceo. una fotograf\u00edas. Titulaci\u00f3n Open Water Diver o equivalente Acad\u00e9mico Este<\/p>\n","protected":false},"author":1,"featured_media":0,"parent":0,"menu_order":0,"comment_status":"closed","ping_status":"closed","template":"","meta":{"footnotes":""},"_links":{"self":[{"href":"https:\/\/buceogalatea.com\/buceo\/wp-json\/wp\/v2\/pages\/605"}],"collection":[{"href":"https:\/\/buceogalatea.com\/buceo\/wp-json\/wp\/v2\/pages"}],"about":[{"href":"https:\/\/buceogalatea.com\/buceo\/wp-json\/wp\/v2\/types\/page"}],"author":[{"embeddable":true,"href":"https:\/\/buceogalatea.com\/buceo\/wp-json\/wp\/v2\/users\/1"}],"replies":[{"embeddable":true,"href":"https:\/\/buceogalatea.com\/buceo\/wp-json\/wp\/v2\/comments?post=605"}],"version-history":[{"count":6,"href":"https:\/\/buceogalatea.com\/buceo\/wp-json\/wp\/v2\/pages\/605\/revisions"}],"predecessor-version":[{"id":1745,"href":"https:\/\/buceogalatea.com\/buceo\/wp-json\/wp\/v2\/pages\/605\/revisions\/1745"}],"wp:attachment":[{"href":"https:\/\/buceogalatea.com\/buceo\/wp-json\/wp\/v2\/media?parent=605"}],"curies":[{"name":"wp","href":"https:\/\/api.w.org\/{rel}","templated":true}]}}