{"id":620,"date":"2020-02-25T22:25:51","date_gmt":"2020-02-25T20:25:51","guid":{"rendered":"http:\/\/buceogalatea.com\/buceo\/?page_id=620"},"modified":"2020-04-27T19:53:33","modified_gmt":"2020-04-27T17:53:33","slug":"padi-dive-master","status":"publish","type":"page","link":"https:\/\/buceogalatea.com\/buceo\/padi-dive-master\/","title":{"rendered":"PADI DIVE MASTER"},"content":{"rendered":"\n<div class=\"wp-block-image\"><figure class=\"aligncenter size-large is-resized\"><img loading=\"lazy\" decoding=\"async\" src=\"http:\/\/buceogalatea.com\/buceo\/wp-content\/uploads\/2020\/02\/DIVE-MASTER.jpg\" alt=\"\" class=\"wp-image-621\" width=\"990\" height=\"387\" srcset=\"https:\/\/buceogalatea.com\/buceo\/wp-content\/uploads\/2020\/02\/DIVE-MASTER.jpg 1320w, https:\/\/buceogalatea.com\/buceo\/wp-content\/uploads\/2020\/02\/DIVE-MASTER-300x117.jpg 300w, https:\/\/buceogalatea.com\/buceo\/wp-content\/uploads\/2020\/02\/DIVE-MASTER-768x300.jpg 768w\" sizes=\"(max-width: 990px) 100vw, 990px\" \/><\/figure><\/div>\n\n\n\n<h3 class=\"wp-block-heading\">Descripci\u00f3n<\/h3>\n\n\n\n<p>\u00bfTe gusta el buceo? \u00bfQuieres compartirlo con los dem\u00e1s a un nivel completamente nuevo? Haz el curso PADI Divemaster y haz lo que te gusta como carrera profesional. Los buceadores se fijan en los divemasters porque son l\u00edderes que asesoran y motivan a los dem\u00e1s. Como divemaster, no s\u00f3lo vas a bucear mucho, sino que tambi\u00e9n experimentar\u00e1s el placer de ver a los otros buceadores divertirse tanto como t\u00fa.<\/p>\n\n\n\n<p><strong>El curso PADI Divemaster es tu primer nivel de entrenamiento profesional. <\/strong>Trabajando estrechamente con un PADI Instructor, perfeccionar\u00e1s tus t\u00e9cnicas de buceo, como dominar la flotaci\u00f3n inm\u00f3vil sin esfuerzo, y mejorar\u00e1s tus t\u00e9cnicas de rescate de modo que te anticipes y resuelvas f\u00e1cilmente los problemas m\u00e1s comunes. Aumentar\u00e1s tus conocimientos de buceo, tus capacidades de gesti\u00f3n y supervisi\u00f3n de forma que te conviertas en un modelo para los buceadores de todo el mundo.<\/p>\n\n\n\n<p>Como PADI Divemaster, guiar\u00e1s a otros buceadores cuando supervises actividades de buceo y ayudes con el entrenamiento de buceadores. Tanto si quieres trabajar en un remoto destino de buceo o cerca de tu casa en un negocio local de buceo, la aventura de tu vida te espera. Los PADI Divemasters son respetados profesionales del buceo que est\u00e1n afiliados a la mayor y m\u00e1s respetada organizaci\u00f3n del mundo de entrenamiento de buceo \u2013 PADI.<\/p>\n\n\n\n<h3 class=\"wp-block-heading\">Requisitos<\/h3>\n\n\n\n<p>Los&nbsp;<a href=\"https:\/\/www.padi.com\/es\/cursos-padi\/rescue-diver\">PADI Rescue Divers<\/a>&nbsp;que tengan al menos 18 a\u00f1os de edad pueden participar en el curso PADI Divemaster. Tambi\u00e9n necesitas tener:<\/p>\n\n\n\n<ul><li>Entrenamiento de&nbsp;<a href=\"https:\/\/www.padi.com\/es\/cursos-padi\/emergency-first-response-efr\">Emergency First Response Primary and Secondary Care<\/a>&nbsp;(RCP y Primeros Auxilios) dentro de los \u00faltimos 24 meses.<\/li><li>Una&nbsp;<a href=\"https:\/\/www.padi.com\/documents\/Spanish\/10063S_Medical_Questionnaire_120815_FF.pdf\" target=\"_blank\" rel=\"noreferrer noopener\">declaraci\u00f3n m\u00e9dica<\/a>&nbsp;firmada por un m\u00e9dico dentro de los \u00faltimos 12 meses.<\/li><li>Al menos 40 inmersiones registradas en el diario de buceo para empezar el curso y 60 inmersiones para conseguir la certificaci\u00f3n.<\/li><\/ul>\n\n\n\n<p>Ten en cuenta que las certificaciones equivalentes de otras organizaciones de entrenamiento de buceo pueden servir \u2013 pregunta a tu PADI Instructor.<\/p>\n\n\n\n<div class=\"wp-block-image\"><figure class=\"aligncenter size-large is-resized\"><img loading=\"lazy\" decoding=\"async\" src=\"http:\/\/buceogalatea.com\/buceo\/wp-content\/uploads\/2020\/04\/DIVE-MASTER.png\" alt=\"\" class=\"wp-image-1751\" width=\"548\" height=\"374\" srcset=\"https:\/\/buceogalatea.com\/buceo\/wp-content\/uploads\/2020\/04\/DIVE-MASTER.png 548w, https:\/\/buceogalatea.com\/buceo\/wp-content\/uploads\/2020\/04\/DIVE-MASTER-300x205.png 300w\" sizes=\"(max-width: 548px) 100vw, 548px\" \/><\/figure><\/div>\n\n\n\n<h3 class=\"wp-block-heading\">Acad\u00e9mico<\/h3>\n\n\n\n<p>El curso PADI Divemaster te ense\u00f1a a ser un l\u00edder y a hacerte cargo de las actividades de buceo. Mediante sesiones de desarrollo de conocimientos, ejercicios y seminarios de t\u00e9cnicas en el agua, y a trav\u00e9s de la evaluaci\u00f3n pr\u00e1ctica, desarrollar\u00e1s las capacidades para organizar y dirigir una variedad de actividades de buceo. Los temas y seminarios pr\u00e1cticos incluyen:<\/p>\n\n\n\n<ul><li>El papel y las caracter\u00edsticas del PADI Divemaster<\/li><li>Supervisar actividades de buceo y ayudar con alumnos de buceo<\/li><li>Seguridad del buceador y gesti\u00f3n del riesgo<\/li><li>Programas dirigidos por los Divemaster y t\u00e9cnicas especializadas<\/li><li>El negocio del buceo y tu carrera profesional<\/li><li>Concienciaci\u00f3n sobre el medio ambiente de buceo<\/li><li>Organizar y dirigir inmersiones<\/li><li>Realizar un mapa de un sitio de buceo de aguas abiertas<\/li><li>Realizar briefings de buceo<\/li><li>Organizar un proyecto de b\u00fasqueda y recuperaci\u00f3n y una inmersi\u00f3n profunda<\/li><li>Dirigir un scuba review y un curso de skin diver<\/li><li>Ayudar con programas de Discover Scuba Diving y guiar programas de Discover Local Diving<\/li><\/ul>\n\n\n\n<p>Tu instructor puede ofrecerte tambi\u00e9n los cursos de especialidad de buceo&nbsp;<a href=\"https:\/\/www.padi.com\/es\/cursos-padi\/deep-diver\">PADI Deep Diver<\/a>&nbsp;y&nbsp;<a href=\"https:\/\/www.padi.com\/es\/cursos-padi\/search-and-recovery-diver\">Search and Recovery Diver<\/a>&nbsp;junto con tu entrenamiento de divemaster para ayudarte a cumplir todos los requisitos y ampliar tus capacidades.<\/p>\n\n\n\n<p><br>Puedes&nbsp;<a href=\"https:\/\/www.padi.com\/es\/cursos-padi\/gana-cr-ditos-acad-micos-o-vocacionales-por-los-cursos-de-buceo-padi\">conseguir cr\u00e9ditos acad\u00e9micos<\/a>&nbsp;por el curso de Divemaster \u2013 pregunta a tu instructor.<\/p>\n\n\n\n<div class=\"wp-block-image\"><figure class=\"aligncenter size-large is-resized\"><img loading=\"lazy\" decoding=\"async\" src=\"http:\/\/buceogalatea.com\/buceo\/wp-content\/uploads\/2020\/04\/912XSBA57QL._AC_SX425_.jpg\" alt=\"\" class=\"wp-image-1752\" width=\"319\" height=\"317\" srcset=\"https:\/\/buceogalatea.com\/buceo\/wp-content\/uploads\/2020\/04\/912XSBA57QL._AC_SX425_.jpg 425w, https:\/\/buceogalatea.com\/buceo\/wp-content\/uploads\/2020\/04\/912XSBA57QL._AC_SX425_-300x298.jpg 300w, https:\/\/buceogalatea.com\/buceo\/wp-content\/uploads\/2020\/04\/912XSBA57QL._AC_SX425_-150x150.jpg 150w, https:\/\/buceogalatea.com\/buceo\/wp-content\/uploads\/2020\/04\/912XSBA57QL._AC_SX425_-230x230.jpg 230w\" sizes=\"(max-width: 319px) 100vw, 319px\" \/><\/figure><\/div>\n\n\n\n<h3 class=\"wp-block-heading\">Equipo<\/h3>\n\n\n\n<p>Como profesional del buceo, querr\u00e1s tener todo tu&nbsp;<a href=\"https:\/\/www.padi.com\/es\/cursos-padi\/sobre-el-equipo-de-buceo\">equipo b\u00e1sico de buceo<\/a>, incluyendo un&nbsp;<a href=\"https:\/\/www.padi.com\/es\/equipo\/ordenador-de-buceo\">ordenador de buceo<\/a>, un&nbsp;<a href=\"https:\/\/www.padi.com\/es\/equipo\/cuchillo-de-buceo\">cuchillo de buceo<\/a>, y al menos dos&nbsp;<a href=\"https:\/\/www.padi.com\/es\/equipo\/dispositivos-de-senalizacion\">dispositivos de se\u00f1alizaci\u00f3n en superficie<\/a>. Durante los ejercicios pr\u00e1cticos, como la realizaci\u00f3n de un mapa subacu\u00e1tico y la b\u00fasqueda y recuperaci\u00f3n, utilizar\u00e1s una br\u00fajula, flotadores, boyas de se\u00f1alizaci\u00f3n, globos elevadores y pizarras. Tu PADI Instructor puede sugerirte equipo adicional que te ser\u00e1 \u00fatil en toda tu carrera de buceo.<\/p>\n\n\n\n<div class=\"wp-block-image\"><figure class=\"aligncenter size-large is-resized\"><img loading=\"lazy\" decoding=\"async\" src=\"http:\/\/buceogalatea.com\/buceo\/wp-content\/uploads\/2020\/02\/PADI-Dive-Master.jpg\" alt=\"\" class=\"wp-image-622\" width=\"624\" height=\"397\" srcset=\"https:\/\/buceogalatea.com\/buceo\/wp-content\/uploads\/2020\/02\/PADI-Dive-Master.jpg 624w, https:\/\/buceogalatea.com\/buceo\/wp-content\/uploads\/2020\/02\/PADI-Dive-Master-300x191.jpg 300w\" sizes=\"(max-width: 624px) 100vw, 624px\" \/><\/figure><\/div>\n","protected":false},"excerpt":{"rendered":"<p>Descripci\u00f3n \u00bfTe gusta el buceo? \u00bfQuieres compartirlo con los dem\u00e1s a un nivel completamente nuevo? Haz el curso PADI Divemaster y haz lo que te gusta como carrera profesional. Los buceadores se fijan en los divemasters porque son l\u00edderes que<\/p>\n","protected":false},"author":1,"featured_media":0,"parent":0,"menu_order":0,"comment_status":"closed","ping_status":"closed","template":"","meta":{"footnotes":""},"_links":{"self":[{"href":"https:\/\/buceogalatea.com\/buceo\/wp-json\/wp\/v2\/pages\/620"}],"collection":[{"href":"https:\/\/buceogalatea.com\/buceo\/wp-json\/wp\/v2\/pages"}],"about":[{"href":"https:\/\/buceogalatea.com\/buceo\/wp-json\/wp\/v2\/types\/page"}],"author":[{"embeddable":true,"href":"https:\/\/buceogalatea.com\/buceo\/wp-json\/wp\/v2\/users\/1"}],"replies":[{"embeddable":true,"href":"https:\/\/buceogalatea.com\/buceo\/wp-json\/wp\/v2\/comments?post=620"}],"version-history":[{"count":3,"href":"https:\/\/buceogalatea.com\/buceo\/wp-json\/wp\/v2\/pages\/620\/revisions"}],"predecessor-version":[{"id":1753,"href":"https:\/\/buceogalatea.com\/buceo\/wp-json\/wp\/v2\/pages\/620\/revisions\/1753"}],"wp:attachment":[{"href":"https:\/\/buceogalatea.com\/buceo\/wp-json\/wp\/v2\/media?parent=620"}],"curies":[{"name":"wp","href":"https:\/\/api.w.org\/{rel}","templated":true}]}}