{"id":935,"date":"2020-04-22T13:06:45","date_gmt":"2020-04-22T13:06:45","guid":{"rendered":"http:\/\/buceogalatea.com\/buceo\/?page_id=935"},"modified":"2020-04-25T13:43:10","modified_gmt":"2020-04-25T13:43:10","slug":"belen-subacuatico-galatea-2019","status":"publish","type":"page","link":"https:\/\/buceogalatea.com\/buceo\/belen-subacuatico-galatea-2019\/","title":{"rendered":"BELEN SUBACUATICO GALATEA 2019"},"content":{"rendered":"\n<div class=\"wp-block-image\"><figure class=\"aligncenter size-large is-resized\"><img loading=\"lazy\" decoding=\"async\" src=\"http:\/\/buceogalatea.com\/buceo\/wp-content\/uploads\/2020\/04\/78616627_2602352876523488_5777340958605574144_o-1450x1031.jpg\" alt=\"\" class=\"wp-image-1215\" width=\"725\" height=\"516\" srcset=\"https:\/\/buceogalatea.com\/buceo\/wp-content\/uploads\/2020\/04\/78616627_2602352876523488_5777340958605574144_o-1450x1031.jpg 1450w, https:\/\/buceogalatea.com\/buceo\/wp-content\/uploads\/2020\/04\/78616627_2602352876523488_5777340958605574144_o-300x213.jpg 300w, https:\/\/buceogalatea.com\/buceo\/wp-content\/uploads\/2020\/04\/78616627_2602352876523488_5777340958605574144_o-768x546.jpg 768w, https:\/\/buceogalatea.com\/buceo\/wp-content\/uploads\/2020\/04\/78616627_2602352876523488_5777340958605574144_o-1536x1092.jpg 1536w, https:\/\/buceogalatea.com\/buceo\/wp-content\/uploads\/2020\/04\/78616627_2602352876523488_5777340958605574144_o.jpg 1894w\" sizes=\"(max-width: 725px) 100vw, 725px\" \/><\/figure><\/div>\n\n\n\n<h2 class=\"wp-block-heading\">Como en a\u00f1os anteriores el club de buceo Galatea de Suances organizo el popular Belen subacu\u00e1tico. <\/h2>\n\n\n\n<h2 class=\"wp-block-heading\">Como en a\u00f1os anteriores fue notable la afluencia de asistentes de todas las edades , amigos , familiares ,  algunos componentes del ayuntamiento de Suances . Siempre abierto a todo el mundo.<\/h2>\n\n\n\n<h2 class=\"wp-block-heading\">Iniciando el dia con el agrupamiento de todos los reyes y s\u00e9quitos , para despu\u00e9s proceder a embarcarse en el barco turistico de Suances . Un paseo en barco por la Ria , en este caso por el mal estado de la mar ese dia . Para despu\u00e9s proceder a sumergir el bel\u00e9n y el lanzamiento al agua tradicional de los reyes magos y su s\u00e9quito completo.<\/h2>\n\n\n\n<h2 class=\"wp-block-heading\">Una vez en tierra firme , se prepara una barbacoa para todos los asistentes y se sortean regalos a los asistentes .<\/h2>\n\n\n\n<h2 class=\"wp-block-heading\">Un evento muy divertido para toda la familia .<\/h2>\n\n\n\n<div style=\"height:100px\" aria-hidden=\"true\" class=\"wp-block-spacer\"><\/div>\n\n\n\n<h2 class=\"has-text-align-center wp-block-heading\"><strong>GALERIA DE FOTOS DEL BELEN SUBACUATICO DE 2019<\/strong><\/h2>\n\n\n\n<figure class=\"wp-block-gallery aligncenter columns-2 is-cropped wp-block-gallery-1 is-layout-flex wp-block-gallery-is-layout-flex\"><ul class=\"blocks-gallery-grid\"><li class=\"blocks-gallery-item\"><figure><a href=\"http:\/\/buceogalatea.com\/buceo\/wp-content\/uploads\/2020\/04\/1-2.jpg\"><img loading=\"lazy\" decoding=\"async\" width=\"1008\" height=\"756\" src=\"http:\/\/buceogalatea.com\/buceo\/wp-content\/uploads\/2020\/04\/1-2.jpg\" alt=\"\" data-id=\"936\" data-full-url=\"http:\/\/buceogalatea.com\/buceo\/wp-content\/uploads\/2020\/04\/1-2.jpg\" data-link=\"http:\/\/buceogalatea.com\/buceo\/?attachment_id=936\" class=\"wp-image-936\" srcset=\"https:\/\/buceogalatea.com\/buceo\/wp-content\/uploads\/2020\/04\/1-2.jpg 1008w, https:\/\/buceogalatea.com\/buceo\/wp-content\/uploads\/2020\/04\/1-2-300x225.jpg 300w, https:\/\/buceogalatea.com\/buceo\/wp-content\/uploads\/2020\/04\/1-2-768x576.jpg 768w\" sizes=\"(max-width: 1008px) 100vw, 1008px\" \/><\/a><\/figure><\/li><li class=\"blocks-gallery-item\"><figure><a href=\"http:\/\/buceogalatea.com\/buceo\/wp-content\/uploads\/2020\/04\/2-2.jpg\"><img loading=\"lazy\" decoding=\"async\" width=\"1008\" height=\"756\" src=\"http:\/\/buceogalatea.com\/buceo\/wp-content\/uploads\/2020\/04\/2-2.jpg\" alt=\"\" data-id=\"937\" data-full-url=\"http:\/\/buceogalatea.com\/buceo\/wp-content\/uploads\/2020\/04\/2-2.jpg\" data-link=\"http:\/\/buceogalatea.com\/buceo\/?attachment_id=937\" class=\"wp-image-937\" srcset=\"https:\/\/buceogalatea.com\/buceo\/wp-content\/uploads\/2020\/04\/2-2.jpg 1008w, https:\/\/buceogalatea.com\/buceo\/wp-content\/uploads\/2020\/04\/2-2-300x225.jpg 300w, https:\/\/buceogalatea.com\/buceo\/wp-content\/uploads\/2020\/04\/2-2-768x576.jpg 768w\" sizes=\"(max-width: 1008px) 100vw, 1008px\" \/><\/a><\/figure><\/li><li class=\"blocks-gallery-item\"><figure><a href=\"http:\/\/buceogalatea.com\/buceo\/wp-content\/uploads\/2020\/04\/3-2.jpg\"><img loading=\"lazy\" decoding=\"async\" width=\"1008\" height=\"756\" src=\"http:\/\/buceogalatea.com\/buceo\/wp-content\/uploads\/2020\/04\/3-2.jpg\" alt=\"\" data-id=\"938\" data-full-url=\"http:\/\/buceogalatea.com\/buceo\/wp-content\/uploads\/2020\/04\/3-2.jpg\" data-link=\"http:\/\/buceogalatea.com\/buceo\/?attachment_id=938\" class=\"wp-image-938\" srcset=\"https:\/\/buceogalatea.com\/buceo\/wp-content\/uploads\/2020\/04\/3-2.jpg 1008w, https:\/\/buceogalatea.com\/buceo\/wp-content\/uploads\/2020\/04\/3-2-300x225.jpg 300w, https:\/\/buceogalatea.com\/buceo\/wp-content\/uploads\/2020\/04\/3-2-768x576.jpg 768w\" sizes=\"(max-width: 1008px) 100vw, 1008px\" \/><\/a><\/figure><\/li><li class=\"blocks-gallery-item\"><figure><a href=\"http:\/\/buceogalatea.com\/buceo\/wp-content\/uploads\/2020\/04\/4-2.jpg\"><img loading=\"lazy\" decoding=\"async\" width=\"1008\" height=\"756\" src=\"http:\/\/buceogalatea.com\/buceo\/wp-content\/uploads\/2020\/04\/4-2.jpg\" alt=\"\" data-id=\"939\" data-full-url=\"http:\/\/buceogalatea.com\/buceo\/wp-content\/uploads\/2020\/04\/4-2.jpg\" data-link=\"http:\/\/buceogalatea.com\/buceo\/?attachment_id=939\" class=\"wp-image-939\" srcset=\"https:\/\/buceogalatea.com\/buceo\/wp-content\/uploads\/2020\/04\/4-2.jpg 1008w, https:\/\/buceogalatea.com\/buceo\/wp-content\/uploads\/2020\/04\/4-2-300x225.jpg 300w, https:\/\/buceogalatea.com\/buceo\/wp-content\/uploads\/2020\/04\/4-2-768x576.jpg 768w\" sizes=\"(max-width: 1008px) 100vw, 1008px\" \/><\/a><\/figure><\/li><li class=\"blocks-gallery-item\"><figure><a href=\"http:\/\/buceogalatea.com\/buceo\/wp-content\/uploads\/2020\/04\/5-2.jpg\"><img loading=\"lazy\" decoding=\"async\" width=\"1000\" height=\"750\" src=\"http:\/\/buceogalatea.com\/buceo\/wp-content\/uploads\/2020\/04\/5-2.jpg\" alt=\"\" data-id=\"940\" data-full-url=\"http:\/\/buceogalatea.com\/buceo\/wp-content\/uploads\/2020\/04\/5-2.jpg\" data-link=\"http:\/\/buceogalatea.com\/buceo\/?attachment_id=940\" class=\"wp-image-940\" srcset=\"https:\/\/buceogalatea.com\/buceo\/wp-content\/uploads\/2020\/04\/5-2.jpg 1000w, https:\/\/buceogalatea.com\/buceo\/wp-content\/uploads\/2020\/04\/5-2-300x225.jpg 300w, https:\/\/buceogalatea.com\/buceo\/wp-content\/uploads\/2020\/04\/5-2-768x576.jpg 768w\" sizes=\"(max-width: 1000px) 100vw, 1000px\" \/><\/a><\/figure><\/li><li class=\"blocks-gallery-item\"><figure><a href=\"http:\/\/buceogalatea.com\/buceo\/wp-content\/uploads\/2020\/04\/6-2.jpg\"><img loading=\"lazy\" decoding=\"async\" width=\"1000\" height=\"750\" src=\"http:\/\/buceogalatea.com\/buceo\/wp-content\/uploads\/2020\/04\/6-2.jpg\" alt=\"\" data-id=\"941\" data-full-url=\"http:\/\/buceogalatea.com\/buceo\/wp-content\/uploads\/2020\/04\/6-2.jpg\" data-link=\"http:\/\/buceogalatea.com\/buceo\/?attachment_id=941\" class=\"wp-image-941\" srcset=\"https:\/\/buceogalatea.com\/buceo\/wp-content\/uploads\/2020\/04\/6-2.jpg 1000w, https:\/\/buceogalatea.com\/buceo\/wp-content\/uploads\/2020\/04\/6-2-300x225.jpg 300w, https:\/\/buceogalatea.com\/buceo\/wp-content\/uploads\/2020\/04\/6-2-768x576.jpg 768w\" sizes=\"(max-width: 1000px) 100vw, 1000px\" \/><\/a><\/figure><\/li><li class=\"blocks-gallery-item\"><figure><a href=\"http:\/\/buceogalatea.com\/buceo\/wp-content\/uploads\/2020\/04\/7-2.jpg\"><img loading=\"lazy\" decoding=\"async\" width=\"1008\" height=\"756\" src=\"http:\/\/buceogalatea.com\/buceo\/wp-content\/uploads\/2020\/04\/7-2.jpg\" alt=\"\" data-id=\"942\" data-full-url=\"http:\/\/buceogalatea.com\/buceo\/wp-content\/uploads\/2020\/04\/7-2.jpg\" data-link=\"http:\/\/buceogalatea.com\/buceo\/?attachment_id=942\" class=\"wp-image-942\" srcset=\"https:\/\/buceogalatea.com\/buceo\/wp-content\/uploads\/2020\/04\/7-2.jpg 1008w, https:\/\/buceogalatea.com\/buceo\/wp-content\/uploads\/2020\/04\/7-2-300x225.jpg 300w, https:\/\/buceogalatea.com\/buceo\/wp-content\/uploads\/2020\/04\/7-2-768x576.jpg 768w\" sizes=\"(max-width: 1008px) 100vw, 1008px\" \/><\/a><\/figure><\/li><li class=\"blocks-gallery-item\"><figure><a href=\"http:\/\/buceogalatea.com\/buceo\/wp-content\/uploads\/2020\/04\/8-1.jpg\"><img loading=\"lazy\" decoding=\"async\" width=\"1008\" height=\"756\" src=\"http:\/\/buceogalatea.com\/buceo\/wp-content\/uploads\/2020\/04\/8-1.jpg\" alt=\"\" data-id=\"943\" data-full-url=\"http:\/\/buceogalatea.com\/buceo\/wp-content\/uploads\/2020\/04\/8-1.jpg\" data-link=\"http:\/\/buceogalatea.com\/buceo\/?attachment_id=943\" class=\"wp-image-943\" srcset=\"https:\/\/buceogalatea.com\/buceo\/wp-content\/uploads\/2020\/04\/8-1.jpg 1008w, https:\/\/buceogalatea.com\/buceo\/wp-content\/uploads\/2020\/04\/8-1-300x225.jpg 300w, https:\/\/buceogalatea.com\/buceo\/wp-content\/uploads\/2020\/04\/8-1-768x576.jpg 768w\" sizes=\"(max-width: 1008px) 100vw, 1008px\" \/><\/a><\/figure><\/li><li class=\"blocks-gallery-item\"><figure><a href=\"http:\/\/buceogalatea.com\/buceo\/wp-content\/uploads\/2020\/04\/9-1.jpg\"><img loading=\"lazy\" decoding=\"async\" width=\"1008\" height=\"756\" src=\"http:\/\/buceogalatea.com\/buceo\/wp-content\/uploads\/2020\/04\/9-1.jpg\" alt=\"\" data-id=\"944\" data-full-url=\"http:\/\/buceogalatea.com\/buceo\/wp-content\/uploads\/2020\/04\/9-1.jpg\" data-link=\"http:\/\/buceogalatea.com\/buceo\/?attachment_id=944\" class=\"wp-image-944\" srcset=\"https:\/\/buceogalatea.com\/buceo\/wp-content\/uploads\/2020\/04\/9-1.jpg 1008w, https:\/\/buceogalatea.com\/buceo\/wp-content\/uploads\/2020\/04\/9-1-300x225.jpg 300w, https:\/\/buceogalatea.com\/buceo\/wp-content\/uploads\/2020\/04\/9-1-768x576.jpg 768w\" sizes=\"(max-width: 1008px) 100vw, 1008px\" \/><\/a><\/figure><\/li><li class=\"blocks-gallery-item\"><figure><a href=\"http:\/\/buceogalatea.com\/buceo\/wp-content\/uploads\/2020\/04\/10-1.jpg\"><img loading=\"lazy\" decoding=\"async\" width=\"1008\" height=\"756\" src=\"http:\/\/buceogalatea.com\/buceo\/wp-content\/uploads\/2020\/04\/10-1.jpg\" alt=\"\" data-id=\"945\" data-full-url=\"http:\/\/buceogalatea.com\/buceo\/wp-content\/uploads\/2020\/04\/10-1.jpg\" data-link=\"http:\/\/buceogalatea.com\/buceo\/?attachment_id=945\" class=\"wp-image-945\" srcset=\"https:\/\/buceogalatea.com\/buceo\/wp-content\/uploads\/2020\/04\/10-1.jpg 1008w, https:\/\/buceogalatea.com\/buceo\/wp-content\/uploads\/2020\/04\/10-1-300x225.jpg 300w, https:\/\/buceogalatea.com\/buceo\/wp-content\/uploads\/2020\/04\/10-1-768x576.jpg 768w\" sizes=\"(max-width: 1008px) 100vw, 1008px\" \/><\/a><\/figure><\/li><li class=\"blocks-gallery-item\"><figure><a href=\"http:\/\/buceogalatea.com\/buceo\/wp-content\/uploads\/2020\/04\/11-2.jpg\"><img loading=\"lazy\" decoding=\"async\" width=\"1008\" height=\"756\" src=\"http:\/\/buceogalatea.com\/buceo\/wp-content\/uploads\/2020\/04\/11-2.jpg\" alt=\"\" data-id=\"946\" data-full-url=\"http:\/\/buceogalatea.com\/buceo\/wp-content\/uploads\/2020\/04\/11-2.jpg\" data-link=\"http:\/\/buceogalatea.com\/buceo\/?attachment_id=946\" class=\"wp-image-946\" srcset=\"https:\/\/buceogalatea.com\/buceo\/wp-content\/uploads\/2020\/04\/11-2.jpg 1008w, https:\/\/buceogalatea.com\/buceo\/wp-content\/uploads\/2020\/04\/11-2-300x225.jpg 300w, https:\/\/buceogalatea.com\/buceo\/wp-content\/uploads\/2020\/04\/11-2-768x576.jpg 768w\" sizes=\"(max-width: 1008px) 100vw, 1008px\" \/><\/a><\/figure><\/li><li class=\"blocks-gallery-item\"><figure><a href=\"http:\/\/buceogalatea.com\/buceo\/wp-content\/uploads\/2020\/04\/13-2.jpg\"><img loading=\"lazy\" decoding=\"async\" width=\"1008\" height=\"756\" src=\"http:\/\/buceogalatea.com\/buceo\/wp-content\/uploads\/2020\/04\/13-2.jpg\" alt=\"\" data-id=\"947\" data-full-url=\"http:\/\/buceogalatea.com\/buceo\/wp-content\/uploads\/2020\/04\/13-2.jpg\" data-link=\"http:\/\/buceogalatea.com\/buceo\/?attachment_id=947\" class=\"wp-image-947\" srcset=\"https:\/\/buceogalatea.com\/buceo\/wp-content\/uploads\/2020\/04\/13-2.jpg 1008w, https:\/\/buceogalatea.com\/buceo\/wp-content\/uploads\/2020\/04\/13-2-300x225.jpg 300w, https:\/\/buceogalatea.com\/buceo\/wp-content\/uploads\/2020\/04\/13-2-768x576.jpg 768w\" sizes=\"(max-width: 1008px) 100vw, 1008px\" \/><\/a><\/figure><\/li><li class=\"blocks-gallery-item\"><figure><a href=\"http:\/\/buceogalatea.com\/buceo\/wp-content\/uploads\/2020\/04\/14-1.jpg\"><img loading=\"lazy\" decoding=\"async\" width=\"1008\" height=\"756\" src=\"http:\/\/buceogalatea.com\/buceo\/wp-content\/uploads\/2020\/04\/14-1.jpg\" alt=\"\" data-id=\"948\" data-full-url=\"http:\/\/buceogalatea.com\/buceo\/wp-content\/uploads\/2020\/04\/14-1.jpg\" data-link=\"http:\/\/buceogalatea.com\/buceo\/?attachment_id=948\" class=\"wp-image-948\" srcset=\"https:\/\/buceogalatea.com\/buceo\/wp-content\/uploads\/2020\/04\/14-1.jpg 1008w, https:\/\/buceogalatea.com\/buceo\/wp-content\/uploads\/2020\/04\/14-1-300x225.jpg 300w, https:\/\/buceogalatea.com\/buceo\/wp-content\/uploads\/2020\/04\/14-1-768x576.jpg 768w\" sizes=\"(max-width: 1008px) 100vw, 1008px\" \/><\/a><\/figure><\/li><li class=\"blocks-gallery-item\"><figure><a href=\"http:\/\/buceogalatea.com\/buceo\/wp-content\/uploads\/2020\/04\/15-1.jpg\"><img loading=\"lazy\" decoding=\"async\" width=\"1008\" height=\"756\" src=\"http:\/\/buceogalatea.com\/buceo\/wp-content\/uploads\/2020\/04\/15-1.jpg\" alt=\"\" data-id=\"949\" data-full-url=\"http:\/\/buceogalatea.com\/buceo\/wp-content\/uploads\/2020\/04\/15-1.jpg\" data-link=\"http:\/\/buceogalatea.com\/buceo\/?attachment_id=949\" class=\"wp-image-949\" srcset=\"https:\/\/buceogalatea.com\/buceo\/wp-content\/uploads\/2020\/04\/15-1.jpg 1008w, https:\/\/buceogalatea.com\/buceo\/wp-content\/uploads\/2020\/04\/15-1-300x225.jpg 300w, https:\/\/buceogalatea.com\/buceo\/wp-content\/uploads\/2020\/04\/15-1-768x576.jpg 768w\" sizes=\"(max-width: 1008px) 100vw, 1008px\" \/><\/a><\/figure><\/li><li class=\"blocks-gallery-item\"><figure><a href=\"http:\/\/buceogalatea.com\/buceo\/wp-content\/uploads\/2020\/04\/16-1.jpg\"><img loading=\"lazy\" decoding=\"async\" width=\"1008\" height=\"756\" src=\"http:\/\/buceogalatea.com\/buceo\/wp-content\/uploads\/2020\/04\/16-1.jpg\" alt=\"\" data-id=\"950\" data-full-url=\"http:\/\/buceogalatea.com\/buceo\/wp-content\/uploads\/2020\/04\/16-1.jpg\" data-link=\"http:\/\/buceogalatea.com\/buceo\/?attachment_id=950\" class=\"wp-image-950\" srcset=\"https:\/\/buceogalatea.com\/buceo\/wp-content\/uploads\/2020\/04\/16-1.jpg 1008w, https:\/\/buceogalatea.com\/buceo\/wp-content\/uploads\/2020\/04\/16-1-300x225.jpg 300w, https:\/\/buceogalatea.com\/buceo\/wp-content\/uploads\/2020\/04\/16-1-768x576.jpg 768w\" sizes=\"(max-width: 1008px) 100vw, 1008px\" \/><\/a><\/figure><\/li><li class=\"blocks-gallery-item\"><figure><a href=\"http:\/\/buceogalatea.com\/buceo\/wp-content\/uploads\/2020\/04\/17-1.jpg\"><img loading=\"lazy\" decoding=\"async\" width=\"1008\" height=\"756\" src=\"http:\/\/buceogalatea.com\/buceo\/wp-content\/uploads\/2020\/04\/17-1.jpg\" alt=\"\" data-id=\"951\" data-full-url=\"http:\/\/buceogalatea.com\/buceo\/wp-content\/uploads\/2020\/04\/17-1.jpg\" data-link=\"http:\/\/buceogalatea.com\/buceo\/?attachment_id=951\" class=\"wp-image-951\" srcset=\"https:\/\/buceogalatea.com\/buceo\/wp-content\/uploads\/2020\/04\/17-1.jpg 1008w, https:\/\/buceogalatea.com\/buceo\/wp-content\/uploads\/2020\/04\/17-1-300x225.jpg 300w, https:\/\/buceogalatea.com\/buceo\/wp-content\/uploads\/2020\/04\/17-1-768x576.jpg 768w\" sizes=\"(max-width: 1008px) 100vw, 1008px\" \/><\/a><\/figure><\/li><li class=\"blocks-gallery-item\"><figure><a href=\"http:\/\/buceogalatea.com\/buceo\/wp-content\/uploads\/2020\/04\/18-1.jpg\"><img loading=\"lazy\" decoding=\"async\" width=\"1008\" height=\"756\" src=\"http:\/\/buceogalatea.com\/buceo\/wp-content\/uploads\/2020\/04\/18-1.jpg\" alt=\"\" data-id=\"952\" data-full-url=\"http:\/\/buceogalatea.com\/buceo\/wp-content\/uploads\/2020\/04\/18-1.jpg\" data-link=\"http:\/\/buceogalatea.com\/buceo\/?attachment_id=952\" class=\"wp-image-952\" srcset=\"https:\/\/buceogalatea.com\/buceo\/wp-content\/uploads\/2020\/04\/18-1.jpg 1008w, https:\/\/buceogalatea.com\/buceo\/wp-content\/uploads\/2020\/04\/18-1-300x225.jpg 300w, https:\/\/buceogalatea.com\/buceo\/wp-content\/uploads\/2020\/04\/18-1-768x576.jpg 768w\" sizes=\"(max-width: 1008px) 100vw, 1008px\" \/><\/a><\/figure><\/li><li class=\"blocks-gallery-item\"><figure><a href=\"http:\/\/buceogalatea.com\/buceo\/wp-content\/uploads\/2020\/04\/19-1.jpg\"><img loading=\"lazy\" decoding=\"async\" width=\"1008\" height=\"756\" src=\"http:\/\/buceogalatea.com\/buceo\/wp-content\/uploads\/2020\/04\/19-1.jpg\" alt=\"\" data-id=\"953\" data-full-url=\"http:\/\/buceogalatea.com\/buceo\/wp-content\/uploads\/2020\/04\/19-1.jpg\" data-link=\"http:\/\/buceogalatea.com\/buceo\/?attachment_id=953\" class=\"wp-image-953\" srcset=\"https:\/\/buceogalatea.com\/buceo\/wp-content\/uploads\/2020\/04\/19-1.jpg 1008w, https:\/\/buceogalatea.com\/buceo\/wp-content\/uploads\/2020\/04\/19-1-300x225.jpg 300w, https:\/\/buceogalatea.com\/buceo\/wp-content\/uploads\/2020\/04\/19-1-768x576.jpg 768w\" sizes=\"(max-width: 1008px) 100vw, 1008px\" \/><\/a><\/figure><\/li><li class=\"blocks-gallery-item\"><figure><a href=\"http:\/\/buceogalatea.com\/buceo\/wp-content\/uploads\/2020\/04\/20-1.jpg\"><img loading=\"lazy\" decoding=\"async\" width=\"1008\" height=\"756\" src=\"http:\/\/buceogalatea.com\/buceo\/wp-content\/uploads\/2020\/04\/20-1.jpg\" alt=\"\" data-id=\"954\" data-full-url=\"http:\/\/buceogalatea.com\/buceo\/wp-content\/uploads\/2020\/04\/20-1.jpg\" data-link=\"http:\/\/buceogalatea.com\/buceo\/?attachment_id=954\" class=\"wp-image-954\" srcset=\"https:\/\/buceogalatea.com\/buceo\/wp-content\/uploads\/2020\/04\/20-1.jpg 1008w, https:\/\/buceogalatea.com\/buceo\/wp-content\/uploads\/2020\/04\/20-1-300x225.jpg 300w, https:\/\/buceogalatea.com\/buceo\/wp-content\/uploads\/2020\/04\/20-1-768x576.jpg 768w\" sizes=\"(max-width: 1008px) 100vw, 1008px\" \/><\/a><\/figure><\/li><li class=\"blocks-gallery-item\"><figure><a href=\"http:\/\/buceogalatea.com\/buceo\/wp-content\/uploads\/2020\/04\/21-2.jpg\"><img loading=\"lazy\" decoding=\"async\" width=\"1008\" height=\"756\" src=\"http:\/\/buceogalatea.com\/buceo\/wp-content\/uploads\/2020\/04\/21-2.jpg\" alt=\"\" data-id=\"955\" data-full-url=\"http:\/\/buceogalatea.com\/buceo\/wp-content\/uploads\/2020\/04\/21-2.jpg\" data-link=\"http:\/\/buceogalatea.com\/buceo\/?attachment_id=955\" class=\"wp-image-955\" srcset=\"https:\/\/buceogalatea.com\/buceo\/wp-content\/uploads\/2020\/04\/21-2.jpg 1008w, https:\/\/buceogalatea.com\/buceo\/wp-content\/uploads\/2020\/04\/21-2-300x225.jpg 300w, https:\/\/buceogalatea.com\/buceo\/wp-content\/uploads\/2020\/04\/21-2-768x576.jpg 768w\" sizes=\"(max-width: 1008px) 100vw, 1008px\" \/><\/a><\/figure><\/li><li class=\"blocks-gallery-item\"><figure><a href=\"http:\/\/buceogalatea.com\/buceo\/wp-content\/uploads\/2020\/04\/22-2.jpg\"><img loading=\"lazy\" decoding=\"async\" width=\"1008\" height=\"756\" src=\"http:\/\/buceogalatea.com\/buceo\/wp-content\/uploads\/2020\/04\/22-2.jpg\" alt=\"\" data-id=\"956\" data-full-url=\"http:\/\/buceogalatea.com\/buceo\/wp-content\/uploads\/2020\/04\/22-2.jpg\" data-link=\"http:\/\/buceogalatea.com\/buceo\/?attachment_id=956\" class=\"wp-image-956\" srcset=\"https:\/\/buceogalatea.com\/buceo\/wp-content\/uploads\/2020\/04\/22-2.jpg 1008w, https:\/\/buceogalatea.com\/buceo\/wp-content\/uploads\/2020\/04\/22-2-300x225.jpg 300w, https:\/\/buceogalatea.com\/buceo\/wp-content\/uploads\/2020\/04\/22-2-768x576.jpg 768w\" sizes=\"(max-width: 1008px) 100vw, 1008px\" \/><\/a><\/figure><\/li><li class=\"blocks-gallery-item\"><figure><a href=\"http:\/\/buceogalatea.com\/buceo\/wp-content\/uploads\/2020\/04\/23-2.jpg\"><img loading=\"lazy\" decoding=\"async\" width=\"1008\" height=\"756\" src=\"http:\/\/buceogalatea.com\/buceo\/wp-content\/uploads\/2020\/04\/23-2.jpg\" alt=\"\" data-id=\"957\" data-full-url=\"http:\/\/buceogalatea.com\/buceo\/wp-content\/uploads\/2020\/04\/23-2.jpg\" data-link=\"http:\/\/buceogalatea.com\/buceo\/?attachment_id=957\" class=\"wp-image-957\" srcset=\"https:\/\/buceogalatea.com\/buceo\/wp-content\/uploads\/2020\/04\/23-2.jpg 1008w, https:\/\/buceogalatea.com\/buceo\/wp-content\/uploads\/2020\/04\/23-2-300x225.jpg 300w, https:\/\/buceogalatea.com\/buceo\/wp-content\/uploads\/2020\/04\/23-2-768x576.jpg 768w\" sizes=\"(max-width: 1008px) 100vw, 1008px\" \/><\/a><\/figure><\/li><li class=\"blocks-gallery-item\"><figure><a href=\"http:\/\/buceogalatea.com\/buceo\/wp-content\/uploads\/2020\/04\/24.jpg\"><img loading=\"lazy\" decoding=\"async\" width=\"1008\" height=\"756\" src=\"http:\/\/buceogalatea.com\/buceo\/wp-content\/uploads\/2020\/04\/24.jpg\" alt=\"\" data-id=\"958\" data-full-url=\"http:\/\/buceogalatea.com\/buceo\/wp-content\/uploads\/2020\/04\/24.jpg\" data-link=\"http:\/\/buceogalatea.com\/buceo\/?attachment_id=958\" class=\"wp-image-958\" srcset=\"https:\/\/buceogalatea.com\/buceo\/wp-content\/uploads\/2020\/04\/24.jpg 1008w, https:\/\/buceogalatea.com\/buceo\/wp-content\/uploads\/2020\/04\/24-300x225.jpg 300w, https:\/\/buceogalatea.com\/buceo\/wp-content\/uploads\/2020\/04\/24-768x576.jpg 768w\" sizes=\"(max-width: 1008px) 100vw, 1008px\" \/><\/a><\/figure><\/li><li class=\"blocks-gallery-item\"><figure><a href=\"http:\/\/buceogalatea.com\/buceo\/wp-content\/uploads\/2020\/04\/25.jpg\"><img loading=\"lazy\" decoding=\"async\" width=\"1000\" height=\"750\" src=\"http:\/\/buceogalatea.com\/buceo\/wp-content\/uploads\/2020\/04\/25.jpg\" alt=\"\" data-id=\"959\" data-full-url=\"http:\/\/buceogalatea.com\/buceo\/wp-content\/uploads\/2020\/04\/25.jpg\" data-link=\"http:\/\/buceogalatea.com\/buceo\/?attachment_id=959\" class=\"wp-image-959\" srcset=\"https:\/\/buceogalatea.com\/buceo\/wp-content\/uploads\/2020\/04\/25.jpg 1000w, https:\/\/buceogalatea.com\/buceo\/wp-content\/uploads\/2020\/04\/25-300x225.jpg 300w, https:\/\/buceogalatea.com\/buceo\/wp-content\/uploads\/2020\/04\/25-768x576.jpg 768w\" sizes=\"(max-width: 1000px) 100vw, 1000px\" \/><\/a><\/figure><\/li><li class=\"blocks-gallery-item\"><figure><a href=\"http:\/\/buceogalatea.com\/buceo\/wp-content\/uploads\/2020\/04\/26.jpg\"><img loading=\"lazy\" decoding=\"async\" width=\"1000\" height=\"750\" src=\"http:\/\/buceogalatea.com\/buceo\/wp-content\/uploads\/2020\/04\/26.jpg\" alt=\"\" data-id=\"960\" data-full-url=\"http:\/\/buceogalatea.com\/buceo\/wp-content\/uploads\/2020\/04\/26.jpg\" data-link=\"http:\/\/buceogalatea.com\/buceo\/?attachment_id=960\" class=\"wp-image-960\" srcset=\"https:\/\/buceogalatea.com\/buceo\/wp-content\/uploads\/2020\/04\/26.jpg 1000w, https:\/\/buceogalatea.com\/buceo\/wp-content\/uploads\/2020\/04\/26-300x225.jpg 300w, https:\/\/buceogalatea.com\/buceo\/wp-content\/uploads\/2020\/04\/26-768x576.jpg 768w\" sizes=\"(max-width: 1000px) 100vw, 1000px\" \/><\/a><\/figure><\/li><\/ul><\/figure>\n\n\n\n<div style=\"height:100px\" aria-hidden=\"true\" class=\"wp-block-spacer\"><\/div>\n\n\n\n<h2 class=\"has-text-align-center wp-block-heading\"><strong>VIDEO RESUMEN DEL BELEN SUBACUATICO DE 2018<\/strong><\/h2>\n\n\n\n<figure class=\"wp-block-embed-youtube wp-block-embed is-type-video is-provider-youtube wp-embed-aspect-16-9 wp-has-aspect-ratio\"><div class=\"wp-block-embed__wrapper\">\n<iframe loading=\"lazy\" title=\"BELEN SUBACUATICO GALATEA 2018\" width=\"750\" height=\"422\" src=\"https:\/\/www.youtube.com\/embed\/6DCJlZyC5hs?feature=oembed\" frameborder=\"0\" allow=\"accelerometer; autoplay; encrypted-media; gyroscope; picture-in-picture\" allowfullscreen><\/iframe>\n<\/div><\/figure>\n","protected":false},"excerpt":{"rendered":"<p>Como en a\u00f1os anteriores el club de buceo Galatea de Suances organizo el popular Belen subacu\u00e1tico. Como en a\u00f1os anteriores fue notable la afluencia de asistentes de todas las edades , amigos , familiares , algunos componentes del ayuntamiento de<\/p>\n","protected":false},"author":1,"featured_media":0,"parent":0,"menu_order":0,"comment_status":"closed","ping_status":"closed","template":"","meta":{"footnotes":""},"_links":{"self":[{"href":"https:\/\/buceogalatea.com\/buceo\/wp-json\/wp\/v2\/pages\/935"}],"collection":[{"href":"https:\/\/buceogalatea.com\/buceo\/wp-json\/wp\/v2\/pages"}],"about":[{"href":"https:\/\/buceogalatea.com\/buceo\/wp-json\/wp\/v2\/types\/page"}],"author":[{"embeddable":true,"href":"https:\/\/buceogalatea.com\/buceo\/wp-json\/wp\/v2\/users\/1"}],"replies":[{"embeddable":true,"href":"https:\/\/buceogalatea.com\/buceo\/wp-json\/wp\/v2\/comments?post=935"}],"version-history":[{"count":4,"href":"https:\/\/buceogalatea.com\/buceo\/wp-json\/wp\/v2\/pages\/935\/revisions"}],"predecessor-version":[{"id":1417,"href":"https:\/\/buceogalatea.com\/buceo\/wp-json\/wp\/v2\/pages\/935\/revisions\/1417"}],"wp:attachment":[{"href":"https:\/\/buceogalatea.com\/buceo\/wp-json\/wp\/v2\/media?parent=935"}],"curies":[{"name":"wp","href":"https:\/\/api.w.org\/{rel}","templated":true}]}}